{"id":40737,"date":"2025-05-14T11:58:37","date_gmt":"2025-05-14T09:58:37","guid":{"rendered":"https:\/\/arena-ticket.com\/?p=40737&#038;post_type=product&#038;preview_id=40737"},"modified":"2025-05-14T17:35:11","modified_gmt":"2025-05-14T15:35:11","slug":"skillet-revolution-tour-leipzig-haus-auensee-08-06-2025-2000-uhr","status":"publish","type":"product","link":"https:\/\/arena-ticket.com\/en\/product\/skillet-revolution-tour-leipzig-haus-auensee-08-06-2025-2000-uhr\/","title":{"rendered":"SKILLET  - Revolution Tour"},"content":{"rendered":"<p>Skillet lauter, h\u00e4rter und rebellischer als je zuvor! Im Juni live in Leipzig.<\/p>\n<p>Nach fast drei Jahrzehnten, zw\u00f6lf Studioalben und unz\u00e4hligen gefeierten Live-Auftritten weltweit kommt Skillet nach Leipzig! Die US-Band ist bekannt f\u00fcr ihren einzigartigen Mix aus Hard Rock, Alternative Metal und Christian Rock. Mit ihrem aktuellen Album \u201eRevolution\u201c, dem ersten Independent-Release der Band, zeigen Skillet einmal mehr, dass sie sich musikalisch stetig weiterentwickeln und nichts an ihrer Intensit\u00e4t verloren haben. Schwere Gitarrenriffs, druckvolle Drums und mitrei\u00dfende Melodien, die oft Themen wie Glauben, pers\u00f6nliche K\u00e4mpfe und Resilienz behandeln.<\/p>\n<p>&nbsp;<\/p>\n<p><u>Altersbeschr\u00e4nkung:<\/u><\/p>\n<div>Children under 6 years of age are not permitted to attend the event. In all other respects, the provisions of the Youth Protection Act apply.<\/div>","protected":false},"excerpt":{"rendered":"<p>Neben ihren Auftritten bei Rock am Ring &amp; Rock im Park werden Skillet 2025 auch eine exklusive Deutschland-Show am 8. Juni in Leipzig spielen.<\/p>","protected":false},"featured_media":40739,"template":"","meta":{"_acf_changed":false,"inline_featured_image":false},"product_brand":[],"product_cat":[31,344,69,86,35,6732,21,58],"product_tag":[941,962,942,943,944,5585,5584,947,948],"class_list":{"0":"post-40737","1":"product","2":"type-product","3":"status-publish","4":"has-post-thumbnail","6":"product_cat-events","7":"product_cat-haus-auensee","8":"product_cat-konzert","9":"product_cat-leipzig","10":"product_cat-orte","11":"product_cat-rock-hard-rock","12":"product_cat-ticket","13":"product_cat-veranstaltung","14":"product_tag-events","15":"product_tag-haus-auensee","16":"product_tag-konzert","17":"product_tag-leipzig","18":"product_tag-orte","19":"product_tag-revolution-tour","20":"product_tag-skillet","21":"product_tag-ticket","22":"product_tag-veranstaltung","23":"product_shipping_class-nur_paketversand","24":"pa_discount-normalpreis","25":"pa_preiskategorie-stehplatz","27":"first","28":"instock","29":"taxable","30":"shipping-taxable","31":"purchasable","32":"product-type-variable","33":"has-default-attributes"},"group_of_quantity":0,"min_quantity":0,"max_quantity":"","exclude_order_quantity_value_rules":"no","exclude_category_quantity_rules":"no","combine_variations":"no","acf":[],"_links":{"self":[{"href":"https:\/\/arena-ticket.com\/en\/wp-json\/wp\/v2\/product\/40737","targetHints":{"allow":["GET"]}}],"collection":[{"href":"https:\/\/arena-ticket.com\/en\/wp-json\/wp\/v2\/product"}],"about":[{"href":"https:\/\/arena-ticket.com\/en\/wp-json\/wp\/v2\/types\/product"}],"wp:featuredmedia":[{"embeddable":true,"href":"https:\/\/arena-ticket.com\/en\/wp-json\/wp\/v2\/media\/40739"}],"wp:attachment":[{"href":"https:\/\/arena-ticket.com\/en\/wp-json\/wp\/v2\/media?parent=40737"}],"wp:term":[{"taxonomy":"product_brand","embeddable":true,"href":"https:\/\/arena-ticket.com\/en\/wp-json\/wp\/v2\/product_brand?post=40737"},{"taxonomy":"product_cat","embeddable":true,"href":"https:\/\/arena-ticket.com\/en\/wp-json\/wp\/v2\/product_cat?post=40737"},{"taxonomy":"product_tag","embeddable":true,"href":"https:\/\/arena-ticket.com\/en\/wp-json\/wp\/v2\/product_tag?post=40737"}],"curies":[{"name":"wp","href":"https:\/\/api.w.org\/{rel}","templated":true}]}}