{"id":40789,"date":"2025-05-14T17:34:46","date_gmt":"2025-05-14T15:34:46","guid":{"rendered":"https:\/\/arena-ticket.com\/?p=40789&#038;post_type=product&#038;preview_id=40789"},"modified":"2025-06-12T16:53:33","modified_gmt":"2025-06-12T14:53:33","slug":"stahlzeit-zeitlos-20-jubilaeumstour-leipzig-haus-auensee-12-12-2025-2000-uhr","status":"publish","type":"product","link":"https:\/\/arena-ticket.com\/en\/product\/stahlzeit-zeitlos-20-jubilaeumstour-leipzig-haus-auensee-12-12-2025-2000-uhr\/","title":{"rendered":"STAHLZEIT  - ZEITLOS 20 - Jubil\u00e4umstour"},"content":{"rendered":"<h2>STAHLZEIT - Die spektakul\u00e4rste RAMMSTEIN Tribute Show<\/h2>\n<p>&nbsp;<\/p>\n<p>RAMMSTEIN hat mit brachialem Sound, rauer Attit\u00fcde und dem Spiel mit dem Feuer ein weltweit einzigartiges Genre geschaffen. Die Shows sind explosive Inszenierungen und fulminante Gesamterlebnisse. RAMMSTEIN hat mit den aktuellen Stadion-Shows alle Rekorde gebrochen. Die Band ist aktueller denn je. Nun darf man sich durchaus die Frage stellen, ob sich solch ein gigantisches Konzept auch jenseits der Stadien umsetzen l\u00e4sst, ohne dass es zu einem RAMMSTEIN-Abklatsch auf kleiner Flamme verkommt. Die Antwort ist: STAHLZEIT kann das!<\/p>\n<p>STAHLZEIT zollt mit einer gigantischen neuen Show den Originalen Tribut und verneigt sich vor dem Kunstwerk RAMMSTEIN.\u00a0<a role=\"link\" href=\"https:\/\/www.facebook.com\/StahlzeitOfficial?__cft__[0]=AZUmScB71SjHiP7jQNjrLg8UbsOg0368DdiAsWZvKE0KiRlYlqRTkujKqG1alhT9Nmu9glyygBXfhBxRbzXHnJ-R_A_gpf9FOjjhynk0MOSl5_siAH9P3R8--CjdLHYHP7vcfPVDaukeDVw63nzcWM4s2Vc-onMkycuJiCYvFTHaRdDVqwBoBwdbWCmG2-c9ywE&amp;__tn__=-]K-R\" rel=\"nofollow noopener\" target=\"_blank\">Stahlzeit - Die Rammstein Tribute Show<\/a>\u00a0wird zu Recht als die Nummer 1 unter den Tribute Shows gehandelt. Mit enorm gro\u00dfem Aufwand kreiert STAHLZEIT seit fast 20 Jahren Shows der Superlative. Ein Team aus rund 30 Personen reist mit 2 Nightlinern und mehreren Trucks durch Europa. STAHLZEIT lebt und atmet im Takt des musikalischen Brachial-Herzschlags. Durch die Adern flie\u00dft der unstillbare Drang auf der B\u00fchne neue Dimensionen zu kreieren, die mit den Grenzen des Vorstellbaren kokettieren. Die Pyroshow wird so kompromisslos und spektakul\u00e4r umgesetzt, dass man bei STAHLZEIT die Hitze bis zu den entferntesten Pl\u00e4tzen sp\u00fcren kann. Schwei\u00df, Feuer und diese einzigartige Energie f\u00e4hrt den Besuchern w\u00e4hrend der rund zweieinhalbst\u00fcndigen Show durch Mark und Bein. Nirgendwo anders l\u00e4sst sich der Spirit von RAMMSTEIN so hautnah erleben.<\/p>\n<div>\n<div dir=\"auto\">STAHLZEIT. Wenn Hitze, Sound und Emotionen zu einer gewaltigen Einheit verschmelzen.<\/div>\n<\/div>\n","protected":false},"excerpt":{"rendered":"<p>Secure your tickets!<\/p>","protected":false},"featured_media":40791,"template":"","meta":{"_acf_changed":false,"inline_featured_image":false},"product_brand":[],"product_cat":[31,344,69,86,6736,35,21,58],"product_tag":[941,962,942,943,944,1587,947,948,4750],"class_list":{"0":"post-40789","1":"product","2":"type-product","3":"status-publish","4":"has-post-thumbnail","6":"product_cat-events","7":"product_cat-haus-auensee","8":"product_cat-konzert","9":"product_cat-leipzig","10":"product_cat-metal-metalcore","11":"product_cat-orte","12":"product_cat-ticket","13":"product_cat-veranstaltung","14":"product_tag-events","15":"product_tag-haus-auensee","16":"product_tag-konzert","17":"product_tag-leipzig","18":"product_tag-orte","19":"product_tag-stahlzeit","20":"product_tag-ticket","21":"product_tag-veranstaltung","22":"product_tag-zeitlos-20-jubilaeumstour","23":"product_shipping_class-nur_paketversand","24":"pa_discount-normalpreis","25":"pa_preiskategorie-stehplatz","27":"first","28":"instock","29":"taxable","30":"shipping-taxable","31":"purchasable","32":"product-type-variable","33":"has-default-attributes"},"group_of_quantity":0,"min_quantity":0,"max_quantity":"","exclude_order_quantity_value_rules":"no","exclude_category_quantity_rules":"no","combine_variations":"no","acf":[],"_links":{"self":[{"href":"https:\/\/arena-ticket.com\/en\/wp-json\/wp\/v2\/product\/40789","targetHints":{"allow":["GET"]}}],"collection":[{"href":"https:\/\/arena-ticket.com\/en\/wp-json\/wp\/v2\/product"}],"about":[{"href":"https:\/\/arena-ticket.com\/en\/wp-json\/wp\/v2\/types\/product"}],"wp:featuredmedia":[{"embeddable":true,"href":"https:\/\/arena-ticket.com\/en\/wp-json\/wp\/v2\/media\/40791"}],"wp:attachment":[{"href":"https:\/\/arena-ticket.com\/en\/wp-json\/wp\/v2\/media?parent=40789"}],"wp:term":[{"taxonomy":"product_brand","embeddable":true,"href":"https:\/\/arena-ticket.com\/en\/wp-json\/wp\/v2\/product_brand?post=40789"},{"taxonomy":"product_cat","embeddable":true,"href":"https:\/\/arena-ticket.com\/en\/wp-json\/wp\/v2\/product_cat?post=40789"},{"taxonomy":"product_tag","embeddable":true,"href":"https:\/\/arena-ticket.com\/en\/wp-json\/wp\/v2\/product_tag?post=40789"}],"curies":[{"name":"wp","href":"https:\/\/api.w.org\/{rel}","templated":true}]}}