{"id":40792,"date":"2025-05-14T18:27:23","date_gmt":"2025-05-14T16:27:23","guid":{"rendered":"https:\/\/arena-ticket.com\/?p=40792&#038;post_type=product&#038;preview_id=40792"},"modified":"2025-09-26T12:09:33","modified_gmt":"2025-09-26T10:09:33","slug":"three-days-grace-tour-2025-leipzig-haus-auensee-17-11-2025-2000-uhr","status":"publish","type":"product","link":"https:\/\/arena-ticket.com\/en\/product\/three-days-grace-tour-2025-leipzig-haus-auensee-17-11-2025-2000-uhr\/","title":{"rendered":"Three Days Grace  - Tour 2025"},"content":{"rendered":"<p>Seit 2003 haben sich Three Days Grace den Platz an der Spitze des Hard Rocks erobert, brechen Rekorde, st\u00fcrmen die Charts, verkaufen weltweit Millionen von Alben und geh\u00f6ren zu den meistgeh\u00f6rten Rockbands der Welt.<\/p>\n<p>Im November und Dezember geht es gemeinsam mit Special Guest Badflower auf Headliner-Tour durch Europa und UK mit f\u00fcnf ausgew\u00e4hlten Shows in Deutschland.<\/p>\n<p>\u00dcber Three Days Grace: Three Days Grace schaffen es mit ihrer Musik die verschiedenen Ebben und Fluten aus dem Leben mit ihrer Musik einzufangen und dabei immer die richtigen Emotionen zu vertonen - Eine perfekte Balance zwischen Rock-Hymnen und Balladen. Im Laufe der Zeit hat das Multi-Platin-Quartett aus dem kanadischen Ontario Milliarden von Streams und Millionen von Albumverk\u00e4ufen generiert, Arenen auf mehreren Kontinenten ausverkauft und beispiellose H\u00f6hen erreicht mit unglaublichen 19 #1-Platzierungen in den Mediabase Active Rock Charts. Nach \u201eOutsider\u201c aus dem Jahr 2018 wurden sie bei den iHeartRadio Music Awards als \u201eRock Artist of the Year\u201c und bei den SOCAN Awards als \u201eRock Songwriter of the Year\u201c f\u00fcr die Single \u201eThe Mountain\u201c ausgezeichnet. Das Album wurde bei den Juno Awards 2019 als \u201eAlbum des Jahres\u201c und \u201eRockalbum des Jahres\u201c nominiert. Drei Jahre zuvor enthielt \u201eHuman\u201c aus dem Jahr 2015 Gold f\u00fcr \u201eI Am Machine\u201c und \u201ePainkiller\u201c. Sie wurden weltweit mit Dutzenden Gold- und Platin-Auszeichnungen geehrt, darunter das Doppel-Platin Three Days Grace (2003), das Dreifach-Platin One-X (2006), das Gold-ausgezeichnete Life Starts Now (2009), das epische Transit of Venus (2012) und Explosions (2022). Als \u201eeine der meistgestreamten Rockbands der Welt\u201c erreichen sie auf Spotify \u00fcber 145 Millionen monatliche H\u00f6rer. Ihre unausweichliche Pr\u00e4senz spiegelt sich in ihrem Auftritt auf dem von Travis Scott kuratierten NBA2K19-Soundtrack wider w\u00e4hrend Jeris Johnson ein virales Cover von \u201eNever Too Late\u201c lieferte und die verstorbenen Lil Peep und Lil Tracy \u201eThe Real You\u201c sampelten.<\/p>","protected":false},"excerpt":{"rendered":"<p>Secure your tickets!<\/p>","protected":false},"featured_media":50112,"template":"","meta":{"_acf_changed":false,"inline_featured_image":false},"product_brand":[],"product_cat":[31,344,69,86,35,6732,21,58],"product_tag":[941,962,942,943,944,5596,947,2981,948],"class_list":{"0":"post-40792","1":"product","2":"type-product","3":"status-publish","4":"has-post-thumbnail","6":"product_cat-events","7":"product_cat-haus-auensee","8":"product_cat-konzert","9":"product_cat-leipzig","10":"product_cat-orte","11":"product_cat-rock-hard-rock","12":"product_cat-ticket","13":"product_cat-veranstaltung","14":"product_tag-events","15":"product_tag-haus-auensee","16":"product_tag-konzert","17":"product_tag-leipzig","18":"product_tag-orte","19":"product_tag-three-days-grace","20":"product_tag-ticket","21":"product_tag-tour-2025","22":"product_tag-veranstaltung","23":"product_shipping_class-nur_paketversand","24":"pa_discount-normalpreis","25":"pa_preiskategorie-stehplatz","27":"first","28":"outofstock","29":"taxable","30":"shipping-taxable","31":"purchasable","32":"product-type-variable","33":"has-default-attributes"},"group_of_quantity":0,"min_quantity":0,"max_quantity":"","exclude_order_quantity_value_rules":"no","exclude_category_quantity_rules":"no","combine_variations":"no","acf":[],"_links":{"self":[{"href":"https:\/\/arena-ticket.com\/en\/wp-json\/wp\/v2\/product\/40792","targetHints":{"allow":["GET"]}}],"collection":[{"href":"https:\/\/arena-ticket.com\/en\/wp-json\/wp\/v2\/product"}],"about":[{"href":"https:\/\/arena-ticket.com\/en\/wp-json\/wp\/v2\/types\/product"}],"wp:featuredmedia":[{"embeddable":true,"href":"https:\/\/arena-ticket.com\/en\/wp-json\/wp\/v2\/media\/50112"}],"wp:attachment":[{"href":"https:\/\/arena-ticket.com\/en\/wp-json\/wp\/v2\/media?parent=40792"}],"wp:term":[{"taxonomy":"product_brand","embeddable":true,"href":"https:\/\/arena-ticket.com\/en\/wp-json\/wp\/v2\/product_brand?post=40792"},{"taxonomy":"product_cat","embeddable":true,"href":"https:\/\/arena-ticket.com\/en\/wp-json\/wp\/v2\/product_cat?post=40792"},{"taxonomy":"product_tag","embeddable":true,"href":"https:\/\/arena-ticket.com\/en\/wp-json\/wp\/v2\/product_tag?post=40792"}],"curies":[{"name":"wp","href":"https:\/\/api.w.org\/{rel}","templated":true}]}}