{"id":40874,"date":"2025-05-15T10:25:30","date_gmt":"2025-05-15T08:25:30","guid":{"rendered":"https:\/\/arena-ticket.com\/?p=40874&#038;post_type=product&#038;preview_id=40874"},"modified":"2026-01-22T13:09:23","modified_gmt":"2026-01-22T12:09:23","slug":"uwe-steimle-nu-steintor-variete-halle-saale-10-05-2026-1800-uhr","status":"publish","type":"product","link":"https:\/\/arena-ticket.com\/en\/product\/uwe-steimle-nu-steintor-variete-halle-saale-10-05-2026-1800-uhr\/","title":{"rendered":"Uwe Steimle - Nu!"},"content":{"rendered":"<div class=\"c-compact-info__event-text\">Eine Bildung, an der das Herz nicht beteiligt ist, ist keine. Passen wir mal auf, demn\u00e4chst erwartet uns nach der gro\u00dfen Rechtschreibreform - die \u201eBILD-DUNG\u201c. Und dahinter steckt System, denn nur Dumme kann man richtig ausbeuten. \u201cNU!\u201d hei\u00dft das neue Programm, in dem der Volksschauspieler &amp; Kabarettist fordert: Die Sprache der Deutschen sei Deutsch - Artikel 1 im Grundgesetz! Und so nimmt Uwe Steimle die Zuschauer mit durch seinen Bildungsweg. Dieser f\u00fchrt von Struppi, \u00fcber den Zauberlehrling bis hin zu den kleinen und noch gr\u00f6\u00dferen Ausblicken auf die deutsche Politik. Wie sagte j\u00fcngst Markus S\u00f6der: \u201eNach der Flut, ist vor der D\u00fcrre\u201c. Mittlerweile kann man in Deutschland Kabinett ja nicht mehr unterscheiden von Kabarett. So wirbt die CDU im Wahljahr 2025: \u201eWir denken vorher nach.\u201c Steimle denkt nach wie vor. Die Br\u00fccke in Dresden ist nicht eingest\u00fcrzt. Sie ging nur zu Boden. Wie wir wurden was wir werden, werden. Mehr \u201eW\u201c geht nicht. Mit seiner lakonischen Art und seiner feinen Ironie hat er sich Uwe Steimle ein treues Publikum erobert. Lassen wir uns wieder gefangen nehmen vom Zauberer von Ost, der es wie kaum ein anderer schafft, scharfz\u00fcngig und zugleich charmant den Finger in die zahlreichen west\u00f6stlichen Wunden zu legen. Neue liebenswerte und skurrile Geschichten von Uwe Steimle \u2013 immer getragen vom Bem\u00fchen Br\u00fccken zu bauen..<\/div>\n<div class=\"c-compact-info__venue-info\">\n<div class=\"c-venue-info\"><\/div>\n<\/div>","protected":false},"excerpt":{"rendered":"<p>Don&#039;t miss it!<\/p>","protected":false},"featured_media":64051,"template":"","meta":{"_acf_changed":false,"inline_featured_image":false},"product_brand":[],"product_cat":[6725,31,102,95,35,496,21,58],"product_tag":[954,941,999,6774,5597,944,2788,947,3075,948],"class_list":{"0":"post-40874","1":"product","2":"type-product","3":"status-publish","4":"has-post-thumbnail","6":"product_cat-comedy","7":"product_cat-events","8":"product_cat-halle","9":"product_cat-humor","10":"product_cat-orte","11":"product_cat-steintor-variete","12":"product_cat-ticket","13":"product_cat-veranstaltung","14":"product_tag-comedy","15":"product_tag-events","16":"product_tag-halle","17":"product_tag-humor","18":"product_tag-nu","19":"product_tag-orte","20":"product_tag-steintor-variete","21":"product_tag-ticket","22":"product_tag-uwe-steimle","23":"product_tag-veranstaltung","24":"product_shipping_class-nur_paketversand","25":"pa_discount-ermaessigt","26":"pa_discount-normalpreis","27":"pa_preiskategorie-pk-i","28":"pa_preiskategorie-pk-ii","29":"pa_preiskategorie-pk-iii","30":"pa_preiskategorie-pk-iv","32":"first","33":"outofstock","34":"taxable","35":"shipping-taxable","36":"purchasable","37":"product-type-variable","38":"has-default-attributes"},"group_of_quantity":0,"min_quantity":0,"max_quantity":"","exclude_order_quantity_value_rules":"no","exclude_category_quantity_rules":"no","combine_variations":"no","acf":[],"_links":{"self":[{"href":"https:\/\/arena-ticket.com\/en\/wp-json\/wp\/v2\/product\/40874","targetHints":{"allow":["GET"]}}],"collection":[{"href":"https:\/\/arena-ticket.com\/en\/wp-json\/wp\/v2\/product"}],"about":[{"href":"https:\/\/arena-ticket.com\/en\/wp-json\/wp\/v2\/types\/product"}],"wp:featuredmedia":[{"embeddable":true,"href":"https:\/\/arena-ticket.com\/en\/wp-json\/wp\/v2\/media\/64051"}],"wp:attachment":[{"href":"https:\/\/arena-ticket.com\/en\/wp-json\/wp\/v2\/media?parent=40874"}],"wp:term":[{"taxonomy":"product_brand","embeddable":true,"href":"https:\/\/arena-ticket.com\/en\/wp-json\/wp\/v2\/product_brand?post=40874"},{"taxonomy":"product_cat","embeddable":true,"href":"https:\/\/arena-ticket.com\/en\/wp-json\/wp\/v2\/product_cat?post=40874"},{"taxonomy":"product_tag","embeddable":true,"href":"https:\/\/arena-ticket.com\/en\/wp-json\/wp\/v2\/product_tag?post=40874"}],"curies":[{"name":"wp","href":"https:\/\/api.w.org\/{rel}","templated":true}]}}