{"id":40882,"date":"2025-05-15T10:46:31","date_gmt":"2025-05-15T08:46:31","guid":{"rendered":"https:\/\/arena-ticket.com\/?p=40882&#038;post_type=product&#038;preview_id=40882"},"modified":"2026-01-28T14:48:36","modified_gmt":"2026-01-28T13:48:36","slug":"jimmy-kelly-the-street-orchestra-celebrate-a-kelly-christmas-haus-auensee-leipzig-05-12-2026-2000-uhr","status":"publish","type":"product","link":"https:\/\/arena-ticket.com\/en\/product\/jimmy-kelly-the-street-orchestra-celebrate-a-kelly-christmas-haus-auensee-leipzig-05-12-2026-2000-uhr\/","title":{"rendered":"JIMMY KELLY &amp; THE STREET ORCHESTRA  - CELEBRATE A KELLY CHRISTMAS!"},"content":{"rendered":"<div>\u201aWir feiern das Leben - wir feiern Weihnachten!\u2018<\/div>\n<div>Mit diesem Motto geht Jimmy Kelly \u2013 bekannt aus der legend\u00e4ren Kelly Family \u2013 im Winter 2026 wieder auf gro\u00dfe Tour! Doch diesmal hei\u00dft es: Celebrate Christmas! \u2013 und zwar leidenschaftlich, voller Energie und einer extra Portion Kelly Feeling! Gemeinsam mit seinem mitrei\u00dfenden Streetorchestra bringt Jimmy nicht nur Weihnachtsstimmung auf die B\u00fchne, sondern verwandelt jeden Abend in eine echte Xmas-Party mit G\u00e4nsehaut-Garantie!<\/div>\n<div><\/div>\n<div>Vergiss das klassische Adventskonzert \u2013 hier treffen kraftvolle Live-Performance, rockige Beats, gef\u00fchlvolle Momente und jede Menge \u00dcberraschungen aufeinander. Ob mit neu arrangierten Weihnachtsklassikern, gefeierten Pop-Hits wie Run Rudolph Run oder Merry Christmas Everyone \u2013 dazu Hits der \u201aKelly Family\u2019 und eigenen Songs: Jimmy &amp; The Streetorchestra liefern ein Feuerwerk aus Nostalgie und purer Lebensfreude.<\/div>\n<div><\/div>\n<div>Celebrate A Kelly Christmas ist keine besinnliche Adventsshow \u2013 es ist ein Fest der Musik, der Liebe und der richtig guten Laune! Ob zum Mittanzen, Mitsingen oder einfach nur zum Genie\u00dfen \u2013 diese Tour wird ein unvergessliches Erlebnis voller Power, Herz und echter Weihnachtsmagie.<\/div>","protected":false},"excerpt":{"rendered":"<p>\u201aWir feiern das Leben - wir feiern Weihnachten!\u2018<\/p>","protected":false},"featured_media":55822,"template":"","meta":{"_acf_changed":false,"inline_featured_image":false},"product_brand":[],"product_cat":[31,344,69,86,35,6749,21,58,6581],"product_tag":[5599,941,962,5598,942,943,944,6779,947,948,2048],"class_list":{"0":"post-40882","1":"product","2":"type-product","3":"status-publish","4":"has-post-thumbnail","6":"product_cat-events","7":"product_cat-haus-auensee","8":"product_cat-konzert","9":"product_cat-leipzig","10":"product_cat-orte","11":"product_cat-sonstiges_konzert","12":"product_cat-ticket","13":"product_cat-veranstaltung","14":"product_cat-weihnachten","15":"product_tag-celebrate-a-kelly-christmas","16":"product_tag-events","17":"product_tag-haus-auensee","18":"product_tag-jimmy-kelly-the-street-orchestra","19":"product_tag-konzert","20":"product_tag-leipzig","21":"product_tag-orte","22":"product_tag-sonstiges","23":"product_tag-ticket","24":"product_tag-veranstaltung","25":"product_tag-weihnachten","26":"product_shipping_class-nur_paketversand","27":"pa_discount-inklusive-begleitperson","28":"pa_discount-normalpreis","29":"pa_preiskategorie-pk-i","30":"pa_preiskategorie-pk-ii","31":"pa_preiskategorie-pk-iii","32":"pa_preiskategorie-pk-iv","33":"pa_preiskategorie-premium-sitzplatz","34":"pa_preiskategorie-rollstuhlfahrer","35":"pa_preiskategorie-schwerbeschaedigt","37":"first","38":"instock","39":"taxable","40":"shipping-taxable","41":"purchasable","42":"product-type-variable"},"group_of_quantity":0,"min_quantity":0,"max_quantity":"","exclude_order_quantity_value_rules":"no","exclude_category_quantity_rules":"no","combine_variations":"no","acf":[],"_links":{"self":[{"href":"https:\/\/arena-ticket.com\/en\/wp-json\/wp\/v2\/product\/40882","targetHints":{"allow":["GET"]}}],"collection":[{"href":"https:\/\/arena-ticket.com\/en\/wp-json\/wp\/v2\/product"}],"about":[{"href":"https:\/\/arena-ticket.com\/en\/wp-json\/wp\/v2\/types\/product"}],"wp:featuredmedia":[{"embeddable":true,"href":"https:\/\/arena-ticket.com\/en\/wp-json\/wp\/v2\/media\/55822"}],"wp:attachment":[{"href":"https:\/\/arena-ticket.com\/en\/wp-json\/wp\/v2\/media?parent=40882"}],"wp:term":[{"taxonomy":"product_brand","embeddable":true,"href":"https:\/\/arena-ticket.com\/en\/wp-json\/wp\/v2\/product_brand?post=40882"},{"taxonomy":"product_cat","embeddable":true,"href":"https:\/\/arena-ticket.com\/en\/wp-json\/wp\/v2\/product_cat?post=40882"},{"taxonomy":"product_tag","embeddable":true,"href":"https:\/\/arena-ticket.com\/en\/wp-json\/wp\/v2\/product_tag?post=40882"}],"curies":[{"name":"wp","href":"https:\/\/api.w.org\/{rel}","templated":true}]}}