{"id":40889,"date":"2025-05-15T11:04:25","date_gmt":"2025-05-15T09:04:25","guid":{"rendered":"https:\/\/arena-ticket.com\/?p=40889&#038;post_type=product&#038;preview_id=40889"},"modified":"2025-06-30T13:16:42","modified_gmt":"2025-06-30T11:16:42","slug":"smokie-50-years-of-music-tour-2026-gewandhaus-zu-leipzig-grosser-saal-12-10-2026-2000-uhr","status":"publish","type":"product","link":"https:\/\/arena-ticket.com\/en\/product\/smokie-50-years-of-music-tour-2026-gewandhaus-zu-leipzig-grosser-saal-12-10-2026-2000-uhr\/","title":{"rendered":"SMOKIE - 50 Years of Music \u2013 Tour 2026"},"content":{"rendered":"<p style=\"font-weight: 400\">Woran denkst du, wenn du den Song \u201e Living next door to Alice\u201c h\u00f6rst?<\/p>\n<p style=\"font-weight: 400\"><b><strong>SMOKIE \u2013 britische Erfolgs- Band seit 50 Jahren!<\/strong><\/b><\/p>\n<p style=\"font-weight: 400\">Die legend\u00e4re Band begeistert seit Jahrzehnten Fans auf der ganzen Welt \u2013 und auch 2026 kommen sie f\u00fcr ausgew\u00e4hlte Konzerte nach Deutschland.\u00a0Songs wie \u201eIf You Think You Know How To Love Me\u201c, \u201eDon\u2019t Play Your Rock\u2019n\u2019Roll To Me\u201c, \u201eIt\u2019s Your Life\u201c, \u201eNeedles &amp; Pins\u201c oder \u201eOh Carol\u201c sind l\u00e4ngst Klassiker und werden auch heute noch auf Konzerten gefeiert.\u00a0Ihre unvergesslichen Melodien und ihre energiegeladenen Live-Shows sorgen f\u00fcr ein unvergessliches Konzerterlebnis \u2013 Generationen \u00fcbergreifend. SMOKIE geh\u00f6ren zu den erfolgreichsten Bands der 70er Jahre \u2013 zusammen mit Gr\u00f6\u00dfen wie ABBA und Boney M.Doch ihr Erfolg endet nicht dort: In den 80ern, 90ern und bis heute f\u00fcllen sie die Hallen rund um den Globus \u2013 von Skandinavien \u00fcber S\u00fcdafrika bis China<\/p>\n<p style=\"font-weight: 400\">With\u00a0<b><strong>Pete Lincoln<\/strong><\/b>\u00a0(Sweet, Sailor, Frontm3n) an den Leadvocals haben SMOKIE einen charismatischen Frontmann, der mit seiner Stimme und seiner B\u00fchnenpr\u00e4senz das Publikum begeistert.<\/p>\n<p style=\"font-weight: 400\"><b><strong>Luke Bullard<\/strong><\/b>, Sohn von Keyboarder\u00a0<b><strong>Martin Bullard<\/strong><\/b>, setzt die Familientradition am Bass fort und verleiht dem Bandgef\u00fcge frischen Wind.\u00a0<b><strong>Die Band bewahrt Terrys Erbe<\/strong><\/b>\u00a0\u2013 mit gro\u00dfer Leidenschaft und Dankbarkeit gegen\u00fcber ihren treuen Fans.<\/p>","protected":false},"excerpt":{"rendered":"<p><b><strong>Nach den erfolgreichen Tourneen der letzten Jahre setzen SMOKIE\u00a0 ihre Erfolgsgeschichte 2026 fort! Nicht\u00a0 verpassen!<\/strong><\/b><\/p>","protected":false},"featured_media":40894,"template":"","meta":{"_acf_changed":false,"inline_featured_image":false},"product_brand":[],"product_cat":[31,345,936,69,86,35,6732,21,58],"product_tag":[5600,941,956,2832,957,942,943,958,4106,947,948],"class_list":{"0":"post-40889","1":"product","2":"type-product","3":"status-publish","4":"has-post-thumbnail","6":"product_cat-events","7":"product_cat-gewandhaus","8":"product_cat-grosser-saal","9":"product_cat-konzert","10":"product_cat-leipzig","11":"product_cat-orte","12":"product_cat-rock-hard-rock","13":"product_cat-ticket","14":"product_cat-veranstaltung","15":"product_tag-50-years-of-music-tour-2026","16":"product_tag-events","17":"product_tag-gewandhaus","18":"product_tag-gewandhaus-grosser-saal","19":"product_tag-grosser-saal","20":"product_tag-konzert","21":"product_tag-leipzig","22":"product_tag-show","23":"product_tag-smokie","24":"product_tag-ticket","25":"product_tag-veranstaltung","26":"product_shipping_class-nur_paketversand","27":"pa_discount-ermaessigt","28":"pa_discount-normalpreis","29":"pa_preiskategorie-pk-i","30":"pa_preiskategorie-pk-ii","31":"pa_preiskategorie-pk-iii","32":"pa_preiskategorie-pk-iv","34":"first","35":"instock","36":"taxable","37":"shipping-taxable","38":"purchasable","39":"product-type-variable"},"group_of_quantity":0,"min_quantity":0,"max_quantity":"","exclude_order_quantity_value_rules":"no","exclude_category_quantity_rules":"no","combine_variations":"no","acf":[],"_links":{"self":[{"href":"https:\/\/arena-ticket.com\/en\/wp-json\/wp\/v2\/product\/40889","targetHints":{"allow":["GET"]}}],"collection":[{"href":"https:\/\/arena-ticket.com\/en\/wp-json\/wp\/v2\/product"}],"about":[{"href":"https:\/\/arena-ticket.com\/en\/wp-json\/wp\/v2\/types\/product"}],"wp:featuredmedia":[{"embeddable":true,"href":"https:\/\/arena-ticket.com\/en\/wp-json\/wp\/v2\/media\/40894"}],"wp:attachment":[{"href":"https:\/\/arena-ticket.com\/en\/wp-json\/wp\/v2\/media?parent=40889"}],"wp:term":[{"taxonomy":"product_brand","embeddable":true,"href":"https:\/\/arena-ticket.com\/en\/wp-json\/wp\/v2\/product_brand?post=40889"},{"taxonomy":"product_cat","embeddable":true,"href":"https:\/\/arena-ticket.com\/en\/wp-json\/wp\/v2\/product_cat?post=40889"},{"taxonomy":"product_tag","embeddable":true,"href":"https:\/\/arena-ticket.com\/en\/wp-json\/wp\/v2\/product_tag?post=40889"}],"curies":[{"name":"wp","href":"https:\/\/api.w.org\/{rel}","templated":true}]}}