{"id":40917,"date":"2025-05-15T12:17:45","date_gmt":"2025-05-15T10:17:45","guid":{"rendered":"https:\/\/arena-ticket.com\/?p=40917&#038;post_type=product&#038;preview_id=40917"},"modified":"2025-05-15T12:45:43","modified_gmt":"2025-05-15T10:45:43","slug":"landmvrks-2025-eu-uk-headline-tour-leipzig-haus-auensee-13-12-2025-1900-uhr","status":"publish","type":"product","link":"https:\/\/arena-ticket.com\/en\/product\/landmvrks-2025-eu-uk-headline-tour-leipzig-haus-auensee-13-12-2025-1900-uhr\/","title":{"rendered":"Landmvrks  - 2025 EU &amp; UK Headline Tour"},"content":{"rendered":"<p>Special Guests in Leipzig: Underoath, Pain Of Truth, Split Chain<\/p>\n<p>LANDMVRKS Open Air in Dresden \u2013 Metalcore-Highlight an der Schleife!<\/p>\n<p>Der Sommer 2025 bekommt ein weiteres Pflichtdatum f\u00fcr Metalcore-Fans: LANDMVRKS kommen nach Dresden! Am 09.06. wird die Schleife zur ultimativen Open-Air-B\u00fchne, wenn die franz\u00f6sischen Genre-Vorreiter ihre explosive Mischung aus brachialen Riffs, melodischen Hooks und kompromisslosen Breakdowns loslassen.<\/p>\n<p>Doch das ist erst der Anfang: STRAY FROM THE PATH, die New Yorker Groove-Hardcore-Maschine, wird mit ihrer energiegeladenen Live-Show das Publikum anheizen. Ebenfalls mit dabei sind TROPHY EYES, die mit ihrer einzigartigen Mischung aus Post-Hardcore und Alternative-Punk f\u00fcr die n\u00f6tige emotionale Tiefe sorgen.<\/p>","protected":false},"excerpt":{"rendered":"<p>Secure your tickets!<\/p>","protected":false},"featured_media":40929,"template":"","meta":{"_acf_changed":false,"inline_featured_image":false},"product_brand":[],"product_cat":[31,344,69,86,6736,35,21,58],"product_tag":[5603,941,962,942,5602,943,944,947,948],"class_list":{"0":"post-40917","1":"product","2":"type-product","3":"status-publish","4":"has-post-thumbnail","6":"product_cat-events","7":"product_cat-haus-auensee","8":"product_cat-konzert","9":"product_cat-leipzig","10":"product_cat-metal-metalcore","11":"product_cat-orte","12":"product_cat-ticket","13":"product_cat-veranstaltung","14":"product_tag-2025-eu-uk-headline-tour","15":"product_tag-events","16":"product_tag-haus-auensee","17":"product_tag-konzert","18":"product_tag-landmvrks","19":"product_tag-leipzig","20":"product_tag-orte","21":"product_tag-ticket","22":"product_tag-veranstaltung","23":"product_shipping_class-nur_paketversand","24":"pa_discount-normalpreis","25":"pa_preiskategorie-stehplatz","27":"first","28":"instock","29":"taxable","30":"shipping-taxable","31":"purchasable","32":"product-type-variable","33":"has-default-attributes"},"group_of_quantity":0,"min_quantity":0,"max_quantity":"","exclude_order_quantity_value_rules":"no","exclude_category_quantity_rules":"no","combine_variations":"no","acf":[],"_links":{"self":[{"href":"https:\/\/arena-ticket.com\/en\/wp-json\/wp\/v2\/product\/40917","targetHints":{"allow":["GET"]}}],"collection":[{"href":"https:\/\/arena-ticket.com\/en\/wp-json\/wp\/v2\/product"}],"about":[{"href":"https:\/\/arena-ticket.com\/en\/wp-json\/wp\/v2\/types\/product"}],"wp:featuredmedia":[{"embeddable":true,"href":"https:\/\/arena-ticket.com\/en\/wp-json\/wp\/v2\/media\/40929"}],"wp:attachment":[{"href":"https:\/\/arena-ticket.com\/en\/wp-json\/wp\/v2\/media?parent=40917"}],"wp:term":[{"taxonomy":"product_brand","embeddable":true,"href":"https:\/\/arena-ticket.com\/en\/wp-json\/wp\/v2\/product_brand?post=40917"},{"taxonomy":"product_cat","embeddable":true,"href":"https:\/\/arena-ticket.com\/en\/wp-json\/wp\/v2\/product_cat?post=40917"},{"taxonomy":"product_tag","embeddable":true,"href":"https:\/\/arena-ticket.com\/en\/wp-json\/wp\/v2\/product_tag?post=40917"}],"curies":[{"name":"wp","href":"https:\/\/api.w.org\/{rel}","templated":true}]}}