{"id":40919,"date":"2025-05-15T12:24:20","date_gmt":"2025-05-15T10:24:20","guid":{"rendered":"https:\/\/arena-ticket.com\/?p=40919&#038;post_type=product&#038;preview_id=40919"},"modified":"2026-02-27T14:49:27","modified_gmt":"2026-02-27T13:49:27","slug":"die-rudy-giovannini-gala-halle-konzerthalle-ulrichskirche-16-04-2026-1600-uhr","status":"publish","type":"product","link":"https:\/\/arena-ticket.com\/en\/product\/die-rudy-giovannini-gala-halle-konzerthalle-ulrichskirche-16-04-2026-1600-uhr\/","title":{"rendered":"Die Rudy Giovannini Gala"},"content":{"rendered":"<p>Rudy Giovannini, der \"Caruso der Berge\" ist wieder unterwegs. Der S\u00fcdtiroler und Grand Prix Gewinner 2006 gastiert anl\u00e4sslich seiner neuen Tournee in vielen deutschen St\u00e4dten.<\/p>\n<p>He received his singing training at the Conservatory of Verona and from Professor Arrigo Pola in Modena, with whom Luciano Pavarotti had previously studied singing. His fatherly friend Pavarotti is the one who made the famous statement that Rudy often quotes: &quot;There is no first or second class music, there is only beautiful or bad music, and what you want to make is beautiful music.&quot;<\/p>\n<p>Today, Rudy Giovannini feels right at home in the folk scene and has become a real crowd favorite, as his numerous fan clubs prove. His live concerts are an experience and his music is a true elixir of life - it has given many people who have reached a low point in their lives due to strokes of fate new strength, new courage and new zest for life. Anyone who has ever experienced a Rudy concert is impressed and enchanted. This artist impresses not only with his singing, but also with his likeable manner, his humorous presentation and his ability to involve the audience and let them participate in the action.<\/p>","protected":false},"excerpt":{"rendered":"<p>Rudy Giovannini, der \"Caruso der Berge\" ist wieder unterwegs. Der S\u00fcdtiroler und Grand Prix Gewinner 2006 gastiert anl\u00e4sslich seiner neuen Tournee in vielen deutschen St\u00e4dten. Jetzt schon Tickets sichern!<\/p>","protected":false},"featured_media":63654,"template":"","meta":{"_acf_changed":false,"inline_featured_image":false},"product_brand":[],"product_cat":[31,102,6741,69,423,35,21,58],"product_tag":[3182,941,999,2504,942,2997,944,947,948],"class_list":{"0":"post-40919","1":"product","2":"type-product","3":"status-publish","4":"has-post-thumbnail","6":"product_cat-events","7":"product_cat-halle","8":"product_cat-klassik","9":"product_cat-konzert","10":"product_cat-konzerthalle-ulrichskirche","11":"product_cat-orte","12":"product_cat-ticket","13":"product_cat-veranstaltung","14":"product_tag-die-rudy-giovannini-gala","15":"product_tag-events","16":"product_tag-halle","17":"product_tag-klassik","18":"product_tag-konzert","19":"product_tag-konzerthalle-ulrichskirche","20":"product_tag-orte","21":"product_tag-ticket","22":"product_tag-veranstaltung","23":"product_shipping_class-nur_paketversand","24":"pa_discount-ermaessigt","25":"pa_discount-normalpreis","26":"pa_preiskategorie-pk-i","27":"pa_preiskategorie-pk-ii","28":"pa_preiskategorie-pk-iii","29":"pa_preiskategorie-pk-iv","31":"first","32":"outofstock","33":"taxable","34":"shipping-taxable","35":"purchasable","36":"product-type-variable"},"group_of_quantity":0,"min_quantity":0,"max_quantity":"","exclude_order_quantity_value_rules":"no","exclude_category_quantity_rules":"no","combine_variations":"no","acf":[],"_links":{"self":[{"href":"https:\/\/arena-ticket.com\/en\/wp-json\/wp\/v2\/product\/40919","targetHints":{"allow":["GET"]}}],"collection":[{"href":"https:\/\/arena-ticket.com\/en\/wp-json\/wp\/v2\/product"}],"about":[{"href":"https:\/\/arena-ticket.com\/en\/wp-json\/wp\/v2\/types\/product"}],"wp:featuredmedia":[{"embeddable":true,"href":"https:\/\/arena-ticket.com\/en\/wp-json\/wp\/v2\/media\/63654"}],"wp:attachment":[{"href":"https:\/\/arena-ticket.com\/en\/wp-json\/wp\/v2\/media?parent=40919"}],"wp:term":[{"taxonomy":"product_brand","embeddable":true,"href":"https:\/\/arena-ticket.com\/en\/wp-json\/wp\/v2\/product_brand?post=40919"},{"taxonomy":"product_cat","embeddable":true,"href":"https:\/\/arena-ticket.com\/en\/wp-json\/wp\/v2\/product_cat?post=40919"},{"taxonomy":"product_tag","embeddable":true,"href":"https:\/\/arena-ticket.com\/en\/wp-json\/wp\/v2\/product_tag?post=40919"}],"curies":[{"name":"wp","href":"https:\/\/api.w.org\/{rel}","templated":true}]}}