{"id":40934,"date":"2025-05-15T14:26:15","date_gmt":"2025-05-15T12:26:15","guid":{"rendered":"https:\/\/arena-ticket.com\/?p=40934&#038;post_type=product&#038;preview_id=40934"},"modified":"2025-10-09T10:20:03","modified_gmt":"2025-10-09T08:20:03","slug":"greeen-offline-tour-2026-leipzig-haus-auensee-17-05-2026-2000-uhr","status":"publish","type":"product","link":"https:\/\/arena-ticket.com\/en\/product\/greeen-offline-tour-2026-leipzig-haus-auensee-17-05-2026-2000-uhr\/","title":{"rendered":"GReeeN  - OFFLINE Tour 2026"},"content":{"rendered":"<p>Gr\u00fcn ist bekanntlich die Farbe der Hoffnung \u2013 GReeeN-Fans hoffen sehnlichst auf seine R\u00fcckkehr 2026, und sie werden nicht entt\u00e4uscht!<\/p>\n<p>Bereits seit seinem Debut-Album spielt GReeeN in den deutschen Charts mit, und zwar ganz ohne Major-Label Unterst\u00fctzung. Seine Lebensfreude wirkt wie ein Magnet, und zieht \u00fcber die Jahre eine Fan-Community magisch an, die ihm treu zur Seite steht. Ausverkaufte Tourneen durch Deutschland, \u00d6sterreich und die Schweiz zeigen \u2013 das kommt nicht von ungef\u00e4hr. Musikalisch ordnet sich das Mannheimer Gl\u00fcckskind irgendwo zwischen Reggae, Deutschpop und HipHop ein \u2013 diese Vielseitigkeit brachte ihm unter anderem eine Nominierung bei der 1LIVE Krone ein.<\/p>\n<p>Der Mannheimer mit dem Hang zum Gr\u00fcnen spreadet seine guten Vibes im Mai an 14 Tourstopps - wer sich davon anstecken lassen m\u00f6chte, sollte den GReeeN-Rollercoaster nicht verpassen, wenn dieser durch die Heimatstadt rollt!<\/p>","protected":false},"excerpt":{"rendered":"<p>GReeeN gibt gr\u00fcnes Licht f\u00fcr seine OFFLINE Tour!<\/p>","protected":false},"featured_media":40936,"template":"","meta":{"_acf_changed":false,"inline_featured_image":false},"product_brand":[],"product_cat":[31,344,6737,69,86,35,21,58],"product_tag":[941,1617,962,942,943,5604,944,947,948],"class_list":{"0":"post-40934","1":"product","2":"type-product","3":"status-publish","4":"has-post-thumbnail","6":"product_cat-events","7":"product_cat-haus-auensee","8":"product_cat-hip-hop-rnb","9":"product_cat-konzert","10":"product_cat-leipzig","11":"product_cat-orte","12":"product_cat-ticket","13":"product_cat-veranstaltung","14":"product_tag-events","15":"product_tag-greeen","16":"product_tag-haus-auensee","17":"product_tag-konzert","18":"product_tag-leipzig","19":"product_tag-offline-tour-2026","20":"product_tag-orte","21":"product_tag-ticket","22":"product_tag-veranstaltung","23":"product_shipping_class-nur_paketversand","24":"pa_discount-inklusive-begleitperson","25":"pa_discount-normalpreis","26":"pa_preiskategorie-rollstuhlfahrer","27":"pa_preiskategorie-stehplatz","29":"first","30":"instock","31":"taxable","32":"shipping-taxable","33":"purchasable","34":"product-type-variable","35":"has-default-attributes"},"group_of_quantity":0,"min_quantity":0,"max_quantity":"","exclude_order_quantity_value_rules":"no","exclude_category_quantity_rules":"no","combine_variations":"no","acf":[],"_links":{"self":[{"href":"https:\/\/arena-ticket.com\/en\/wp-json\/wp\/v2\/product\/40934","targetHints":{"allow":["GET"]}}],"collection":[{"href":"https:\/\/arena-ticket.com\/en\/wp-json\/wp\/v2\/product"}],"about":[{"href":"https:\/\/arena-ticket.com\/en\/wp-json\/wp\/v2\/types\/product"}],"wp:featuredmedia":[{"embeddable":true,"href":"https:\/\/arena-ticket.com\/en\/wp-json\/wp\/v2\/media\/40936"}],"wp:attachment":[{"href":"https:\/\/arena-ticket.com\/en\/wp-json\/wp\/v2\/media?parent=40934"}],"wp:term":[{"taxonomy":"product_brand","embeddable":true,"href":"https:\/\/arena-ticket.com\/en\/wp-json\/wp\/v2\/product_brand?post=40934"},{"taxonomy":"product_cat","embeddable":true,"href":"https:\/\/arena-ticket.com\/en\/wp-json\/wp\/v2\/product_cat?post=40934"},{"taxonomy":"product_tag","embeddable":true,"href":"https:\/\/arena-ticket.com\/en\/wp-json\/wp\/v2\/product_tag?post=40934"}],"curies":[{"name":"wp","href":"https:\/\/api.w.org\/{rel}","templated":true}]}}