{"id":40942,"date":"2025-05-15T14:57:37","date_gmt":"2025-05-15T12:57:37","guid":{"rendered":"https:\/\/arena-ticket.com\/?p=40942&#038;post_type=product&#038;preview_id=40942"},"modified":"2026-02-17T13:19:59","modified_gmt":"2026-02-17T12:19:59","slug":"renft-leipzig-der-anker-14-03-2026-2100-uhr","status":"publish","type":"product","link":"https:\/\/arena-ticket.com\/en\/product\/renft-leipzig-der-anker-14-03-2026-2100-uhr\/","title":{"rendered":"Renft"},"content":{"rendered":"<p>Kein Zweifel, RENFT ist ostdeutsches Kulturgut und lebt in der Erinnerung vieler. Jeder im Osten Deutschlands kennt die Band. In keiner Plattensammlung fehlen ihre Lieder, Hoffnungstr\u00e4ger noch immer f\u00fcr ihre \u00e4lter gewordenen Fans, stilistisch unabh\u00e4ngig von Mode und Trends, bezeugen ihre Lieder Unbeugsamkeit, erinnern an Zivilcourage.<\/p>\n<p>Bereits in den fr\u00fchen 70er Jahren erreichte die Band RENFT in der DDR Kultstatus, wurde Begriff f\u00fcr Opposition und Auflehnung gegen\u00fcber einer staatlich verordneten Kulturdoktrin. Unter diesem Zwang entstand von 1971 bis 1975 eine Band, die man schlicht einfach nur RENFT nannte. Ihre Songs, facettenreich, von Folk, Blues \u00fcber Balladen bis hin zum Rock, erst\u00fcrmten die Hitparaden. Keine andere Band besetzte von 1971 (die erste Nr.1 war \"Wer die Rose ehrt\") bis 1975 so viele Spitzenpl\u00e4tze in den ostdeutschen Hitparaden. RENFT wurde Hoffnungstr\u00e4ger f\u00fcr eine heranwachsende Generation, schuf eine Br\u00fccke f\u00fcr deren Integration in eine vom sozialistischen Alltagstrott bestimmten Gesellschaft.<\/p>\n<p>Immer wild und unberechenbar, wurde RENFT durch das Verbot 1975 zur Legende.<\/p>\n<p>Nachdem inzwischen 6 fr\u00fchere Bandmitglieder verstorben und zwei aus gesundheitlichen Gr\u00fcnden nicht mehr live auftreten k\u00f6nnen, ist Leads\u00e4nger Thomas \"Monster\" Schoppe der letzte \u00dcberlebende einer Band, die f\u00fcr die Entwicklung der Rockmusik der DDR pr\u00e4gend war. Heute ist er sich der Bedeutung der RENFT-Songs als kulturelles Erbe bewusster denn je. Ihm zur Seite stehen zwei Urgesteine der DDR-Rockmusikszene: der beliebte Gitarrist Gisbert \u201ePitti\u201c Piatkowski, seit Anfang 2020 der Ex-Puhdys- Bassist Peter Rasym, sowie ebenfalls seit 2020 der junge Schlagzeuger Tobias Ridder.<\/p>\n<p>Nach wie vor sind RENFT-Konzerte aufgrund der Renfttypische Intensit\u00e4t und ihrer brachiale Wucht sowie der Unberechenbarkeit des Leads\u00e4nger Thomas \"Monster\u201c Schoppe, au\u00dfergew\u00f6hnliche Konzertereignisse, immer wieder geliebt von den Fans und bewundert von den Konzertbesuchern.<\/p>","protected":false},"excerpt":{"rendered":"<p>Kein Zweifel, RENFT ist ostdeutsches Kulturgut und lebt in der Erinnerung vieler. Jeder im Osten Deutschlands kennt die Band. <\/p>","protected":false},"featured_media":40958,"template":"","meta":{"_acf_changed":false,"inline_featured_image":false},"product_brand":[],"product_cat":[388,31,69,86,35,6732,21,58],"product_tag":[971,2859,941,942,943,944,2089,6804,947,948],"class_list":{"0":"post-40942","1":"product","2":"type-product","3":"status-publish","4":"has-post-thumbnail","6":"product_cat-anker","7":"product_cat-events","8":"product_cat-konzert","9":"product_cat-leipzig","10":"product_cat-orte","11":"product_cat-rock-hard-rock","12":"product_cat-ticket","13":"product_cat-veranstaltung","14":"product_tag-anker","15":"product_tag-der-anker","16":"product_tag-events","17":"product_tag-konzert","18":"product_tag-leipzig","19":"product_tag-orte","20":"product_tag-renft","21":"product_tag-rock-hard-rock","22":"product_tag-ticket","23":"product_tag-veranstaltung","24":"product_shipping_class-nur_paketversand","25":"pa_discount-normalpreis","26":"pa_preiskategorie-stehplatz","28":"first","29":"outofstock","30":"taxable","31":"shipping-taxable","32":"purchasable","33":"product-type-variable"},"group_of_quantity":0,"min_quantity":0,"max_quantity":"","exclude_order_quantity_value_rules":"no","exclude_category_quantity_rules":"no","combine_variations":"no","acf":[],"_links":{"self":[{"href":"https:\/\/arena-ticket.com\/en\/wp-json\/wp\/v2\/product\/40942","targetHints":{"allow":["GET"]}}],"collection":[{"href":"https:\/\/arena-ticket.com\/en\/wp-json\/wp\/v2\/product"}],"about":[{"href":"https:\/\/arena-ticket.com\/en\/wp-json\/wp\/v2\/types\/product"}],"wp:featuredmedia":[{"embeddable":true,"href":"https:\/\/arena-ticket.com\/en\/wp-json\/wp\/v2\/media\/40958"}],"wp:attachment":[{"href":"https:\/\/arena-ticket.com\/en\/wp-json\/wp\/v2\/media?parent=40942"}],"wp:term":[{"taxonomy":"product_brand","embeddable":true,"href":"https:\/\/arena-ticket.com\/en\/wp-json\/wp\/v2\/product_brand?post=40942"},{"taxonomy":"product_cat","embeddable":true,"href":"https:\/\/arena-ticket.com\/en\/wp-json\/wp\/v2\/product_cat?post=40942"},{"taxonomy":"product_tag","embeddable":true,"href":"https:\/\/arena-ticket.com\/en\/wp-json\/wp\/v2\/product_tag?post=40942"}],"curies":[{"name":"wp","href":"https:\/\/api.w.org\/{rel}","templated":true}]}}