{"id":40944,"date":"2025-05-15T14:59:59","date_gmt":"2025-05-15T12:59:59","guid":{"rendered":"https:\/\/arena-ticket.com\/?p=40944&#038;post_type=product&#038;preview_id=40944"},"modified":"2025-05-19T10:42:32","modified_gmt":"2025-05-19T08:42:32","slug":"ac-dc-pwr-up-tour-olympiastadion-berlin-30-06-2025-1800-uhr","status":"publish","type":"product","link":"https:\/\/arena-ticket.com\/en\/product\/ac-dc-pwr-up-tour-olympiastadion-berlin-30-06-2025-1800-uhr\/","title":{"rendered":"AC\/DC  - PWR UP TOUR"},"content":{"rendered":"<p><b>DIE GR\u00d6SSTE ROCK'N'ROLL-BAND DER WELT KEHRT DIESEN SOMMER NACH EUROPA ZUR\u00dcCK<\/b><\/p>\n<p>AC\/DC, die legend\u00e4re Band mit Millionen verkaufter Alben, kommen im Sommer 2025 zur\u00fcck nach Europa \u2013 und Berlin, D\u00fcsseldorf und Karlsruhe sind dabei! Die \u201ePOWER UP\u201c- Tour geht weiter! Im Fr\u00fchjahr stehen zun\u00e4chst Stadion-Shows in 13 St\u00e4dten der USA auf dem Programm.<\/p>\n<p>Die \"POWER UP\"-Tour, benannt nach ihrem neuesten Studioalbum, das in 21 L\u00e4ndern Platz 1 erreichte, begeisterte die Fans und Kritiker weltweit bereits letztes Jahr. Und damit nicht genug: AC\/DC werden im Sommer zw\u00f6lf Konzerte in zehn L\u00e4ndern spielen, darunter erstmals in Estland und nach \u00fcber einem Jahrzehnt wieder in Edinburgh\/Schottland, der Heimat der Familie von Angus Young. In Deutschland stehen Berlin (30.6.), D\u00fcsseldorf (8.7.) und Karlsruhe (17.8.) auf dem Programm.<\/p>\n<p>AC\/DC spielten ihr allererstes Konzert am 31. Dezember 1973 im Chequers Nightclub in Sydney, Australien. Sie sind eine der einflussreichsten Rockbands der Geschichte und haben weltweit \u00fcber 200 Millionen Alben verkauft. Die LP \"Back In Black\" ist das \"meistverkaufte Album einer Band aller Zeiten\" und das \"drittbestverkaufte Album eines K\u00fcnstlers\" mit weltweit \u00fcber 50 Millionen verkauften Exemplaren, Tendenz steigend. AC\/DC wurde 2003 in die Rock and Roll Hall of Fame\u00ae und in die Music Victoria Awards Hall of Fame in ihrem Heimatland Australien aufgenommen. Die Band spielt nach wie vor in ausverkauften Stadien auf zahlreichen Kontinenten, verkauft j\u00e4hrlich Millionen von Alben und generiert Streams in Milliardenh\u00f6he.<\/p>\n<p>Zur Feier ihrer 50-j\u00e4hrigen Erfolgsgeschichte als gr\u00f6\u00dfte Rock'n'Roll-Band der Welt sind AC\/DC - Angus Young an der Leadgitarre, S\u00e4nger Brian Johnson, Rhythmusgitarrist Stevie Young, Schlagzeuger Matt Laug und Bassist Chris Chaney - zur\u00fcck, um f\u00fcr ihre treue und riesige Fangemeinde zu spielen, die von Jahr zu Jahr immer gr\u00f6\u00dfer wird.<\/p>","protected":false},"excerpt":{"rendered":"<p>AC\/DC setzen ihre ph\u00e4nomenale \"PWR UP\"-Tournee 2025 fort!<\/p>","protected":false},"featured_media":40955,"template":"","meta":{"_acf_changed":false,"inline_featured_image":false},"product_brand":[],"product_cat":[31,315,69,6736,35,21,58],"product_tag":[5605,5607,1332,941,942,3577,944,5606,947,948],"class_list":{"0":"post-40944","1":"product","2":"type-product","3":"status-publish","4":"has-post-thumbnail","6":"product_cat-events","7":"product_cat-berlin","8":"product_cat-konzert","9":"product_cat-metal-metalcore","10":"product_cat-orte","11":"product_cat-ticket","12":"product_cat-veranstaltung","13":"product_tag-ac-dc","14":"product_tag-acdc","15":"product_tag-berlin","16":"product_tag-events","17":"product_tag-konzert","18":"product_tag-olympiastadion-berlin","19":"product_tag-orte","20":"product_tag-pwr-up-tour","21":"product_tag-ticket","22":"product_tag-veranstaltung","23":"product_shipping_class-nur_paketversand","24":"pa_discount-normalpreis","25":"pa_preiskategorie-sitzplatz","27":"first","28":"instock","29":"taxable","30":"shipping-taxable","31":"purchasable","32":"product-type-variable"},"group_of_quantity":0,"min_quantity":0,"max_quantity":"","exclude_order_quantity_value_rules":"no","exclude_category_quantity_rules":"no","combine_variations":"no","acf":[],"_links":{"self":[{"href":"https:\/\/arena-ticket.com\/en\/wp-json\/wp\/v2\/product\/40944","targetHints":{"allow":["GET"]}}],"collection":[{"href":"https:\/\/arena-ticket.com\/en\/wp-json\/wp\/v2\/product"}],"about":[{"href":"https:\/\/arena-ticket.com\/en\/wp-json\/wp\/v2\/types\/product"}],"wp:featuredmedia":[{"embeddable":true,"href":"https:\/\/arena-ticket.com\/en\/wp-json\/wp\/v2\/media\/40955"}],"wp:attachment":[{"href":"https:\/\/arena-ticket.com\/en\/wp-json\/wp\/v2\/media?parent=40944"}],"wp:term":[{"taxonomy":"product_brand","embeddable":true,"href":"https:\/\/arena-ticket.com\/en\/wp-json\/wp\/v2\/product_brand?post=40944"},{"taxonomy":"product_cat","embeddable":true,"href":"https:\/\/arena-ticket.com\/en\/wp-json\/wp\/v2\/product_cat?post=40944"},{"taxonomy":"product_tag","embeddable":true,"href":"https:\/\/arena-ticket.com\/en\/wp-json\/wp\/v2\/product_tag?post=40944"}],"curies":[{"name":"wp","href":"https:\/\/api.w.org\/{rel}","templated":true}]}}