{"id":41053,"date":"2025-05-16T15:20:08","date_gmt":"2025-05-16T13:20:08","guid":{"rendered":"https:\/\/arena-ticket.com\/?p=41053&#038;post_type=product&#038;preview_id=41053"},"modified":"2025-05-26T12:01:12","modified_gmt":"2025-05-26T10:01:12","slug":"open-air-comedy-shows-karli-comedy-leipzig-felsenkeller-06-07-2025-1900-uhr","status":"publish","type":"product","link":"https:\/\/arena-ticket.com\/en\/product\/open-air-comedy-shows-karli-comedy-leipzig-felsenkeller-06-07-2025-1900-uhr\/","title":{"rendered":"Open Air - Comedy Shows | Karli Comedy"},"content":{"rendered":"<p>Erm\u00e4\u00dfigung gilt f\u00fcr Studierende, Azubis, alle u18 und LeipzigPass. Nur mit g\u00fcltigem Nachweis.<\/p>\n<p>Die Sommer-Shows von Karli Comedy sind zur\u00fcck! Wir spielen 12 Shows Open Air und jeder Termin ist ein Special!Hier erwarten euch immer 2-Stunden Comedy mit 5 Stand-Up Comedians auf der B\u00fchne.<\/p>\n<p>Spezielle G\u00e4ste in diesem Jahr sind u.a. Ingmar Stadelmann, Maria Clara Groppler, Yorick Thiede, Marvin Hoffmann, Florentine Osche, Rasmus Syman, Kawus Kalantar, Moritz Hohl und viele mehr.<\/p>\n<p>Entspanne mit k\u00fchlen Drinks und bester Unterhaltung an einem schattigen und \u00fcberdachten Pl\u00e4tzchen. Sei dabei und erlebe den Comedy-Sommer deines Lebens!<\/p>\n<p>Regen? Kein Problem. Das Einmalige an der Feinkost ist, dass sie an der frischen Luft und \u00fcberdacht ist. So bleibt ihr vor Regen und direktem Sonnenschein gesch\u00fctzt.<\/p>","protected":false},"excerpt":{"rendered":"<p>Die Sommer-Shows von Karli Comedy sind zur\u00fcck! Wir spielen 12 Shows Open Air und jeder Termin ist ein Special! Hier erwarten euch immer 2-Stunden Comedy mit 5 Stand-Up Comedians auf der B\u00fchne.<\/p>","protected":false},"featured_media":41041,"template":"","meta":{"_acf_changed":false,"inline_featured_image":false},"product_brand":[],"product_cat":[6725,31,348,95,86,35,21,58],"product_tag":[954,5619,941,1476,942,943,5618,944,947,948],"class_list":{"0":"post-41053","1":"product","2":"type-product","3":"status-publish","4":"has-post-thumbnail","6":"product_cat-comedy","7":"product_cat-events","8":"product_cat-felsenkeller","9":"product_cat-humor","10":"product_cat-leipzig","11":"product_cat-orte","12":"product_cat-ticket","13":"product_cat-veranstaltung","14":"product_tag-comedy","15":"product_tag-comedy-shows-karli-comedy","16":"product_tag-events","17":"product_tag-felsenkeller","18":"product_tag-konzert","19":"product_tag-leipzig","20":"product_tag-open-air","21":"product_tag-orte","22":"product_tag-ticket","23":"product_tag-veranstaltung","24":"product_shipping_class-nur_paketversand","25":"pa_discount-ermaessigt","26":"pa_discount-normalpreis","27":"pa_preiskategorie-stehplatz","29":"first","30":"instock","31":"taxable","32":"shipping-taxable","33":"purchasable","34":"product-type-variable","35":"has-default-attributes"},"group_of_quantity":0,"min_quantity":0,"max_quantity":"","exclude_order_quantity_value_rules":"no","exclude_category_quantity_rules":"no","combine_variations":"no","acf":[],"_links":{"self":[{"href":"https:\/\/arena-ticket.com\/en\/wp-json\/wp\/v2\/product\/41053","targetHints":{"allow":["GET"]}}],"collection":[{"href":"https:\/\/arena-ticket.com\/en\/wp-json\/wp\/v2\/product"}],"about":[{"href":"https:\/\/arena-ticket.com\/en\/wp-json\/wp\/v2\/types\/product"}],"wp:featuredmedia":[{"embeddable":true,"href":"https:\/\/arena-ticket.com\/en\/wp-json\/wp\/v2\/media\/41041"}],"wp:attachment":[{"href":"https:\/\/arena-ticket.com\/en\/wp-json\/wp\/v2\/media?parent=41053"}],"wp:term":[{"taxonomy":"product_brand","embeddable":true,"href":"https:\/\/arena-ticket.com\/en\/wp-json\/wp\/v2\/product_brand?post=41053"},{"taxonomy":"product_cat","embeddable":true,"href":"https:\/\/arena-ticket.com\/en\/wp-json\/wp\/v2\/product_cat?post=41053"},{"taxonomy":"product_tag","embeddable":true,"href":"https:\/\/arena-ticket.com\/en\/wp-json\/wp\/v2\/product_tag?post=41053"}],"curies":[{"name":"wp","href":"https:\/\/api.w.org\/{rel}","templated":true}]}}