{"id":41076,"date":"2025-05-16T15:36:31","date_gmt":"2025-05-16T13:36:31","guid":{"rendered":"https:\/\/arena-ticket.com\/?p=41076&#038;post_type=product&#038;preview_id=41076"},"modified":"2025-09-30T18:13:53","modified_gmt":"2025-09-30T16:13:53","slug":"musical-night-in-concert-haus-leipzig-03-10-2025-1930-uhr","status":"publish","type":"product","link":"https:\/\/arena-ticket.com\/en\/product\/musical-night-in-concert-haus-leipzig-03-10-2025-1930-uhr\/","title":{"rendered":"Musical Night in Concert"},"content":{"rendered":"<p>Musical Night in Concert - Erleben Sie Musical so nah wie noch nie. Live Gesang bekannter Musicaldarsteller in Originalkost\u00fcmen, umrahmt von einer atemberaubenden Lichtshow, LED-Wand und vielen anderen \u00dcberraschungen. Lassen Sie sich von der Magie des Musicals verzaubern und erleben Sie die gr\u00f6\u00dften Momente der Musicalgeschichte.<br \/>\nVon \u201ePhantom der Oper\u201c \u00fcber \u201eMamma Mia\u201c bis hin zu \u201eWe Will Rock You\u201c und vielen mehr.<br \/>\nEine Show aus 2 x 50 Minuten Musical Highlights.<br \/>\nErleben Sie einen unvergesslichen Abend voller Emotionen, Leidenschaft und einer ordentlichen Portion Humor.<\/p>","protected":false},"excerpt":{"rendered":"<p>Get your tickets here now!<\/p>","protected":false},"featured_media":49287,"template":"","meta":{"_acf_changed":false,"inline_featured_image":false},"product_brand":[],"product_cat":[31,349,86,6729,64,35,21,58],"product_tag":[941,955,942,943,5620,944,958,947,948],"class_list":{"0":"post-41076","1":"product","2":"type-product","3":"status-publish","4":"has-post-thumbnail","6":"product_cat-events","7":"product_cat-haus-leipzig","8":"product_cat-leipzig","9":"product_cat-musical","10":"product_cat-musical-show","11":"product_cat-orte","12":"product_cat-ticket","13":"product_cat-veranstaltung","14":"product_tag-events","15":"product_tag-haus-leipzig","16":"product_tag-konzert","17":"product_tag-leipzig","18":"product_tag-musical-night-in-concert","19":"product_tag-orte","20":"product_tag-show","21":"product_tag-ticket","22":"product_tag-veranstaltung","23":"product_shipping_class-nur_paketversand","24":"pa_discount-normalpreis","25":"pa_preiskategorie-pk-i","26":"pa_preiskategorie-pk-ii","28":"first","29":"instock","30":"taxable","31":"shipping-taxable","32":"purchasable","33":"product-type-variable"},"group_of_quantity":0,"min_quantity":0,"max_quantity":"","exclude_order_quantity_value_rules":"no","exclude_category_quantity_rules":"no","combine_variations":"no","acf":[],"_links":{"self":[{"href":"https:\/\/arena-ticket.com\/en\/wp-json\/wp\/v2\/product\/41076","targetHints":{"allow":["GET"]}}],"collection":[{"href":"https:\/\/arena-ticket.com\/en\/wp-json\/wp\/v2\/product"}],"about":[{"href":"https:\/\/arena-ticket.com\/en\/wp-json\/wp\/v2\/types\/product"}],"wp:featuredmedia":[{"embeddable":true,"href":"https:\/\/arena-ticket.com\/en\/wp-json\/wp\/v2\/media\/49287"}],"wp:attachment":[{"href":"https:\/\/arena-ticket.com\/en\/wp-json\/wp\/v2\/media?parent=41076"}],"wp:term":[{"taxonomy":"product_brand","embeddable":true,"href":"https:\/\/arena-ticket.com\/en\/wp-json\/wp\/v2\/product_brand?post=41076"},{"taxonomy":"product_cat","embeddable":true,"href":"https:\/\/arena-ticket.com\/en\/wp-json\/wp\/v2\/product_cat?post=41076"},{"taxonomy":"product_tag","embeddable":true,"href":"https:\/\/arena-ticket.com\/en\/wp-json\/wp\/v2\/product_tag?post=41076"}],"curies":[{"name":"wp","href":"https:\/\/api.w.org\/{rel}","templated":true}]}}