{"id":41083,"date":"2025-05-16T15:39:37","date_gmt":"2025-05-16T13:39:37","guid":{"rendered":"https:\/\/arena-ticket.com\/?p=41083&#038;post_type=product&#038;preview_id=41083"},"modified":"2025-07-31T18:43:14","modified_gmt":"2025-07-31T16:43:14","slug":"underwater-bubble-show-chemnitz-stadthalle-28-02-2026-1500-uhr","status":"publish","type":"product","link":"https:\/\/arena-ticket.com\/en\/product\/underwater-bubble-show-chemnitz-stadthalle-28-02-2026-1500-uhr\/","title":{"rendered":"Underwater Bubble Show - Eine fantastische Show f\u00fcr die ganze Familie"},"content":{"rendered":"<section class=\"cc_outer cc_text_media\" data-columns=\"1\" data-container-size=\"md\">\n<div class=\"container\">\n<div class=\"row\">\n<div class=\"column\">\n<div class=\"cc_content_block cc_textmedia cc_media_above\">\n<div class=\"cc_content_wrap\">\n<div class=\"cc_content\" data-text-columns=\"2\">\n<p>Nach einem langen Tag, der wie immer mit Aufgaben, Besprechungen und Terminen gef\u00fcllt war, findet sich Mr. B wie von Zauberhand an einem besonderen, farbenfrohen und gl\u00fccklichen Ort namens Bubblelandia wieder.<br \/>\nBubblelandia ist ein Ort zum Verweilen, zum Tr\u00e4umen, zum Zuh\u00f6ren, zum Beobachten, zum Genie\u00dfen und zum Staunen, aber vor allem ein Ort zum Tr\u00e4umen. Und es ist hier, auf diesem Planeten, es ist in uns ...es ist der Ozean unserer Seele. Denn um ihn zu finden, muss man nur aufwachen!<\/p>\n<p>Die \"Bewohner\" von Bubblelandia - Seepferdchen, Drachenfische, Seesterne, Meerjungfrauen, Clownsfische und andere - nehmen Mr. B mit auf seine imagin\u00e4re Reise in diese wundersch\u00f6ne Unterwasserwelt, in der die Fantasie zur Realit\u00e4t wird, und du bist eingeladen, ihm zu folgen. Aber sei vorsichtig! Du brauchst keine Sauerstoffflasche zum Atmen; lass dich einfach Ihren Gedanken freien Lauf, \u00f6ffne dein Herz und lass dich den Alltagsstress hinter dich!<\/p>\n<p>Pl\u00f6tzlich werden Millionen von Seifenblasen in allen Formen und Farben, der Schaum der Wellen und andere \u00dcberraschungen dich sofort verschlucken und in dieses Paralleluniversum der Freude und Freiheit entf\u00fchren. Hast du Angst vor der Ber\u00fchrung von Riesenquallen oder vor dem riesigen Wal, der neben dir auftaucht? Keine Sorge, denn Mr. B wird dich an der Hand durch diese Reise f\u00fchren und am Ende wirst du dich leichter, freier und gl\u00fccklicher f\u00fchlen.<\/p>\n<\/div>\n<\/div>\n<\/div>\n<\/div>\n<\/div>\n<\/div>\n<\/section>\n<div class=\"cc_spacer cc_size_sm\"><\/div>\n<section class=\"cc_outer cc_text_media cc_event_detail\" data-columns=\"1\" data-container-size=\"md\">\n<div class=\"container\">\n<div class=\"row\">\n<div class=\"column\">\n<div id=\"Inhalt\" class=\"cc_content_block cc_textmedia\">\n<div class=\"cc_content_wrap\">\n<div class=\"cc_content\"><\/div>\n<\/div>\n<\/div>\n<\/div>\n<\/div>\n<\/div>\n<\/section>","protected":false},"excerpt":{"rendered":"<p>Get your tickets now!<\/p>","protected":false},"featured_media":41841,"template":"","meta":{"_acf_changed":false,"inline_featured_image":false},"product_brand":[],"product_cat":[103,31,64,35,6730,494,21,58],"product_tag":[992,5705,941,951,958,3031,947,5704,948],"class_list":{"0":"post-41083","1":"product","2":"type-product","3":"status-publish","4":"has-post-thumbnail","6":"product_cat-chemnitz","7":"product_cat-events","8":"product_cat-musical-show","9":"product_cat-orte","10":"product_cat-show","11":"product_cat-stadthalle-chemnitz","12":"product_cat-ticket","13":"product_cat-veranstaltung","14":"product_tag-chemnitz","15":"product_tag-eine-fantastische-show-fuer-die-ganze-familie","16":"product_tag-events","17":"product_tag-kultur","18":"product_tag-show","19":"product_tag-stadthalle-chemnitz","20":"product_tag-ticket","21":"product_tag-underwater-bubble-show","22":"product_tag-veranstaltung","23":"product_shipping_class-nur_paketversand","24":"pa_discount-ermaessigt","25":"pa_discount-kind","26":"pa_discount-normalpreis","27":"pa_preiskategorie-pk-i","28":"pa_preiskategorie-pk-ii","29":"pa_preiskategorie-pk-iii","30":"pa_preiskategorie-pk-iv","32":"first","33":"instock","34":"taxable","35":"shipping-taxable","36":"purchasable","37":"product-type-variable"},"group_of_quantity":0,"min_quantity":0,"max_quantity":"","exclude_order_quantity_value_rules":"no","exclude_category_quantity_rules":"no","combine_variations":"no","acf":[],"_links":{"self":[{"href":"https:\/\/arena-ticket.com\/en\/wp-json\/wp\/v2\/product\/41083","targetHints":{"allow":["GET"]}}],"collection":[{"href":"https:\/\/arena-ticket.com\/en\/wp-json\/wp\/v2\/product"}],"about":[{"href":"https:\/\/arena-ticket.com\/en\/wp-json\/wp\/v2\/types\/product"}],"wp:featuredmedia":[{"embeddable":true,"href":"https:\/\/arena-ticket.com\/en\/wp-json\/wp\/v2\/media\/41841"}],"wp:attachment":[{"href":"https:\/\/arena-ticket.com\/en\/wp-json\/wp\/v2\/media?parent=41083"}],"wp:term":[{"taxonomy":"product_brand","embeddable":true,"href":"https:\/\/arena-ticket.com\/en\/wp-json\/wp\/v2\/product_brand?post=41083"},{"taxonomy":"product_cat","embeddable":true,"href":"https:\/\/arena-ticket.com\/en\/wp-json\/wp\/v2\/product_cat?post=41083"},{"taxonomy":"product_tag","embeddable":true,"href":"https:\/\/arena-ticket.com\/en\/wp-json\/wp\/v2\/product_tag?post=41083"}],"curies":[{"name":"wp","href":"https:\/\/api.w.org\/{rel}","templated":true}]}}