{"id":41097,"date":"2025-05-16T15:57:52","date_gmt":"2025-05-16T13:57:52","guid":{"rendered":"https:\/\/arena-ticket.com\/?p=41097&#038;post_type=product&#038;preview_id=41097"},"modified":"2025-05-16T16:03:15","modified_gmt":"2025-05-16T14:03:15","slug":"malou-lovis-things-i-wrote-down-last-night-tour-2025-leipzig-naumanns-im-felsenkeller-30-09-2025-2000-uhr","status":"publish","type":"product","link":"https:\/\/arena-ticket.com\/en\/product\/malou-lovis-things-i-wrote-down-last-night-tour-2025-leipzig-naumanns-im-felsenkeller-30-09-2025-2000-uhr\/","title":{"rendered":"Malou Lovis - Things I wrote down last night  - Tour 2025"},"content":{"rendered":"<p>Seit ihrem Triumph bei The Voice of Germany im Dezember 2023 hat sich f\u00fcr Malou Lovis einiges ver\u00e4ndert.<\/p>\n<p>Die 25-J\u00e4hrige, die in einem musikalischen Zuhause auf dem Land aufwuchs, begeisterte in der Show mit ihrer warmen, gef\u00fchlvollen Stimme und ihrer sympathischen Art. Ihre Coaches Bill und Tom Kaulitz sowie das Publikum waren sofort von ihr \u00fcberzeugt \u2013 und schlie\u00dflich gewann sie den Titel.<\/p>\n<p>Besonders bewegend war ihre Finalperformance von Glacier Rivers, ihrer selbst mitgeschriebenen Deb\u00fctsingle, in der sie ihr Coming-out thematisiert und ein klares Zeichen gegen Homophobie und Queerphobie setzt. Ein Moment, den sie sich selbst als Teenager im Fernsehen gew\u00fcnscht h\u00e4tte.<\/p>\n<p>Nach ihrem Sieg folgten gro\u00dfe TV- und Live-Auftritte, darunter die Silvesterfeier am Brandenburger Tor vor 65.000 Menschen und Schlag den Star. Mit einem Labelvertrag in der Tasche, neuen Songs und jeder Menge Energie ist Malou bereit, den n\u00e4chsten Schritt zu gehen.<\/p>\n<p>Bevor sie im September auf ihre erste eigene Club-Tour startet, begleitet sie Tokio Hotel als Support auf deren Europa-Tour \u2013 ein Versprechen, das live in der Show gegeben wurde und nun Wirklichkeit wir.<\/p>","protected":false},"excerpt":{"rendered":"<p>Ab M\u00e4rz auf gro\u00dfer Europa-Tournee und im Herbst auf erster, eigener Club-Tour.<\/p>","protected":false},"featured_media":41099,"template":"","meta":{"_acf_changed":false,"inline_featured_image":false},"product_brand":[],"product_cat":[31,69,86,451,35,6733,21,58],"product_tag":[941,942,943,5627,990,944,947,2981,948],"class_list":{"0":"post-41097","1":"product","2":"type-product","3":"status-publish","4":"has-post-thumbnail","6":"product_cat-events","7":"product_cat-konzert","8":"product_cat-leipzig","9":"product_cat-naumanns-im-felsenkeller","10":"product_cat-orte","11":"product_cat-pop","12":"product_cat-ticket","13":"product_cat-veranstaltung","14":"product_tag-events","15":"product_tag-konzert","16":"product_tag-leipzig","17":"product_tag-malou-lovis-things-i-wrote-down-last-night","18":"product_tag-naumanns-im-felsenkeller","19":"product_tag-orte","20":"product_tag-ticket","21":"product_tag-tour-2025","22":"product_tag-veranstaltung","23":"product_shipping_class-nur_paketversand","24":"pa_discount-normalpreis","25":"pa_preiskategorie-stehplatz","27":"first","28":"instock","29":"taxable","30":"shipping-taxable","31":"purchasable","32":"product-type-variable","33":"has-default-attributes"},"group_of_quantity":0,"min_quantity":0,"max_quantity":"","exclude_order_quantity_value_rules":"no","exclude_category_quantity_rules":"no","combine_variations":"no","acf":[],"_links":{"self":[{"href":"https:\/\/arena-ticket.com\/en\/wp-json\/wp\/v2\/product\/41097","targetHints":{"allow":["GET"]}}],"collection":[{"href":"https:\/\/arena-ticket.com\/en\/wp-json\/wp\/v2\/product"}],"about":[{"href":"https:\/\/arena-ticket.com\/en\/wp-json\/wp\/v2\/types\/product"}],"wp:featuredmedia":[{"embeddable":true,"href":"https:\/\/arena-ticket.com\/en\/wp-json\/wp\/v2\/media\/41099"}],"wp:attachment":[{"href":"https:\/\/arena-ticket.com\/en\/wp-json\/wp\/v2\/media?parent=41097"}],"wp:term":[{"taxonomy":"product_brand","embeddable":true,"href":"https:\/\/arena-ticket.com\/en\/wp-json\/wp\/v2\/product_brand?post=41097"},{"taxonomy":"product_cat","embeddable":true,"href":"https:\/\/arena-ticket.com\/en\/wp-json\/wp\/v2\/product_cat?post=41097"},{"taxonomy":"product_tag","embeddable":true,"href":"https:\/\/arena-ticket.com\/en\/wp-json\/wp\/v2\/product_tag?post=41097"}],"curies":[{"name":"wp","href":"https:\/\/api.w.org\/{rel}","templated":true}]}}