{"id":41106,"date":"2025-05-16T16:09:51","date_gmt":"2025-05-16T14:09:51","guid":{"rendered":"https:\/\/arena-ticket.com\/?p=41106&#038;post_type=product&#038;preview_id=41106"},"modified":"2025-05-16T17:06:31","modified_gmt":"2025-05-16T15:06:31","slug":"peppa-wutz-live-peppa-auf-abenteuer-alte-oper-erfurt-08-06-2025-1500-uhr","status":"publish","type":"product","link":"https:\/\/arena-ticket.com\/en\/product\/peppa-wutz-live-peppa-auf-abenteuer-alte-oper-erfurt-08-06-2025-1500-uhr\/","title":{"rendered":"Peppa Wutz live  - Peppa auf Abenteuer"},"content":{"rendered":"<p>Van Hoorne Studios, der Spezialist f\u00fcr Familienunterhaltung, ist stolz darauf, die weltweit beliebte Marke Peppa Wutz in deutschen Theatern pr\u00e4sentieren zu k\u00f6nnen. Das nagelneue Musical Peppa Wutz Live-Peppa auf Abenteuer l\u00e4uft jetzt in den Niederlanden und ist ein gro\u00dfer Publikumserfolg. Von September 2024 bis Juni 2025 ist die Show in 120 Theatern in Deutschland, \u00d6sterreich und der Schweiz zu sehen.<\/p>\n<p>Die enorm popul\u00e4re Peppa Wutz hat die Herzen von Kindern und Eltern auf der ganzen Welt erobert und Ihre Ankunft in Deutschland ist ein Meilenstein f\u00fcr Theater auf Tour by van Hoorne. In Zusammenarbeit mit dem Markeninhaber HASBRO bringt der Theaterproduzent das Musical in die deutschen Theater. Peppa Wutz ist f\u00fcr seine lustigen Geschichten und seine zeitlose Botschaft bekannt, in denen Freundschaft und Abenteuer im Mittelpunkt stehen.<\/p>\n<p>In dieser fr\u00f6hlichen Familienshow bereiten sich Peppa, ihr kleiner Bruder George und ihre Freunde gemeinsam auf einen spannenden Campingausflug in den Wald vor. Mit vorbereiteten Lunchpaketen und Papa Wutz am Steuer des Busses freuen sich Peppa und ihre Freunde darauf, loszufahren. Die Show voller Musik, Abenteuer und Humor bietet eine einzigartige Gelegenheit, die Magie von Peppa Wutz hautnah zu erleben.<\/p>\n<p>Peppa Wutz Live - Peppa auf Abenteuer ist eine tolle M\u00f6glichkeit, Kleinkindern einen ersten Einblick in die Theaterwelt zu geben. Die jahrelange Erfahrung im Bereich hochwertiger Familienunterhaltung in Kombination mit der unbestrittenen Popularit\u00e4t von Peppa Wutz macht die Show zu einem Fest f\u00fcr Jung und Alt! Nach der Vorstellung kommt Peppa Wutz ins Foyer des Theaters, um sich mit ihren kleinen Fans fotografieren zu lassen.<\/p>","protected":false},"excerpt":{"rendered":"<p>Die internationale Erfolgsshow mit der beliebten Figur Peppa Wutz ist jetzt endlich auch in Deutschland zu sehen.<\/p>","protected":false},"featured_media":41115,"template":"","meta":{"_acf_changed":false,"inline_featured_image":false},"product_brand":[],"product_cat":[5615,167,31,94,35,21,58],"product_tag":[5629,5628,3127,941,978,944,5631,5630,958,947,948],"class_list":{"0":"post-41106","1":"product","2":"type-product","3":"status-publish","4":"has-post-thumbnail","6":"product_cat-alte-oper","7":"product_cat-erfurt","8":"product_cat-events","9":"product_cat-kinder","10":"product_cat-orte","11":"product_cat-ticket","12":"product_cat-veranstaltung","13":"product_tag-alte-oper","14":"product_tag-alte-oper-erfurt","15":"product_tag-erfurt","16":"product_tag-events","17":"product_tag-kinder","18":"product_tag-orte","19":"product_tag-peppa-auf-abenteuer","20":"product_tag-peppa-wutz-live","21":"product_tag-show","22":"product_tag-ticket","23":"product_tag-veranstaltung","24":"product_shipping_class-abholung_paketversand","25":"pa_discount-kind-bis-14-jahre","26":"pa_discount-normalpreis","27":"pa_preiskategorie-pk-i","28":"pa_preiskategorie-pk-ii","29":"pa_preiskategorie-pk-iii","31":"first","32":"instock","33":"taxable","34":"shipping-taxable","35":"purchasable","36":"product-type-variable"},"group_of_quantity":0,"min_quantity":0,"max_quantity":"","exclude_order_quantity_value_rules":"no","exclude_category_quantity_rules":"no","combine_variations":"no","acf":[],"_links":{"self":[{"href":"https:\/\/arena-ticket.com\/en\/wp-json\/wp\/v2\/product\/41106","targetHints":{"allow":["GET"]}}],"collection":[{"href":"https:\/\/arena-ticket.com\/en\/wp-json\/wp\/v2\/product"}],"about":[{"href":"https:\/\/arena-ticket.com\/en\/wp-json\/wp\/v2\/types\/product"}],"wp:featuredmedia":[{"embeddable":true,"href":"https:\/\/arena-ticket.com\/en\/wp-json\/wp\/v2\/media\/41115"}],"wp:attachment":[{"href":"https:\/\/arena-ticket.com\/en\/wp-json\/wp\/v2\/media?parent=41106"}],"wp:term":[{"taxonomy":"product_brand","embeddable":true,"href":"https:\/\/arena-ticket.com\/en\/wp-json\/wp\/v2\/product_brand?post=41106"},{"taxonomy":"product_cat","embeddable":true,"href":"https:\/\/arena-ticket.com\/en\/wp-json\/wp\/v2\/product_cat?post=41106"},{"taxonomy":"product_tag","embeddable":true,"href":"https:\/\/arena-ticket.com\/en\/wp-json\/wp\/v2\/product_tag?post=41106"}],"curies":[{"name":"wp","href":"https:\/\/api.w.org\/{rel}","templated":true}]}}