{"id":41119,"date":"2025-05-16T17:07:47","date_gmt":"2025-05-16T15:07:47","guid":{"rendered":"https:\/\/arena-ticket.com\/?p=41119&#038;post_type=product&#038;preview_id=41119"},"modified":"2025-06-05T18:50:27","modified_gmt":"2025-06-05T16:50:27","slug":"gysi-vs-sonneborn-kanzlerduell-der-herzen-alte-oper-erfurt-02-07-2025-1930-uhr","status":"publish","type":"product","link":"https:\/\/arena-ticket.com\/en\/product\/gysi-vs-sonneborn-kanzlerduell-der-herzen-alte-oper-erfurt-02-07-2025-1930-uhr\/","title":{"rendered":"Gysi vs. Sonneborn  - Kanzlerduell der Herzen"},"content":{"rendered":"<p>Ein ganz linkes Ding. Ein Zwei-Personen-St\u00fcck.<br \/>\nEin Pingpong mit Geistesblitzen. Ein jeder des anderen Sparring-Partner.<br \/>\nDer versierte Oppositionspolitiker und der ebenso versierte Clown streiten vereint: im Einsatz gegen politische Routine. Gregor Gysi, der die Politik mit Witz reicher machen m\u00f6chte; Martin Sonneborn, der mit seinem Witz der Politik ein Armutszeugnis ausstellt \u2013 zwei testen im Gespr\u00e4ch, wieweit man gehen muss, um aus dem Rahmen zu fallen.<\/p>\n<p>\u201eDie PARTEI und die Linke an der Macht: Martin, da w\u00e4re was los in Deutschland!\u201c<\/p>\n<p>\u201ePunk! Es w\u00e4re Punk. Purer Punk!\u201c<\/p>\n<p>Gregor Gysi, geboren 1948, Rechtsanwalt und Politiker. Vertrat als Rechtsanwalt u.a. Robert Havemann, Rudolf Bahro und andere Regimekritiker. 1989-1992 Parteivorsitzender der PDS. 1990-202 und 2005-2015 Fraktionsvorsitzender der PDS und der Partei die Linke. MdB ist er weiterhin. Von Dezember 2016 - Dezember 2019 Pr\u00e4sident der Partei der Europ\u00e4ischen Linken. 2020 wurde er zum au\u00dfenpolitischen Sprecher der Fraktion Die Linke im Bundestag ernannt.<\/p>\n<p>Martin Sonneborn, geboren 1965 in G\u00f6ttingen, Studium der Publizistik, Germanistik und Politikwissenschaften in M\u00fcnster, Wien und Berlin; Magisterarbeit \u00fcber die absolute Wirkungslosigkeit moderner Satire. Mitherausgeber von Titanic. H\u00e4lt es f\u00fcr witzig, trotz seinerzeit schl\u00fcssiger wissenschaftlicher Argumentation seit mittlerweile sieben Jahren im EU-Parlament zu sitzen. Zuletzt erschien von ihm das Buch \u201e99 Ideen zur Wiederbelebung der politischen Utopie: Das kommunistische Manifest\u201c.<\/p>\n<p>Durch den Abend f\u00fchrt:<br \/>\nHans-Dieter Sch\u00fctt, 1948 in Ohrsdurf geboren, Studium der Theaterwissenschaften in Leipzig, war in der DDR Redakteur und Chefredakteur der Tageszeitung \u201eJunge Welt\u201c. Er Ver\u00f6ffentlichte zahlreiche Essays, Biographien und Interviewb\u00fccher. U.a. wirkte er an der Autobiographie von Gregor Gysi \u201eEin Leben ist zu wenig\u201c und dem Buch \u201eGysi vs. Sonneborn: Kanzlerduell der Herzen\u201c mit.<\/p>","protected":false},"excerpt":{"rendered":"<p>Secure your tickets!<\/p>","protected":false},"featured_media":41123,"template":"","meta":{"_acf_changed":false,"inline_featured_image":false},"product_brand":[],"product_cat":[5615,167,31,922,6764,35,21,58],"product_tag":[5629,5628,3127,941,5632,5633,951,944,947,948],"class_list":{"0":"post-41119","1":"product","2":"type-product","3":"status-publish","4":"has-post-thumbnail","6":"product_cat-alte-oper","7":"product_cat-erfurt","8":"product_cat-events","9":"product_cat-kultur","10":"product_cat-lesung","11":"product_cat-orte","12":"product_cat-ticket","13":"product_cat-veranstaltung","14":"product_tag-alte-oper","15":"product_tag-alte-oper-erfurt","16":"product_tag-erfurt","17":"product_tag-events","18":"product_tag-gysi-vs-sonneborn","19":"product_tag-kanzlerduell-der-herzen","20":"product_tag-kultur","21":"product_tag-orte","22":"product_tag-ticket","23":"product_tag-veranstaltung","24":"product_shipping_class-abholung_paketversand","25":"pa_discount-normalpreis","26":"pa_preiskategorie-pk-i","27":"pa_preiskategorie-pk-ii","28":"pa_preiskategorie-pk-iii","30":"first","31":"instock","32":"taxable","33":"shipping-taxable","34":"purchasable","35":"product-type-variable"},"group_of_quantity":0,"min_quantity":0,"max_quantity":"","exclude_order_quantity_value_rules":"no","exclude_category_quantity_rules":"no","combine_variations":"no","acf":[],"_links":{"self":[{"href":"https:\/\/arena-ticket.com\/en\/wp-json\/wp\/v2\/product\/41119","targetHints":{"allow":["GET"]}}],"collection":[{"href":"https:\/\/arena-ticket.com\/en\/wp-json\/wp\/v2\/product"}],"about":[{"href":"https:\/\/arena-ticket.com\/en\/wp-json\/wp\/v2\/types\/product"}],"wp:featuredmedia":[{"embeddable":true,"href":"https:\/\/arena-ticket.com\/en\/wp-json\/wp\/v2\/media\/41123"}],"wp:attachment":[{"href":"https:\/\/arena-ticket.com\/en\/wp-json\/wp\/v2\/media?parent=41119"}],"wp:term":[{"taxonomy":"product_brand","embeddable":true,"href":"https:\/\/arena-ticket.com\/en\/wp-json\/wp\/v2\/product_brand?post=41119"},{"taxonomy":"product_cat","embeddable":true,"href":"https:\/\/arena-ticket.com\/en\/wp-json\/wp\/v2\/product_cat?post=41119"},{"taxonomy":"product_tag","embeddable":true,"href":"https:\/\/arena-ticket.com\/en\/wp-json\/wp\/v2\/product_tag?post=41119"}],"curies":[{"name":"wp","href":"https:\/\/api.w.org\/{rel}","templated":true}]}}