{"id":41129,"date":"2025-05-16T17:38:13","date_gmt":"2025-05-16T15:38:13","guid":{"rendered":"https:\/\/arena-ticket.com\/?p=41129&#038;post_type=product&#038;preview_id=41129"},"modified":"2025-05-16T17:52:30","modified_gmt":"2025-05-16T15:52:30","slug":"takida-the-summer-in-germany-2025-festwiese-erfurt-28-08-2025-1900-uhr","status":"publish","type":"product","link":"https:\/\/arena-ticket.com\/en\/product\/takida-the-summer-in-germany-2025-festwiese-erfurt-28-08-2025-1900-uhr\/","title":{"rendered":"tAKiDA  - The Summer in Germany 2025"},"content":{"rendered":"<p>Schwedische Multi-Platin-Rockband im Sommer 2025 erneut auf Deutschland-Tour<\/p>\n<p>Sie f\u00fchren die Radio-Airplay-Charts an, treten in immer gr\u00f6\u00dferen Spielorten auf und bringen ihren unverwechselbaren Sound unter eine kontinuierlich wachsende Fanschar \u2013 die schwedische Multi-Platin-Band tAKiDA befindet sich momentan auf dem H\u00f6hepunkt ihres Erfolges. Den baut das Quintett mit seinem neuen Album \u201eThe Agony Flame\u201c, das im Februar 2024 erschienen ist und gleichzeitig die Debutver\u00f6ffentlichung der Band auf ihrem neuen Label Napalm Records darstellt, auch weiterhin aus. Im Sommer 2025 kommen tAKIDA erneut f\u00fcr zw\u00f6lf Shows nach Deutschland! tAKiDA haben bereits sechs Platin-Singles (eine davon 4-fach Platin), drei Platin-Alben und f\u00fcnf #1-Alben vorzuweisen. Im Jahr 2023 spielt die Band ihre bisher gr\u00f6\u00dfte Tournee, die sie in ihrem Heimatland durch ausverkaufte Arenen und europaweit auf gro\u00dfe Festivalb\u00fchnen f\u00fchrt \u2013 wie beispielsweise eine der Hauptb\u00fchnen des Wacken Open Airs. Ihre \u201eSmoke &amp; Mirrors\u201c-Tour im April 2024 setzt die Erfolgsstory mit ausverkauften Shows in Deutschland, \u00d6sterreich und der Schweiz fort. Nun k\u00fcndigt die Band f\u00fcr den Sommer 2025 ihre R\u00fcckkehr nach Deutschland in Form von zw\u00f6lf Shows an!<\/p>\n<p>Das neue Album \u201eThe Agony Flame\u201c verk\u00f6rpert einmal mehr den unverkennbaren tAKiDASound mit seinen ansteckenden, hymnischen Refrains \u2013 und S\u00e4nger Robert Pettersson pr\u00e4sentiert sich hierauf zudem in seiner bisherigen Bestform. Mit \u201eThe Lonliest Hour\u201c, dem ersten Song der neuen Platte, der bereits im Sommer 2023 als eigenst\u00e4ndige Single ver\u00f6ffentlicht wurde und direkt auf Platz 1 der Deutschen Rock Radio Airplay Charts einsteigt, gelingt tAKIDA dann auch prompt ihr bisher gr\u00f6\u00dfter Radioerfolg. Mit starken und emotionalen Songs wie \u201eYour Blood Awaits You\u201c, \u201eThird Strike\u201d und \u201cOn The Line\u201d h\u00e4lt \u201cThe Agony Flame\u201d in jedem Fall noch weitere Hit-Kanditaten bereit. Die Songs des neuen Albums versprechen, die ohnehin bereits mitrei\u00dfenden Live-Sets von tAKIDA auf das n\u00e4chste Level zu heben!<\/p>\n<p>Im Support: Those Damn Crows<\/p>","protected":false},"excerpt":{"rendered":"<p>Im Sommer 2025 gehen tAKiDA auf Deutschland-Tour<\/p>","protected":false},"featured_media":41131,"template":"","meta":{"_acf_changed":false,"inline_featured_image":false},"product_brand":[],"product_cat":[167,31,5616,69,6736,35,21,58],"product_tag":[4749,3127,941,5634,942,944,4748,947,948],"class_list":{"0":"post-41129","1":"product","2":"type-product","3":"status-publish","4":"has-post-thumbnail","6":"product_cat-erfurt","7":"product_cat-events","8":"product_cat-festwiese","9":"product_cat-konzert","10":"product_cat-metal-metalcore","11":"product_cat-orte","12":"product_cat-ticket","13":"product_cat-veranstaltung","14":"product_tag-the-summer-in-germany-2025","15":"product_tag-erfurt","16":"product_tag-events","17":"product_tag-festwiese-erfurt","18":"product_tag-konzert","19":"product_tag-orte","20":"product_tag-takida","21":"product_tag-ticket","22":"product_tag-veranstaltung","23":"product_shipping_class-nur_paketversand","24":"pa_discount-normalpreis","25":"pa_preiskategorie-stehplatz","27":"first","28":"instock","29":"taxable","30":"shipping-taxable","31":"purchasable","32":"product-type-variable"},"group_of_quantity":0,"min_quantity":0,"max_quantity":"","exclude_order_quantity_value_rules":"no","exclude_category_quantity_rules":"no","combine_variations":"no","acf":[],"_links":{"self":[{"href":"https:\/\/arena-ticket.com\/en\/wp-json\/wp\/v2\/product\/41129","targetHints":{"allow":["GET"]}}],"collection":[{"href":"https:\/\/arena-ticket.com\/en\/wp-json\/wp\/v2\/product"}],"about":[{"href":"https:\/\/arena-ticket.com\/en\/wp-json\/wp\/v2\/types\/product"}],"wp:featuredmedia":[{"embeddable":true,"href":"https:\/\/arena-ticket.com\/en\/wp-json\/wp\/v2\/media\/41131"}],"wp:attachment":[{"href":"https:\/\/arena-ticket.com\/en\/wp-json\/wp\/v2\/media?parent=41129"}],"wp:term":[{"taxonomy":"product_brand","embeddable":true,"href":"https:\/\/arena-ticket.com\/en\/wp-json\/wp\/v2\/product_brand?post=41129"},{"taxonomy":"product_cat","embeddable":true,"href":"https:\/\/arena-ticket.com\/en\/wp-json\/wp\/v2\/product_cat?post=41129"},{"taxonomy":"product_tag","embeddable":true,"href":"https:\/\/arena-ticket.com\/en\/wp-json\/wp\/v2\/product_tag?post=41129"}],"curies":[{"name":"wp","href":"https:\/\/api.w.org\/{rel}","templated":true}]}}