{"id":41365,"date":"2025-05-20T16:33:51","date_gmt":"2025-05-20T14:33:51","guid":{"rendered":"https:\/\/arena-ticket.com\/?p=41365&#038;post_type=product&#038;preview_id=41365"},"modified":"2025-08-04T15:29:53","modified_gmt":"2025-08-04T13:29:53","slug":"swr-big-band-max-mutzke-soul-viel-mehr-haus-leipzig-11-10-2025-2000-uhr","status":"publish","type":"product","link":"https:\/\/arena-ticket.com\/en\/product\/swr-big-band-max-mutzke-soul-viel-mehr-haus-leipzig-11-10-2025-2000-uhr\/","title":{"rendered":"SWR Big Band &amp; Max Mutzke  - Soul viel mehr"},"content":{"rendered":"<p><span class=\"Apple-converted-space\">\u00a0<\/span>Soul viel mehr \u2013 gro\u00dfe Deutschlandtour 2025<span class=\"Apple-converted-space\">\u00a0<\/span><\/p>\n<p>Die erfolgreichste Big Band Show Deutschlands ist zur\u00fcck. Max Mutzke und die SWR Big Band gehen<br \/>\nim Herbst 2025 auf ihre bisher gr\u00f6\u00dfte gemeinsame Tour durch ganz Deutschland.<span class=\"Apple-converted-space\">\u00a0<\/span><\/p>\n<p>Leidenschaft und Talent kann man nicht wirklich lernen \u2013 Max Mutzke hat beides im \u00dcberfluss. Er hat die Gabe das Publikum in seinen Bann zu ziehen und das stellt das deutsche Ausnahmetalent aus dem Schwarzwald seit 20 Jahren immer wieder eindrucksvoll unter Beweis.\u00a0Wenn dann dieses Kraftpaket auf die mehrfach Grammy-nominierte SWR Big Band trifft, dann verschmilzt das zu einem energiegeladenen Spektakel aus Talent und K\u00f6nnen, die wortw\u00f6rtlich von den Sitzen rei\u00dft. Verbunden mit unb\u00e4ndiger Spielfreude gleicht kein Abend dem anderen und ist f\u00fcr das Publikum jedes Mal ein exklusives Erlebnis. Soul viel mehr bietet einen Mix aus Mutzke-Hits wie Welt hinter Glas, Can\u00b4t wait until tonight, oder Marie sowie Soul &amp; Hip-Hop-Klassikern wie Me &amp; Mrs. Jones und Songs von Alicia Keys, Will Smith, Anderson Paak oder Sly &amp; The Family Stone.<span class=\"Apple-converted-space\">\u00a0<\/span><\/p>\n<p>Freuen Sie sich auf ein besonderes Konzert mit einer charismatischen Stimme, verpackt im vollen Big Band Sound auf der H\u00f6he der Zeit.<\/p>","protected":false},"excerpt":{"rendered":"<p>Freuen Sie sich auf ein besonderes Konzert mit einer charismatischen Stimme, verpackt im vollen Big Band Sound auf der H\u00f6he der Zeit. Jetzt Tickets hier sichern!<\/p>","protected":false},"featured_media":41368,"template":"","meta":{"_acf_changed":false,"inline_featured_image":false},"product_brand":[],"product_cat":[31,349,6740,69,86,35,21,58],"product_tag":[941,955,942,943,944,5655,5654,947,948],"class_list":{"0":"post-41365","1":"product","2":"type-product","3":"status-publish","4":"has-post-thumbnail","6":"product_cat-events","7":"product_cat-haus-leipzig","8":"product_cat-jazz-blues","9":"product_cat-konzert","10":"product_cat-leipzig","11":"product_cat-orte","12":"product_cat-ticket","13":"product_cat-veranstaltung","14":"product_tag-events","15":"product_tag-haus-leipzig","16":"product_tag-konzert","17":"product_tag-leipzig","18":"product_tag-orte","19":"product_tag-soul-viel-mehr","20":"product_tag-swr-big-band-max-mutzke","21":"product_tag-ticket","22":"product_tag-veranstaltung","23":"product_shipping_class-nur_paketversand","24":"pa_discount-normalpreis","25":"pa_preiskategorie-pk-i","26":"pa_preiskategorie-pk-ii","27":"pa_preiskategorie-pk3-stehplatz","29":"first","30":"instock","31":"taxable","32":"shipping-taxable","33":"purchasable","34":"product-type-variable"},"group_of_quantity":0,"min_quantity":0,"max_quantity":"","exclude_order_quantity_value_rules":"no","exclude_category_quantity_rules":"no","combine_variations":"no","acf":[],"_links":{"self":[{"href":"https:\/\/arena-ticket.com\/en\/wp-json\/wp\/v2\/product\/41365","targetHints":{"allow":["GET"]}}],"collection":[{"href":"https:\/\/arena-ticket.com\/en\/wp-json\/wp\/v2\/product"}],"about":[{"href":"https:\/\/arena-ticket.com\/en\/wp-json\/wp\/v2\/types\/product"}],"wp:featuredmedia":[{"embeddable":true,"href":"https:\/\/arena-ticket.com\/en\/wp-json\/wp\/v2\/media\/41368"}],"wp:attachment":[{"href":"https:\/\/arena-ticket.com\/en\/wp-json\/wp\/v2\/media?parent=41365"}],"wp:term":[{"taxonomy":"product_brand","embeddable":true,"href":"https:\/\/arena-ticket.com\/en\/wp-json\/wp\/v2\/product_brand?post=41365"},{"taxonomy":"product_cat","embeddable":true,"href":"https:\/\/arena-ticket.com\/en\/wp-json\/wp\/v2\/product_cat?post=41365"},{"taxonomy":"product_tag","embeddable":true,"href":"https:\/\/arena-ticket.com\/en\/wp-json\/wp\/v2\/product_tag?post=41365"}],"curies":[{"name":"wp","href":"https:\/\/api.w.org\/{rel}","templated":true}]}}