{"id":41374,"date":"2025-05-20T16:47:15","date_gmt":"2025-05-20T14:47:15","guid":{"rendered":"https:\/\/arena-ticket.com\/?p=41374&#038;post_type=product&#038;preview_id=41374"},"modified":"2025-05-20T16:53:34","modified_gmt":"2025-05-20T14:53:34","slug":"samuel-sibilski-reicht-langsam-leipzig-kupfersaal-08-01-2026-2000-uhr","status":"publish","type":"product","link":"https:\/\/arena-ticket.com\/en\/product\/samuel-sibilski-reicht-langsam-leipzig-kupfersaal-08-01-2026-2000-uhr\/","title":{"rendered":"Samuel Sibilski - Reicht langsam!"},"content":{"rendered":"<p>\u201eReicht langsam!\u201c von Samuel Sibilski ist ein eindringliches Werk, das sich mit den Herausforderungen und Frustrationen des modernen Lebens auseinandersetzt.<br \/>\nDer Autor thematisiert die st\u00e4ndige \u00dcberforderung, die viele Menschen empfinden, und fordert dazu auf, innezuhalten und die eigenen Priorit\u00e4ten zu \u00fcberdenken.<br \/>\nDurch eine klare und pr\u00e4gnante Sprache gelingt es Sibilski, die Leser zum Nachdenken anzuregen. Er beleuchtet die gesellschaftlichen Erwartungen und den Druck, der auf Individuen lastet. Gleichzeitig bietet er Perspektiven, wie man aus diesem Hamsterrad ausbrechen kann. Die Botschaft ist klar: Es ist wichtig, sich Zeit f\u00fcr sich selbst zu nehmen und die eigenen Bed\u00fcrfnisse ernst zu nehmen. Sibilski ermutigt dazu, das Tempo des Lebens zu drosseln und bewusster zu leben.<br \/>\nInsgesamt ist das Buch eine wertvolle Einladung, das eigene Leben zu reflektieren und Ver\u00e4nderungen anzustreben.<\/p>","protected":false},"excerpt":{"rendered":"<p>Get your tickets here now!<\/p>","protected":false},"featured_media":41378,"template":"","meta":{"_acf_changed":false,"inline_featured_image":false},"product_brand":[],"product_cat":[6725,31,95,430,86,35,21,58],"product_tag":[954,941,951,968,943,944,5657,5656,958,947,948],"class_list":{"0":"post-41374","1":"product","2":"type-product","3":"status-publish","4":"has-post-thumbnail","6":"product_cat-comedy","7":"product_cat-events","8":"product_cat-humor","9":"product_cat-kupfersaal","10":"product_cat-leipzig","11":"product_cat-orte","12":"product_cat-ticket","13":"product_cat-veranstaltung","14":"product_tag-comedy","15":"product_tag-events","16":"product_tag-kultur","17":"product_tag-kupfersaal","18":"product_tag-leipzig","19":"product_tag-orte","20":"product_tag-reicht-langsam","21":"product_tag-samuel-sibilski","22":"product_tag-show","23":"product_tag-ticket","24":"product_tag-veranstaltung","25":"product_shipping_class-nur_paketversand","26":"pa_discount-ermaessigt","27":"pa_discount-normalpreis","28":"pa_preiskategorie-freie-platzwahl","30":"first","31":"instock","32":"taxable","33":"shipping-taxable","34":"purchasable","35":"product-type-variable"},"group_of_quantity":0,"min_quantity":0,"max_quantity":"","exclude_order_quantity_value_rules":"no","exclude_category_quantity_rules":"no","combine_variations":"no","acf":[],"_links":{"self":[{"href":"https:\/\/arena-ticket.com\/en\/wp-json\/wp\/v2\/product\/41374","targetHints":{"allow":["GET"]}}],"collection":[{"href":"https:\/\/arena-ticket.com\/en\/wp-json\/wp\/v2\/product"}],"about":[{"href":"https:\/\/arena-ticket.com\/en\/wp-json\/wp\/v2\/types\/product"}],"wp:featuredmedia":[{"embeddable":true,"href":"https:\/\/arena-ticket.com\/en\/wp-json\/wp\/v2\/media\/41378"}],"wp:attachment":[{"href":"https:\/\/arena-ticket.com\/en\/wp-json\/wp\/v2\/media?parent=41374"}],"wp:term":[{"taxonomy":"product_brand","embeddable":true,"href":"https:\/\/arena-ticket.com\/en\/wp-json\/wp\/v2\/product_brand?post=41374"},{"taxonomy":"product_cat","embeddable":true,"href":"https:\/\/arena-ticket.com\/en\/wp-json\/wp\/v2\/product_cat?post=41374"},{"taxonomy":"product_tag","embeddable":true,"href":"https:\/\/arena-ticket.com\/en\/wp-json\/wp\/v2\/product_tag?post=41374"}],"curies":[{"name":"wp","href":"https:\/\/api.w.org\/{rel}","templated":true}]}}