{"id":41379,"date":"2025-05-20T17:05:37","date_gmt":"2025-05-20T15:05:37","guid":{"rendered":"https:\/\/arena-ticket.com\/?p=41379&#038;post_type=product&#038;preview_id=41379"},"modified":"2026-01-15T17:18:47","modified_gmt":"2026-01-15T16:18:47","slug":"starbugs-comedy-jump-reloaded-leipzig-kupfersaal-13-03-2027-2000-uhr","status":"publish","type":"product","link":"https:\/\/arena-ticket.com\/en\/product\/starbugs-comedy-jump-reloaded-leipzig-kupfersaal-13-03-2027-2000-uhr\/","title":{"rendered":"Starbugs Comedy  - JUMP! Reloaded"},"content":{"rendered":"<p>STARBUGS COMEDY sind die \u00dcberflieger der Schweizer Show-Szene und die weltweit erfolgreichste Schweizer Comedy-Show.<\/p>\n<p>Von New York bis Tokio haben sich die drei Komiker in die Herzen des Publikums gespielt.<br \/>\n\u201eJUMP!\u201c die neue Comedy Show der drei Schweizer, die wieder mit Nadja Sieger als Regisseurin entstanden ist, hat die Welt noch nicht gesehen. Mit hinreissender, verbl\u00fcffender Dynamik verlassen sie in ihrer neuen Show die bekannten Sph\u00e4ren der Comedy. Die drei coolen Typen ziehen ihr Publikum so umwerfend fantasievoll, witzig und listig herein, dass es aus dem Staunen nicht mehr herausfindet. \u00abJUMP!\u00bb begeistert seit der Premiere Zuschauer auf der ganzen Welt. Durch die Pandemie wurde die Tour auf ihrem H\u00f6hepunkt abrupt unterbrochen. Zeit f\u00fcr ein Refresh! Nun sind Starbugs Comedy mit ihrer \u00fcberarbeiteten Show \u00abJUMP! Reloaded\u00bb auf Tournee. Eine Show mit vielen Updates: Noch schneller und \u00fcberraschender. Ein Muss f\u00fcr alle, die \u00abJUMP!\u00bb schon einmal, zweimal oder noch gar nie gesehen haben.<\/p>\n<p>ABSPRUNG AUS 10\u00b4000 METERN<\/p>\n<p>Auf dem R\u00fcckweg ihrer gro\u00dfen Welttournee springen Starbugs Comedy diesmal sogar aus 10.000 Metern ab, um rechtzeitig mit JUMP! Reloaded bei ihrem Publikum zu landen. Das Update ist so wirkungsvoll, dass die Standing Ovation oft schon vor der Show kommt. Auf ihrer gro\u00dfen Japantournee in China lernten die drei Jungs Salsa zu tanzen und haben bei ihrer Reise durch die unendlichen Galaxien der Showszene viele neue Gadgets eingepackt, um ihr Publikum spielend zu unterhalten. Lustiger, spannender und unterhaltsamer war JUMP! noch nie. Eben JUMP! Reloaded.<\/p>","protected":false},"excerpt":{"rendered":"<p>Starbugs Comedy mit ihrer \u00fcberarbeiteten Show \u00abJUMP! Reloaded - Die wohl verr\u00fcckteste Comedy-Show \u00bb auf Tournee!<\/p>","protected":false},"featured_media":63666,"template":"","meta":{"_acf_changed":false,"inline_featured_image":false},"product_brand":[],"product_cat":[6725,31,95,430,86,35,21,58],"product_tag":[954,941,6774,5659,951,968,943,944,958,5658,947,948],"class_list":{"0":"post-41379","1":"product","2":"type-product","3":"status-publish","4":"has-post-thumbnail","6":"product_cat-comedy","7":"product_cat-events","8":"product_cat-humor","9":"product_cat-kupfersaal","10":"product_cat-leipzig","11":"product_cat-orte","12":"product_cat-ticket","13":"product_cat-veranstaltung","14":"product_tag-comedy","15":"product_tag-events","16":"product_tag-humor","17":"product_tag-jump-reloaded","18":"product_tag-kultur","19":"product_tag-kupfersaal","20":"product_tag-leipzig","21":"product_tag-orte","22":"product_tag-show","23":"product_tag-starbugs-comedy","24":"product_tag-ticket","25":"product_tag-veranstaltung","26":"product_shipping_class-nur_paketversand","27":"pa_discount-ermaessigt","28":"pa_discount-normalpreis","29":"pa_preiskategorie-freie-platzwahl","31":"first","32":"instock","33":"taxable","34":"shipping-taxable","35":"purchasable","36":"product-type-variable"},"group_of_quantity":0,"min_quantity":0,"max_quantity":"","exclude_order_quantity_value_rules":"no","exclude_category_quantity_rules":"no","combine_variations":"no","acf":[],"_links":{"self":[{"href":"https:\/\/arena-ticket.com\/en\/wp-json\/wp\/v2\/product\/41379","targetHints":{"allow":["GET"]}}],"collection":[{"href":"https:\/\/arena-ticket.com\/en\/wp-json\/wp\/v2\/product"}],"about":[{"href":"https:\/\/arena-ticket.com\/en\/wp-json\/wp\/v2\/types\/product"}],"wp:featuredmedia":[{"embeddable":true,"href":"https:\/\/arena-ticket.com\/en\/wp-json\/wp\/v2\/media\/63666"}],"wp:attachment":[{"href":"https:\/\/arena-ticket.com\/en\/wp-json\/wp\/v2\/media?parent=41379"}],"wp:term":[{"taxonomy":"product_brand","embeddable":true,"href":"https:\/\/arena-ticket.com\/en\/wp-json\/wp\/v2\/product_brand?post=41379"},{"taxonomy":"product_cat","embeddable":true,"href":"https:\/\/arena-ticket.com\/en\/wp-json\/wp\/v2\/product_cat?post=41379"},{"taxonomy":"product_tag","embeddable":true,"href":"https:\/\/arena-ticket.com\/en\/wp-json\/wp\/v2\/product_tag?post=41379"}],"curies":[{"name":"wp","href":"https:\/\/api.w.org\/{rel}","templated":true}]}}