{"id":41382,"date":"2025-05-20T17:15:31","date_gmt":"2025-05-20T15:15:31","guid":{"rendered":"https:\/\/arena-ticket.com\/?p=41382&#038;post_type=product&#038;preview_id=41382"},"modified":"2025-05-21T15:12:04","modified_gmt":"2025-05-21T13:12:04","slug":"bayoogie-masters-die-4-pianeure-mississippi-spirit-an-zwei-fluegeln-leipzig-kupfersaal-27-09-2026-2000-uhr","status":"publish","type":"product","link":"https:\/\/arena-ticket.com\/en\/product\/bayoogie-masters-die-4-pianeure-mississippi-spirit-an-zwei-fluegeln-leipzig-kupfersaal-27-09-2026-2000-uhr\/","title":{"rendered":"Bayoogie Masters: Die 4 Pianeure  - Mississippi Spirit an zwei Fl\u00fcgeln"},"content":{"rendered":"<p>Entlang des gr\u00f6\u00dften Flusses der Vereinigten Staaten ist die Musik so unterschiedlich wie die Landschaft und die Menschen. Die Vielfalt an Kl\u00e4ngen ist enorm. Egal ob man auf dem Mississippi mit einem der ber\u00fchmten Steamboat Dampfer f\u00e4hrt, oder sich einen kurzen Ausflug in St\u00e4dte wie St. Louis, Memphis oder New Orleans g\u00f6nnt.<\/p>\n<p>Spannend sind aber auch die kleinen Ortschaften und ihre urigen Barrelhouses und Spelunken. Musik \u00fcberall. Von Blues \u00fcber Boogie Woogie bis zum legend\u00e4ren New Orleans Jazz l\u00e4ngst vergangener Tage. Virtuos und mit viel Vergn\u00fcgen begeistern die 4 Pianeure genau mit dieser Musikmischung in ihrem neuen B\u00fchnenprogramm ihr Publikum.<\/p>\n<p>Und das dankt es Ihnen bei jedem Konzert mit stehenden Ovationen. Denn die Dramaturgie ist unvergleichlich. Das spontane Miteinander zu zweit, zu dritt und nat\u00fcrlich zu viert verspricht einen kurzweiligen Konzertabend. Die 4 Pianeure: Edwin Kimmler, Landshut, spielt Gitarre, Harp und nat\u00fcrlich Klavier und singt wie der Teufel an der ber\u00fchmten Kreuzung. Jan Luley, Bad Hersfeld, beherrscht m\u00fchelos das gesamte Spektrum des traditionellen Jazz am Klavier, versteht sich aber besonders auf New Orleans Grooves.<\/p>\n<p>Christian Christl, Essen, pr\u00e4feriert das Barrelhouse Piano und die Virtuosit\u00e4t des Boogie Woogie. Matthias Heiligensetzer, Allg\u00e4u, ist fasziniert von Rock`n Roll, Boogie Woogie und New Orleans Piano der gro\u00dfen Meister.<\/p>","protected":false},"excerpt":{"rendered":"<p>Von Blues \u00fcber Boogie Woogie bis zum legend\u00e4ren New Orleans Jazz. Virtuos und mit viel Vergn\u00fcgen begeistern die 4 Pianeure genau mit dieser Musikmischung in ihrem neuen B\u00fchnenprogramm ihr Publikum.<\/p>","protected":false},"featured_media":41384,"template":"","meta":{"_acf_changed":false,"inline_featured_image":false},"product_brand":[],"product_cat":[31,69,430,86,35,6749,21,58],"product_tag":[5660,5661,941,942,951,968,943,5662,944,947,948],"class_list":{"0":"post-41382","1":"product","2":"type-product","3":"status-publish","4":"has-post-thumbnail","6":"product_cat-events","7":"product_cat-konzert","8":"product_cat-kupfersaal","9":"product_cat-leipzig","10":"product_cat-orte","11":"product_cat-sonstiges_konzert","12":"product_cat-ticket","13":"product_cat-veranstaltung","14":"product_tag-bayoogie-masters-mit-frank-muschalle","15":"product_tag-bayoogie-masters-die-4-pianeure","16":"product_tag-events","17":"product_tag-konzert","18":"product_tag-kultur","19":"product_tag-kupfersaal","20":"product_tag-leipzig","21":"product_tag-mississippi-spirit-an-zwei-fluegeln","22":"product_tag-orte","23":"product_tag-ticket","24":"product_tag-veranstaltung","25":"product_shipping_class-nur_paketversand","26":"pa_discount-ermaessigt","27":"pa_discount-normalpreis","28":"pa_preiskategorie-freie-platzwahl","30":"first","31":"instock","32":"taxable","33":"shipping-taxable","34":"purchasable","35":"product-type-variable"},"group_of_quantity":0,"min_quantity":0,"max_quantity":"","exclude_order_quantity_value_rules":"no","exclude_category_quantity_rules":"no","combine_variations":"no","acf":[],"_links":{"self":[{"href":"https:\/\/arena-ticket.com\/en\/wp-json\/wp\/v2\/product\/41382","targetHints":{"allow":["GET"]}}],"collection":[{"href":"https:\/\/arena-ticket.com\/en\/wp-json\/wp\/v2\/product"}],"about":[{"href":"https:\/\/arena-ticket.com\/en\/wp-json\/wp\/v2\/types\/product"}],"wp:featuredmedia":[{"embeddable":true,"href":"https:\/\/arena-ticket.com\/en\/wp-json\/wp\/v2\/media\/41384"}],"wp:attachment":[{"href":"https:\/\/arena-ticket.com\/en\/wp-json\/wp\/v2\/media?parent=41382"}],"wp:term":[{"taxonomy":"product_brand","embeddable":true,"href":"https:\/\/arena-ticket.com\/en\/wp-json\/wp\/v2\/product_brand?post=41382"},{"taxonomy":"product_cat","embeddable":true,"href":"https:\/\/arena-ticket.com\/en\/wp-json\/wp\/v2\/product_cat?post=41382"},{"taxonomy":"product_tag","embeddable":true,"href":"https:\/\/arena-ticket.com\/en\/wp-json\/wp\/v2\/product_tag?post=41382"}],"curies":[{"name":"wp","href":"https:\/\/api.w.org\/{rel}","templated":true}]}}