{"id":41423,"date":"2025-05-21T13:32:41","date_gmt":"2025-05-21T11:32:41","guid":{"rendered":"https:\/\/arena-ticket.com\/?p=41423&#038;post_type=product&#038;preview_id=41423"},"modified":"2026-01-28T15:14:18","modified_gmt":"2026-01-28T14:14:18","slug":"dominik-eulberg-biodiversitaetsshow-leipzig-kupfersaal-28-03-2026-2000-uhr","status":"publish","type":"product","link":"https:\/\/arena-ticket.com\/en\/product\/dominik-eulberg-biodiversitaetsshow-leipzig-kupfersaal-28-03-2026-2000-uhr\/","title":{"rendered":"Dominik Eulberg - Biodiversit\u00e4tsshow"},"content":{"rendered":"<p>In seiner audiovisuellen Biodiversit\u00e4tsshow \u201ePrachtliebe &amp; Wunderfakten\u201c verbindet der international erfolgreiche DJ, Produzent und leidenschaftliche Naturliebhaber elektronische Klangkunst mit wissenschaftlichem Tiefgang. Was entsteht, ist ein im- mersives Erlebnis, das Herz, Hirn und Sinne zugleich anspricht.<\/p>","protected":false},"excerpt":{"rendered":"<p>Dominik Eulberg entf\u00fchrt uns in seiner multimedialen, audiovisuellen Show in die Wunderwelt der Natur. Er zeigt, was Biodiversit\u00e4t bedeutet, wie es um sie steht und wie wir sinnvoll handeln k\u00f6nnen.<\/p>","protected":false},"featured_media":64685,"template":"","meta":{"_acf_changed":false,"inline_featured_image":false},"product_brand":[],"product_cat":[6747,31,69,430,86,64,35,6730,21,58],"product_tag":[5665,954,5664,2457,941,942,951,968,943,6773,944,958,947,948],"class_list":{"0":"post-41423","1":"product","2":"type-product","3":"status-publish","4":"has-post-thumbnail","6":"product_cat-electronic","7":"product_cat-events","8":"product_cat-konzert","9":"product_cat-kupfersaal","10":"product_cat-leipzig","11":"product_cat-musical-show","12":"product_cat-orte","13":"product_cat-show","14":"product_cat-ticket","15":"product_cat-veranstaltung","16":"product_tag-biodiversitaetsshow","17":"product_tag-comedy","18":"product_tag-dominik-eulberg","19":"product_tag-electronic","20":"product_tag-events","21":"product_tag-konzert","22":"product_tag-kultur","23":"product_tag-kupfersaal","24":"product_tag-leipzig","25":"product_tag-musical-show","26":"product_tag-orte","27":"product_tag-show","28":"product_tag-ticket","29":"product_tag-veranstaltung","30":"product_shipping_class-nur_paketversand","31":"pa_discount-ermaessigt","32":"pa_discount-normalpreis","33":"pa_preiskategorie-freie-platzwahl","35":"first","36":"outofstock","37":"taxable","38":"shipping-taxable","39":"purchasable","40":"product-type-variable"},"group_of_quantity":0,"min_quantity":0,"max_quantity":"","exclude_order_quantity_value_rules":"no","exclude_category_quantity_rules":"no","combine_variations":"no","acf":[],"_links":{"self":[{"href":"https:\/\/arena-ticket.com\/en\/wp-json\/wp\/v2\/product\/41423","targetHints":{"allow":["GET"]}}],"collection":[{"href":"https:\/\/arena-ticket.com\/en\/wp-json\/wp\/v2\/product"}],"about":[{"href":"https:\/\/arena-ticket.com\/en\/wp-json\/wp\/v2\/types\/product"}],"wp:featuredmedia":[{"embeddable":true,"href":"https:\/\/arena-ticket.com\/en\/wp-json\/wp\/v2\/media\/64685"}],"wp:attachment":[{"href":"https:\/\/arena-ticket.com\/en\/wp-json\/wp\/v2\/media?parent=41423"}],"wp:term":[{"taxonomy":"product_brand","embeddable":true,"href":"https:\/\/arena-ticket.com\/en\/wp-json\/wp\/v2\/product_brand?post=41423"},{"taxonomy":"product_cat","embeddable":true,"href":"https:\/\/arena-ticket.com\/en\/wp-json\/wp\/v2\/product_cat?post=41423"},{"taxonomy":"product_tag","embeddable":true,"href":"https:\/\/arena-ticket.com\/en\/wp-json\/wp\/v2\/product_tag?post=41423"}],"curies":[{"name":"wp","href":"https:\/\/api.w.org\/{rel}","templated":true}]}}