{"id":41427,"date":"2025-05-21T13:44:19","date_gmt":"2025-05-21T11:44:19","guid":{"rendered":"https:\/\/arena-ticket.com\/?p=41427&#038;post_type=product&#038;preview_id=41427"},"modified":"2026-01-15T17:14:34","modified_gmt":"2026-01-15T16:14:34","slug":"science-busters-neues-programm-leipzig-kupfersaal-27-03-2026-2000-uhr","status":"publish","type":"product","link":"https:\/\/arena-ticket.com\/en\/product\/science-busters-neues-programm-leipzig-kupfersaal-27-03-2026-2000-uhr\/","title":{"rendered":"Science Busters - Neues Programm"},"content":{"rendered":"<p>Die Science Busters sind ein innovatives Team von Wissenschaftlern, die es sich zur Aufgabe gemacht haben, komplexe wissenschaftliche Themen auf<br \/>\nunterhaltsame und verst\u00e4ndliche Weise zu pr\u00e4sentieren.<br \/>\nIhr neues Programm verspricht, spannende Einblicke in aktuelle Forschungsergebnisse zu geben und dabei humorvolle Elemente einzubringen.<br \/>\nDie Kombination aus Wissenschaft und Comedy sorgt daf\u00fcr, dass das Publikum nicht nur lernt, sondern auch viel zu lachen hat.<br \/>\nIn interaktiven Vortr\u00e4gen werden verschiedene Themen behandelt, von Physik \u00fcber Biologie bis hin zu gesellschaftlichen Fragestellungen.<br \/>\nDie Science Busters legen gro\u00dfen Wert darauf, das Interesse an Wissenschaft zu f\u00f6rdern und Vorurteile abzubauen.<br \/>\nIhr Ziel ist es, Wissenschaft f\u00fcr alle zug\u00e4nglich zu machen und das Bewusstsein f\u00fcr deren Bedeutung im Alltag zu sch\u00e4rfen.<br \/>\nMit ihrem neuen Programm m\u00f6chten sie auch j\u00fcngere Generationen ansprechen und sie f\u00fcr naturwissenschaftliche Themen begeistern.<br \/>\nInsgesamt verspricht das neue Programm der Science Busters ein unterhaltsames und lehrreiches Erlebnis f\u00fcr alle, die sich f\u00fcr Wissenschaft interessieren.<\/p>","protected":false},"excerpt":{"rendered":"<p>Get your tickets here now!<\/p>","protected":false},"featured_media":63664,"template":"","meta":{"_acf_changed":false,"inline_featured_image":false},"product_brand":[],"product_cat":[6725,31,95,430,86,64,35,6730,21,58],"product_tag":[954,941,6774,942,951,968,943,6773,3583,944,5666,958,947,948],"class_list":{"0":"post-41427","1":"product","2":"type-product","3":"status-publish","4":"has-post-thumbnail","6":"product_cat-comedy","7":"product_cat-events","8":"product_cat-humor","9":"product_cat-kupfersaal","10":"product_cat-leipzig","11":"product_cat-musical-show","12":"product_cat-orte","13":"product_cat-show","14":"product_cat-ticket","15":"product_cat-veranstaltung","16":"product_tag-comedy","17":"product_tag-events","18":"product_tag-humor","19":"product_tag-konzert","20":"product_tag-kultur","21":"product_tag-kupfersaal","22":"product_tag-leipzig","23":"product_tag-musical-show","24":"product_tag-neues-programm","25":"product_tag-orte","26":"product_tag-science-busters","27":"product_tag-show","28":"product_tag-ticket","29":"product_tag-veranstaltung","30":"product_shipping_class-nur_paketversand","31":"pa_discount-ermaessigt","32":"pa_discount-normalpreis","33":"pa_preiskategorie-freie-platzwahl","35":"first","36":"instock","37":"taxable","38":"shipping-taxable","39":"purchasable","40":"product-type-variable"},"group_of_quantity":0,"min_quantity":0,"max_quantity":"","exclude_order_quantity_value_rules":"no","exclude_category_quantity_rules":"no","combine_variations":"no","acf":[],"_links":{"self":[{"href":"https:\/\/arena-ticket.com\/en\/wp-json\/wp\/v2\/product\/41427","targetHints":{"allow":["GET"]}}],"collection":[{"href":"https:\/\/arena-ticket.com\/en\/wp-json\/wp\/v2\/product"}],"about":[{"href":"https:\/\/arena-ticket.com\/en\/wp-json\/wp\/v2\/types\/product"}],"wp:featuredmedia":[{"embeddable":true,"href":"https:\/\/arena-ticket.com\/en\/wp-json\/wp\/v2\/media\/63664"}],"wp:attachment":[{"href":"https:\/\/arena-ticket.com\/en\/wp-json\/wp\/v2\/media?parent=41427"}],"wp:term":[{"taxonomy":"product_brand","embeddable":true,"href":"https:\/\/arena-ticket.com\/en\/wp-json\/wp\/v2\/product_brand?post=41427"},{"taxonomy":"product_cat","embeddable":true,"href":"https:\/\/arena-ticket.com\/en\/wp-json\/wp\/v2\/product_cat?post=41427"},{"taxonomy":"product_tag","embeddable":true,"href":"https:\/\/arena-ticket.com\/en\/wp-json\/wp\/v2\/product_tag?post=41427"}],"curies":[{"name":"wp","href":"https:\/\/api.w.org\/{rel}","templated":true}]}}