{"id":41430,"date":"2025-05-21T14:39:50","date_gmt":"2025-05-21T12:39:50","guid":{"rendered":"https:\/\/arena-ticket.com\/?p=41430&#038;post_type=product&#038;preview_id=41430"},"modified":"2025-10-27T13:05:04","modified_gmt":"2025-10-27T12:05:04","slug":"tan-caglar-der-teufel-traegt-rollstuhl-leipzig-kupfersaal-14-03-2026-2000-uhr","status":"publish","type":"product","link":"https:\/\/arena-ticket.com\/en\/product\/tan-caglar-der-teufel-traegt-rollstuhl-leipzig-kupfersaal-14-03-2026-2000-uhr\/","title":{"rendered":"Tan Caglar  - Der Teufel tr\u00e4gt Rollstuhl"},"content":{"rendered":"<p>Tan Caglar \u2013 \u201eDer Teufel tr\u00e4gt Rollstuhl\u201c<\/p>\n<p>Mit seinem neuen Soloprogramm geht Multitalent Tan Caglar auf Deutschlandtour.<br \/>\nNach dem gro\u00dfen Erfolg von \"Geht nicht-Gibts nicht\" legtTan nun als Caglar Tan (Tschalar Tan) mit \"Der Teufel tr\u00e4gt Rollstuhl\u201c h\u00f6llisch gut nach.<br \/>\n\"Ich brauchte \u00fcber 40 Jahre um festzustellen, dass ich ein Scharlatan bin, wenn man erst meinen Nachnamen und dann meinen Vornamen sagt.<br \/>\nSchade, dass Corona vorbei ist, denn eigentlich wollte ich mein n\u00e4chstes Programm \"Sagrotan\" nennen.\"<\/p>\n<p>Mit gewohntem Charme und einer etwas b\u00f6seren Zunge als bisher, unterh\u00e4lt Tan sein Publikum mit Geschichten und T\u00fc(r)cken des Alltags.<br \/>\nEines ist sicher: Bei seinem Stand-Up sitzt nicht nur er, sondern auch seine Gags.<\/p>","protected":false},"excerpt":{"rendered":"<p>Mit gewohntem Charme und einer etwas b\u00f6seren Zunge als bisher, unterh\u00e4lt Tan sein Publikum mit Geschichten und T\u00fc(r)cken des Alltags.<\/p>","protected":false},"featured_media":49357,"template":"","meta":{"_acf_changed":false,"inline_featured_image":false},"product_brand":[],"product_cat":[6725,31,95,430,86,35,21,58],"product_tag":[954,5668,941,951,968,943,944,958,5667,947,948],"class_list":{"0":"post-41430","1":"product","2":"type-product","3":"status-publish","4":"has-post-thumbnail","6":"product_cat-comedy","7":"product_cat-events","8":"product_cat-humor","9":"product_cat-kupfersaal","10":"product_cat-leipzig","11":"product_cat-orte","12":"product_cat-ticket","13":"product_cat-veranstaltung","14":"product_tag-comedy","15":"product_tag-der-teufel-traegt-rollstuhl","16":"product_tag-events","17":"product_tag-kultur","18":"product_tag-kupfersaal","19":"product_tag-leipzig","20":"product_tag-orte","21":"product_tag-show","22":"product_tag-tan-caglar","23":"product_tag-ticket","24":"product_tag-veranstaltung","25":"product_shipping_class-nur_paketversand","26":"pa_discount-ermaessigt","27":"pa_discount-normalpreis","28":"pa_preiskategorie-freie-platzwahl","30":"first","31":"instock","32":"taxable","33":"shipping-taxable","34":"purchasable","35":"product-type-variable"},"group_of_quantity":0,"min_quantity":0,"max_quantity":"","exclude_order_quantity_value_rules":"no","exclude_category_quantity_rules":"no","combine_variations":"no","acf":[],"_links":{"self":[{"href":"https:\/\/arena-ticket.com\/en\/wp-json\/wp\/v2\/product\/41430","targetHints":{"allow":["GET"]}}],"collection":[{"href":"https:\/\/arena-ticket.com\/en\/wp-json\/wp\/v2\/product"}],"about":[{"href":"https:\/\/arena-ticket.com\/en\/wp-json\/wp\/v2\/types\/product"}],"wp:featuredmedia":[{"embeddable":true,"href":"https:\/\/arena-ticket.com\/en\/wp-json\/wp\/v2\/media\/49357"}],"wp:attachment":[{"href":"https:\/\/arena-ticket.com\/en\/wp-json\/wp\/v2\/media?parent=41430"}],"wp:term":[{"taxonomy":"product_brand","embeddable":true,"href":"https:\/\/arena-ticket.com\/en\/wp-json\/wp\/v2\/product_brand?post=41430"},{"taxonomy":"product_cat","embeddable":true,"href":"https:\/\/arena-ticket.com\/en\/wp-json\/wp\/v2\/product_cat?post=41430"},{"taxonomy":"product_tag","embeddable":true,"href":"https:\/\/arena-ticket.com\/en\/wp-json\/wp\/v2\/product_tag?post=41430"}],"curies":[{"name":"wp","href":"https:\/\/api.w.org\/{rel}","templated":true}]}}