{"id":41436,"date":"2025-05-21T14:52:37","date_gmt":"2025-05-21T12:52:37","guid":{"rendered":"https:\/\/arena-ticket.com\/?p=41436&#038;post_type=product&#038;preview_id=41436"},"modified":"2025-09-12T16:16:22","modified_gmt":"2025-09-12T14:16:22","slug":"helene-bockhorst-lebefrau-leipzig-kupfersaal-12-03-2026-2000-uhr","status":"publish","type":"product","link":"https:\/\/arena-ticket.com\/en\/product\/helene-bockhorst-lebefrau-leipzig-kupfersaal-12-03-2026-2000-uhr\/","title":{"rendered":"Helene Bockhorst  - Lebefrau"},"content":{"rendered":"<p>Comedy &amp; Tragedy<\/p>\n<p>Das neue Programm von Helene Bockhorst ist eine Ode an das Leben. Schwarzer Humor trifft auf bunte Outfits und Albernheiten, wenn sie sich den unbequemen Fragen stellt: Warum ist ein Mann, der es sich gut gehen l\u00e4sst, ein Lebemann, eine Frau dagegen einfach nur eine Schlampe? Sollte man Familientraditionen unbedingt fortf\u00fchren, auch wenn es sich um Depressionen und ungesunde Bew\u00e4ltigungsmuster handelt? Was kann ich f\u00fcr eine bessere Welt tun - ohne mir dabei allzu gro\u00dfe Umst\u00e4nde zu machen? Und bin ich wenigstens einer der interessanteren F\u00e4lle f\u00fcr meine Therapeutin? In ihrer offenen und ehrlichen Art nimmt sie das Publikum mit auf eine emotionale Achterbahnfahrt, in der humorvolle Alltagsbeobachtungen genauso ihren Platz finden wie lebensver\u00e4ndernde Erfahrungen. Zwischen den Zeilen geht es um die Frage, wie man sich auch in schwierigen Zeiten Leichtigkeit und Hoffnung bewahrt.<br \/>\nEin Programm \u00fcber Trauma, Depression, Resilienz - und dar\u00fcber, dass man immer einen Grund zum Lachen finden kann, auch wenn das Leben mal nicht so l\u00e4uft, wie man es sich w\u00fcnscht.<\/p>","protected":false},"excerpt":{"rendered":"<p>Das neue Programm von Helene Bockhorst ist eine Ode an das Leben.<\/p>","protected":false},"featured_media":48921,"template":"","meta":{"_acf_changed":false,"inline_featured_image":false},"product_brand":[],"product_cat":[6725,31,95,922,430,86,35,6772,21,58],"product_tag":[954,941,5268,951,968,5669,943,944,958,947,948],"class_list":{"0":"post-41436","1":"product","2":"type-product","3":"status-publish","4":"has-post-thumbnail","6":"product_cat-comedy","7":"product_cat-events","8":"product_cat-humor","9":"product_cat-kultur","10":"product_cat-kupfersaal","11":"product_cat-leipzig","12":"product_cat-orte","13":"product_cat-sonstiges_kultur","14":"product_cat-ticket","15":"product_cat-veranstaltung","16":"product_tag-comedy","17":"product_tag-events","18":"product_tag-helene-bockhorst","19":"product_tag-kultur","20":"product_tag-kupfersaal","21":"product_tag-lebefrau","22":"product_tag-leipzig","23":"product_tag-orte","24":"product_tag-show","25":"product_tag-ticket","26":"product_tag-veranstaltung","27":"product_shipping_class-nur_paketversand","28":"pa_discount-ermaessigt","29":"pa_discount-normalpreis","30":"pa_preiskategorie-freie-platzwahl","32":"first","33":"instock","34":"taxable","35":"shipping-taxable","36":"purchasable","37":"product-type-variable"},"group_of_quantity":0,"min_quantity":0,"max_quantity":"","exclude_order_quantity_value_rules":"no","exclude_category_quantity_rules":"no","combine_variations":"no","acf":[],"_links":{"self":[{"href":"https:\/\/arena-ticket.com\/en\/wp-json\/wp\/v2\/product\/41436","targetHints":{"allow":["GET"]}}],"collection":[{"href":"https:\/\/arena-ticket.com\/en\/wp-json\/wp\/v2\/product"}],"about":[{"href":"https:\/\/arena-ticket.com\/en\/wp-json\/wp\/v2\/types\/product"}],"wp:featuredmedia":[{"embeddable":true,"href":"https:\/\/arena-ticket.com\/en\/wp-json\/wp\/v2\/media\/48921"}],"wp:attachment":[{"href":"https:\/\/arena-ticket.com\/en\/wp-json\/wp\/v2\/media?parent=41436"}],"wp:term":[{"taxonomy":"product_brand","embeddable":true,"href":"https:\/\/arena-ticket.com\/en\/wp-json\/wp\/v2\/product_brand?post=41436"},{"taxonomy":"product_cat","embeddable":true,"href":"https:\/\/arena-ticket.com\/en\/wp-json\/wp\/v2\/product_cat?post=41436"},{"taxonomy":"product_tag","embeddable":true,"href":"https:\/\/arena-ticket.com\/en\/wp-json\/wp\/v2\/product_tag?post=41436"}],"curies":[{"name":"wp","href":"https:\/\/api.w.org\/{rel}","templated":true}]}}