{"id":41463,"date":"2025-05-21T18:13:54","date_gmt":"2025-05-21T16:13:54","guid":{"rendered":"https:\/\/arena-ticket.com\/?p=41463&#038;post_type=product&#038;preview_id=41463"},"modified":"2025-10-27T12:44:06","modified_gmt":"2025-10-27T11:44:06","slug":"max-goldt-aber-leipzig-kupfersaal-30-01-2026-2000-uhr","status":"publish","type":"product","link":"https:\/\/arena-ticket.com\/en\/product\/max-goldt-aber-leipzig-kupfersaal-30-01-2026-2000-uhr\/","title":{"rendered":"Max Goldt - Aber?"},"content":{"rendered":"<p>Max Goldts neues Werk Aber? erscheint am 14. August 2025 im dtv Verlag und umfasst 160 Seiten.<br \/>\nDer Titel spiegelt seinen typischen Humor wider, der in absurden Dialogen und skurrilen Beobachtungen gipfelt.<br \/>\nGoldt, bekannt f\u00fcr seinen grotesken Humor, liest regelm\u00e4\u00dfig aus seinen Werken, wie etwa am 28. Dezember 2025<br \/>\nim Kulturzentrum Pavillon in Hannover.<br \/>\nSeine Texte zeichnen sich durch eine pr\u00e4zise Beobachtungsgabe und eine spielerische Sprachkunst aus.<br \/>\nIn Aber? kombiniert er erneut Wortwitz mit tiefgr\u00fcndigen Betrachtungen des Alltags.<br \/>\nDer Autor lebt in Berlin und ist auch als Musiker bekannt; er war Mitglied des Duos Foyer des Arts.<br \/>\nF\u00fcr sein literarisches Werk wurde er mehrfach ausgezeichnet, unter anderem mit dem Satirepreis \"G\u00f6ttinger Elch\".<br \/>\nMax Goldt bleibt mit Aber? seinem Ruf als Meister des grotesken Humors<\/p>","protected":false},"excerpt":{"rendered":"<p>Get your tickets here now!<\/p>","protected":false},"featured_media":52953,"template":"","meta":{"_acf_changed":false,"inline_featured_image":false},"product_brand":[],"product_cat":[31,922,430,86,6764,35,21,58],"product_tag":[1167,941,951,968,943,5673,944,958,947,948],"class_list":{"0":"post-41463","1":"product","2":"type-product","3":"status-publish","4":"has-post-thumbnail","6":"product_cat-events","7":"product_cat-kultur","8":"product_cat-kupfersaal","9":"product_cat-leipzig","10":"product_cat-lesung","11":"product_cat-orte","12":"product_cat-ticket","13":"product_cat-veranstaltung","14":"product_tag-aber","15":"product_tag-events","16":"product_tag-kultur","17":"product_tag-kupfersaal","18":"product_tag-leipzig","19":"product_tag-max-goldt","20":"product_tag-orte","21":"product_tag-show","22":"product_tag-ticket","23":"product_tag-veranstaltung","24":"product_shipping_class-nur_paketversand","25":"pa_discount-ermaessigt","26":"pa_discount-normalpreis","27":"pa_preiskategorie-freie-platzwahl","29":"first","30":"outofstock","31":"taxable","32":"shipping-taxable","33":"purchasable","34":"product-type-variable"},"group_of_quantity":0,"min_quantity":0,"max_quantity":"","exclude_order_quantity_value_rules":"no","exclude_category_quantity_rules":"no","combine_variations":"no","acf":[],"_links":{"self":[{"href":"https:\/\/arena-ticket.com\/en\/wp-json\/wp\/v2\/product\/41463","targetHints":{"allow":["GET"]}}],"collection":[{"href":"https:\/\/arena-ticket.com\/en\/wp-json\/wp\/v2\/product"}],"about":[{"href":"https:\/\/arena-ticket.com\/en\/wp-json\/wp\/v2\/types\/product"}],"wp:featuredmedia":[{"embeddable":true,"href":"https:\/\/arena-ticket.com\/en\/wp-json\/wp\/v2\/media\/52953"}],"wp:attachment":[{"href":"https:\/\/arena-ticket.com\/en\/wp-json\/wp\/v2\/media?parent=41463"}],"wp:term":[{"taxonomy":"product_brand","embeddable":true,"href":"https:\/\/arena-ticket.com\/en\/wp-json\/wp\/v2\/product_brand?post=41463"},{"taxonomy":"product_cat","embeddable":true,"href":"https:\/\/arena-ticket.com\/en\/wp-json\/wp\/v2\/product_cat?post=41463"},{"taxonomy":"product_tag","embeddable":true,"href":"https:\/\/arena-ticket.com\/en\/wp-json\/wp\/v2\/product_tag?post=41463"}],"curies":[{"name":"wp","href":"https:\/\/api.w.org\/{rel}","templated":true}]}}