{"id":41518,"date":"2025-05-23T10:21:46","date_gmt":"2025-05-23T08:21:46","guid":{"rendered":"https:\/\/arena-ticket.com\/?p=41518&#038;post_type=product&#038;preview_id=41518"},"modified":"2025-10-20T15:17:48","modified_gmt":"2025-10-20T13:17:48","slug":"die-schluempfe-das-musical-leipzig-haus-leipzig-16-04-2026-1630-uhr","status":"publish","type":"product","link":"https:\/\/arena-ticket.com\/en\/product\/die-schluempfe-das-musical-leipzig-haus-leipzig-16-04-2026-1630-uhr\/","title":{"rendered":"Die Schl\u00fcmpfe  - Das Musical"},"content":{"rendered":"<p><strong>Die Veranstaltung wurde vom 16.04.2026 auf 21.01.2027 verlegt.<\/strong><br \/>\n<strong>Karten behalten ihre G\u00fcltigkeit oder werden an der VVK Stelle des Erwerbs r\u00fcckerstattet. <\/strong><\/p>\n<p>&nbsp;<\/p>\n<p>Endlich ist es soweit: Die Schl\u00fcmpfe erobern die Musicalb\u00fchne.<br \/>\nJeder kennt sie, die fr\u00f6hlichen blauen Wesen, die 1958 in Belgien erschaffen wurden und von dort aus die Welt eroberten.<br \/>\nDas brandneue Musical \u201eDie Schl\u00fcmpfe\u201c wird ab dem Fr\u00fchjahr 2025 live auf gro\u00dfen und kleinen B\u00fchnen zu erleben sein.<\/p>\n<p>Freuen Sie sich auf ein spannendes Abenteuer mit Papa Schlumpf, Schlumpfine und den kleinen blauen Freunden mit ihren liebenswerten Eigenarten und F\u00e4higkeiten \u2013 und nat\u00fcrlich ihrem Widersacher Gargamel, dessen einziges Ziel darin besteht, die fr\u00f6hlichen Schl\u00fcmpfe mitsamt ihrem Dorf Schlumpfhausen zu vernichten.<br \/>\nBrandneue Songs und eine originelle B\u00fchnenshow werden die Herzen der Musicalfans erobern, generations\u00fcbergreifend sch\u00f6ne Kindheitserinnerungen wecken und Jung und Alt in Ihren Bann ziehen Freuen Sie sich auf das schlumpfigste Familienmusical aller Zeiten!<br \/>\nDie Weltneuheit LIVE auf gro\u00dfer Tour.<\/p>","protected":false},"excerpt":{"rendered":"<p>Get your tickets here now!<\/p>","protected":false},"featured_media":52305,"template":"","meta":{"_acf_changed":false,"inline_featured_image":false},"product_brand":[],"product_cat":[31,349,86,6729,64,35,21,58],"product_tag":[2777,5674,941,955,942,943,963,944,958,947,948],"class_list":{"0":"post-41518","1":"product","2":"type-product","3":"status-publish","4":"has-post-thumbnail","6":"product_cat-events","7":"product_cat-haus-leipzig","8":"product_cat-leipzig","9":"product_cat-musical","10":"product_cat-musical-show","11":"product_cat-orte","12":"product_cat-ticket","13":"product_cat-veranstaltung","14":"product_tag-das-musical","15":"product_tag-die-schluempfe","16":"product_tag-events","17":"product_tag-haus-leipzig","18":"product_tag-konzert","19":"product_tag-leipzig","20":"product_tag-musical","21":"product_tag-orte","22":"product_tag-show","23":"product_tag-ticket","24":"product_tag-veranstaltung","25":"product_shipping_class-nur_paketversand","26":"pa_discount-kind","27":"pa_discount-normalpreis","28":"pa_preiskategorie-pk-i","29":"pa_preiskategorie-pk-ii","31":"first","32":"instock","33":"taxable","34":"shipping-taxable","35":"purchasable","36":"product-type-variable"},"group_of_quantity":0,"min_quantity":0,"max_quantity":"","exclude_order_quantity_value_rules":"no","exclude_category_quantity_rules":"no","combine_variations":"no","acf":[],"_links":{"self":[{"href":"https:\/\/arena-ticket.com\/en\/wp-json\/wp\/v2\/product\/41518","targetHints":{"allow":["GET"]}}],"collection":[{"href":"https:\/\/arena-ticket.com\/en\/wp-json\/wp\/v2\/product"}],"about":[{"href":"https:\/\/arena-ticket.com\/en\/wp-json\/wp\/v2\/types\/product"}],"wp:featuredmedia":[{"embeddable":true,"href":"https:\/\/arena-ticket.com\/en\/wp-json\/wp\/v2\/media\/52305"}],"wp:attachment":[{"href":"https:\/\/arena-ticket.com\/en\/wp-json\/wp\/v2\/media?parent=41518"}],"wp:term":[{"taxonomy":"product_brand","embeddable":true,"href":"https:\/\/arena-ticket.com\/en\/wp-json\/wp\/v2\/product_brand?post=41518"},{"taxonomy":"product_cat","embeddable":true,"href":"https:\/\/arena-ticket.com\/en\/wp-json\/wp\/v2\/product_cat?post=41518"},{"taxonomy":"product_tag","embeddable":true,"href":"https:\/\/arena-ticket.com\/en\/wp-json\/wp\/v2\/product_tag?post=41518"}],"curies":[{"name":"wp","href":"https:\/\/api.w.org\/{rel}","templated":true}]}}