{"id":41524,"date":"2025-05-23T10:33:03","date_gmt":"2025-05-23T08:33:03","guid":{"rendered":"https:\/\/arena-ticket.com\/?p=41524&#038;post_type=product&#038;preview_id=41524"},"modified":"2026-02-17T09:47:14","modified_gmt":"2026-02-17T08:47:14","slug":"die-schluempfe-das-musical-chemnitz-carlowitz-congresscenter-08-03-2026-1600-uhr","status":"publish","type":"product","link":"https:\/\/arena-ticket.com\/en\/product\/die-schluempfe-das-musical-chemnitz-carlowitz-congresscenter-08-03-2026-1600-uhr\/","title":{"rendered":"Die Schl\u00fcmpfe  - Das Musical"},"content":{"rendered":"<p>Endlich ist es soweit: Die Schl\u00fcmpfe erobern die Musicalb\u00fchne.<br \/>\nJeder kennt sie, die fr\u00f6hlichen blauen Wesen, die 1958 in Belgien erschaffen wurden und von dort aus die Welt eroberten.<br \/>\nDas brandneue Musical \u201eDie Schl\u00fcmpfe\u201c wird ab dem Fr\u00fchjahr 2025 live auf gro\u00dfen und kleinen B\u00fchnen zu erleben sein.<\/p>\n<p>Freuen Sie sich auf ein spannendes Abenteuer mit Papa Schlumpf, Schlumpfine und den kleinen blauen Freunden mit ihren liebenswerten Eigenarten und F\u00e4higkeiten \u2013 und nat\u00fcrlich ihrem Widersacher Gargamel, dessen einziges Ziel darin besteht, die fr\u00f6hlichen Schl\u00fcmpfe mitsamt ihrem Dorf Schlumpfhausen zu vernichten.<br \/>\nBrandneue Songs und eine originelle B\u00fchnenshow werden die Herzen der Musicalfans erobern, generations\u00fcbergreifend sch\u00f6ne Kindheitserinnerungen wecken und Jung und Alt in Ihren Bann ziehen Freuen Sie sich auf das schlumpfigste Familienmusical aller Zeiten!<br \/>\nDie Weltneuheit LIVE auf gro\u00dfer Tour.<\/p>","protected":false},"excerpt":{"rendered":"<p>Secure your tickets!<\/p>","protected":false},"featured_media":51836,"template":"","meta":{"_acf_changed":false,"inline_featured_image":false},"product_brand":[],"product_cat":[103,31,6729,64,35,494,21,58],"product_tag":[992,2777,5674,941,963,6773,944,958,3031,947,948],"class_list":{"0":"post-41524","1":"product","2":"type-product","3":"status-publish","4":"has-post-thumbnail","6":"product_cat-chemnitz","7":"product_cat-events","8":"product_cat-musical","9":"product_cat-musical-show","10":"product_cat-orte","11":"product_cat-stadthalle-chemnitz","12":"product_cat-ticket","13":"product_cat-veranstaltung","14":"product_tag-chemnitz","15":"product_tag-das-musical","16":"product_tag-die-schluempfe","17":"product_tag-events","18":"product_tag-musical","19":"product_tag-musical-show","20":"product_tag-orte","21":"product_tag-show","22":"product_tag-stadthalle-chemnitz","23":"product_tag-ticket","24":"product_tag-veranstaltung","25":"product_shipping_class-nur_paketversand","26":"pa_discount-kind","27":"pa_discount-normalpreis","28":"pa_preiskategorie-pk-i","29":"pa_preiskategorie-pk-ii","30":"pa_preiskategorie-pk-iii","32":"first","33":"outofstock","34":"taxable","35":"shipping-taxable","36":"purchasable","37":"product-type-variable"},"group_of_quantity":0,"min_quantity":0,"max_quantity":"","exclude_order_quantity_value_rules":"no","exclude_category_quantity_rules":"no","combine_variations":"no","acf":[],"_links":{"self":[{"href":"https:\/\/arena-ticket.com\/en\/wp-json\/wp\/v2\/product\/41524","targetHints":{"allow":["GET"]}}],"collection":[{"href":"https:\/\/arena-ticket.com\/en\/wp-json\/wp\/v2\/product"}],"about":[{"href":"https:\/\/arena-ticket.com\/en\/wp-json\/wp\/v2\/types\/product"}],"wp:featuredmedia":[{"embeddable":true,"href":"https:\/\/arena-ticket.com\/en\/wp-json\/wp\/v2\/media\/51836"}],"wp:attachment":[{"href":"https:\/\/arena-ticket.com\/en\/wp-json\/wp\/v2\/media?parent=41524"}],"wp:term":[{"taxonomy":"product_brand","embeddable":true,"href":"https:\/\/arena-ticket.com\/en\/wp-json\/wp\/v2\/product_brand?post=41524"},{"taxonomy":"product_cat","embeddable":true,"href":"https:\/\/arena-ticket.com\/en\/wp-json\/wp\/v2\/product_cat?post=41524"},{"taxonomy":"product_tag","embeddable":true,"href":"https:\/\/arena-ticket.com\/en\/wp-json\/wp\/v2\/product_tag?post=41524"}],"curies":[{"name":"wp","href":"https:\/\/api.w.org\/{rel}","templated":true}]}}