{"id":41532,"date":"2025-05-23T11:03:09","date_gmt":"2025-05-23T09:03:09","guid":{"rendered":"https:\/\/arena-ticket.com\/?p=41532&#038;post_type=product&#038;preview_id=41532"},"modified":"2025-11-13T15:13:55","modified_gmt":"2025-11-13T14:13:55","slug":"tom-odell-the-wonderful-life-tour-2025-quarterback-immobilien-arena-13-11-2025-1830-uhr","status":"publish","type":"product","link":"https:\/\/arena-ticket.com\/en\/product\/tom-odell-the-wonderful-life-tour-2025-quarterback-immobilien-arena-13-11-2025-1830-uhr\/","title":{"rendered":"Tom Odell - The Wonderful Life Tour 2025"},"content":{"rendered":"<p>Im Herbst geht Tom Odell mit \u201eA Wonderful Life\u201c auf gro\u00dfe Arena-Tour durch Europa.<br \/>\nNeben Auftritten in London, Paris und Amsterdam spielt er auch in Deutschland. Eine seltene<br \/>\nGelegenheit, diesen ungew\u00f6hnlich nahbaren K\u00fcnstler im gr\u00f6\u00dften Rahmen zu erleben. Und<br \/>\nvielleicht, f\u00fcr ein paar Stunden, gemeinsam zu sp\u00fcren, dass das Leben \u2013 trotz allem \u2013 sch\u00f6n<br \/>\nsein kann.<\/p>\n<p>Support: David Kushner, Matilda Mann<\/p>\n<p>Pr\u00e4sentiert wird die Tour von Rolling Stone, kulturnews, MTV, diffus.de, MusikBlog.de.<\/p>","protected":false},"excerpt":{"rendered":"<p>Get your tickets now!<\/p>","protected":false},"featured_media":50597,"template":"","meta":{"_acf_changed":false,"inline_featured_image":false},"product_brand":[],"product_cat":[31,69,86,35,6733,37,21,22,58],"product_tag":[941,942,943,944,945,5676,947,973,5675,948],"class_list":{"0":"post-41532","1":"product","2":"type-product","3":"status-publish","4":"has-post-thumbnail","6":"product_cat-events","7":"product_cat-konzert","8":"product_cat-leipzig","9":"product_cat-orte","10":"product_cat-pop","11":"product_cat-quarterback-immobilien-arena","12":"product_cat-ticket","13":"product_cat-ticketupgrades-zusatzleistungen","14":"product_cat-veranstaltung","15":"product_tag-events","16":"product_tag-konzert","17":"product_tag-leipzig","18":"product_tag-orte","19":"product_tag-quarterback-immobilien-arena","20":"product_tag-the-wonderful-life-tour-2025","21":"product_tag-ticket","22":"product_tag-ticketupgrades-zusatzleistungen","23":"product_tag-tom-odell","24":"product_tag-veranstaltung","25":"product_shipping_class-abholung_paketversand","26":"pa_discount-inklusive-begleitperson","27":"pa_discount-normalpreis","28":"pa_discount-vip-sitzplatz","29":"pa_preiskategorie-ggv-up","30":"pa_preiskategorie-pgv-up","31":"pa_preiskategorie-pk-i","32":"pa_preiskategorie-pk-ii","33":"pa_preiskategorie-pk-iii","34":"pa_preiskategorie-pk4-stehplatz","35":"pa_preiskategorie-rollstuhlfahrer","36":"pa_preiskategorie-vip-package-backstage-club","37":"pa_preiskategorie-vipu-up","39":"first","40":"instock","41":"taxable","42":"shipping-taxable","43":"purchasable","44":"product-type-variable"},"group_of_quantity":0,"min_quantity":0,"max_quantity":"","exclude_order_quantity_value_rules":"no","exclude_category_quantity_rules":"no","combine_variations":"no","acf":[],"_links":{"self":[{"href":"https:\/\/arena-ticket.com\/en\/wp-json\/wp\/v2\/product\/41532","targetHints":{"allow":["GET"]}}],"collection":[{"href":"https:\/\/arena-ticket.com\/en\/wp-json\/wp\/v2\/product"}],"about":[{"href":"https:\/\/arena-ticket.com\/en\/wp-json\/wp\/v2\/types\/product"}],"wp:featuredmedia":[{"embeddable":true,"href":"https:\/\/arena-ticket.com\/en\/wp-json\/wp\/v2\/media\/50597"}],"wp:attachment":[{"href":"https:\/\/arena-ticket.com\/en\/wp-json\/wp\/v2\/media?parent=41532"}],"wp:term":[{"taxonomy":"product_brand","embeddable":true,"href":"https:\/\/arena-ticket.com\/en\/wp-json\/wp\/v2\/product_brand?post=41532"},{"taxonomy":"product_cat","embeddable":true,"href":"https:\/\/arena-ticket.com\/en\/wp-json\/wp\/v2\/product_cat?post=41532"},{"taxonomy":"product_tag","embeddable":true,"href":"https:\/\/arena-ticket.com\/en\/wp-json\/wp\/v2\/product_tag?post=41532"}],"curies":[{"name":"wp","href":"https:\/\/api.w.org\/{rel}","templated":true}]}}