{"id":41576,"date":"2025-05-23T17:52:33","date_gmt":"2025-05-23T15:52:33","guid":{"rendered":"https:\/\/arena-ticket.com\/?p=41576&#038;post_type=product&#038;preview_id=41576"},"modified":"2025-11-04T14:53:04","modified_gmt":"2025-11-04T13:53:04","slug":"chemnitzer-pferdenacht-chemnitz-messe-08-11-2025-2000-uhr","status":"publish","type":"product","link":"https:\/\/arena-ticket.com\/en\/product\/chemnitzer-pferdenacht-chemnitz-messe-08-11-2025-2000-uhr\/","title":{"rendered":"Chemnitzer Pferdenacht"},"content":{"rendered":"<section id=\"c3216\" class=\"cc_outer cc_text_media\" data-container-size=\"md\" data-column-sizes=\"\" data-columns=\"\">\n<div class=\"container\">\n<div class=\"row\">\n<div class=\"column\">\n<div class=\"cc_content_block cc_textmedia cc_media_between cc_media_default cc_content_left\" data-design=\"1\">\n<div class=\"cc_content\" data-text-columns=\"\">\n<p><em>Kinder unter 6 Jahre frei - OHNE SITZPLATZANSPRUCH!<\/em><\/p>\n<p><em>Erm\u00e4\u00dfigt f\u00fcr Sch\u00fcler, Auszubildende, Studenten,Bundes- und Jugendfreiwilligendienst<\/em><\/p>\n<\/div>\n<p>&nbsp;<\/p>\n<div class=\"cc_content\" data-text-columns=\"\">\n<p>Die \u201cChemnitzer\u00a0Pferdenacht\u201d ist der Showh\u00f6hepunkt der dreit\u00e4gigen Reitsportveranstaltung in der Messe Chemnitz. Drei Stunden Pferdeshow, Sport und Entertainment inszenieren sich im Arrangement atemberaubender Licht- und Musikeffekte. Geboten wird eine Vielfalt von Dressur, Fahren, Springen und Voltigieren.<\/p>\n<\/div>\n<\/div>\n<\/div>\n<\/div>\n<\/div>\n<\/section>","protected":false},"excerpt":{"rendered":"<p>Get your tickets now!<\/p>","protected":false},"featured_media":52907,"template":"","meta":{"_acf_changed":false,"inline_featured_image":false},"product_brand":[],"product_cat":[103,31,443,35,6755,32,21,58],"product_tag":[992,5678,941,3068,944,958,5642,947,948],"class_list":{"0":"post-41576","1":"product","2":"type-product","3":"status-publish","4":"has-post-thumbnail","6":"product_cat-chemnitz","7":"product_cat-events","8":"product_cat-messe-chemnitz","9":"product_cat-orte","10":"product_cat-pferdesport","11":"product_cat-sport","12":"product_cat-ticket","13":"product_cat-veranstaltung","14":"product_tag-chemnitz","15":"product_tag-chemnitzer-pferdenacht","16":"product_tag-events","17":"product_tag-messe-chemnitz","18":"product_tag-orte","19":"product_tag-show","20":"product_tag-sport","21":"product_tag-ticket","22":"product_tag-veranstaltung","23":"product_shipping_class-abholung_paketversand","24":"pa_discount-ermaessigt","25":"pa_discount-kind","26":"pa_discount-normalpreis","27":"pa_preiskategorie-pk-i","28":"pa_preiskategorie-pk-ii","30":"first","31":"instock","32":"taxable","33":"shipping-taxable","34":"purchasable","35":"product-type-variable"},"group_of_quantity":0,"min_quantity":0,"max_quantity":"","exclude_order_quantity_value_rules":"no","exclude_category_quantity_rules":"no","combine_variations":"no","acf":[],"_links":{"self":[{"href":"https:\/\/arena-ticket.com\/en\/wp-json\/wp\/v2\/product\/41576","targetHints":{"allow":["GET"]}}],"collection":[{"href":"https:\/\/arena-ticket.com\/en\/wp-json\/wp\/v2\/product"}],"about":[{"href":"https:\/\/arena-ticket.com\/en\/wp-json\/wp\/v2\/types\/product"}],"wp:featuredmedia":[{"embeddable":true,"href":"https:\/\/arena-ticket.com\/en\/wp-json\/wp\/v2\/media\/52907"}],"wp:attachment":[{"href":"https:\/\/arena-ticket.com\/en\/wp-json\/wp\/v2\/media?parent=41576"}],"wp:term":[{"taxonomy":"product_brand","embeddable":true,"href":"https:\/\/arena-ticket.com\/en\/wp-json\/wp\/v2\/product_brand?post=41576"},{"taxonomy":"product_cat","embeddable":true,"href":"https:\/\/arena-ticket.com\/en\/wp-json\/wp\/v2\/product_cat?post=41576"},{"taxonomy":"product_tag","embeddable":true,"href":"https:\/\/arena-ticket.com\/en\/wp-json\/wp\/v2\/product_tag?post=41576"}],"curies":[{"name":"wp","href":"https:\/\/api.w.org\/{rel}","templated":true}]}}