{"id":41605,"date":"2025-05-23T18:33:19","date_gmt":"2025-05-23T16:33:19","guid":{"rendered":"https:\/\/arena-ticket.com\/?p=41605&#038;post_type=product&#038;preview_id=41605"},"modified":"2026-01-13T13:37:19","modified_gmt":"2026-01-13T12:37:19","slug":"stunt-it-das-freestyle-event-in-chemnitz-chemnitz-messe-29-11-2025-1800-uhr","status":"publish","type":"product","link":"https:\/\/arena-ticket.com\/en\/product\/stunt-it-das-freestyle-event-in-chemnitz-chemnitz-messe-29-11-2025-1800-uhr\/","title":{"rendered":"Stunt It!  - Das Freestyle Event mit Lukas Knopf &amp; Friends"},"content":{"rendered":"<p class=\"p1\">\u00a0Weltspitze-Sportler Lukas Knopf pr\u00e4sentiert auf einem spektakul\u00e4ren Parcours sein gro\u00dfartiges Repertoire und waghalsige Stunts \u2013 und das erstmalig in einer eigenen Show. Als w\u00e4re das nicht genug, l\u00e4dt Lukas weitere Fahrer und Freunde nach Chemnitz ein, um den Besuchern eine einmalige, zweieinhalbst\u00fcndige Stuntshow zu bieten. Auch Freestyle Motocross, Quad FMX, Trial Freestyle und BMX Flatland Sportler zeigen ihr K\u00f6nnen auf mindestens zwei R\u00e4dern. Atemberaubende Showelemente, hei\u00dfe T\u00e4nzerinnen, mitrei\u00dfende Beats und eine spannende Feuershow geh\u00f6ren zum Programm.<\/p>\n<p class=\"p1\">F\u00fcr alle Enthusiasten gibt es zudem vor der Show eine \u201ePitparty\u201c. Hier treffen die Fans die Sportler im Fahrerlager. Und nach der Show kann man sich in einer \u201eSigning Session\u201c Autogramme von seinem Idol holen. Die abwechslungsreichen Ausstellungs- und Verkaufsst\u00e4nde im Foyer der Messe runden das Event ab. Kinder und Jugendliche k\u00f6nnen hier u.a. auch ihr K\u00f6nnen auf Test-Trails ausprobieren.<\/p>\n<p>&nbsp;<\/p>\n<p><em>Premium-Ticket beinhaltet: <\/em><\/p>\n<p><em>Eintritt zur Abendshow (Einlass 2 h vor Showbeginn)<\/em><\/p>\n<p><em>* Fanpaket (inkl. Autogrammkarte Lukas Knopf, Showposter und Beanie)<\/em><\/p>\n<p><em>* Meet &amp; Greet der Sportler auf der Pitparty<\/em><\/p>\n<p><em>* gef\u00fchrte Streckenbesichtigung <\/em><\/p>\n<p><em>* Signing Session nach der Show im Foyer<\/em><\/p>\n<p><em>* VIP Catering (Essen und Trinken) auf der VIP Galerie<\/em><\/p>\n<p><em>* kostenfreier Parkplatz auf P0<\/em><\/p>","protected":false},"excerpt":{"rendered":"<p>Das neue Freestyle Event \u201eStunt it!\u201c findet am 29. November 2025 in der Messe Chemnitz statt. Nicht verpassen!<\/p>","protected":false},"featured_media":63273,"template":"","meta":{"_acf_changed":false,"inline_featured_image":false},"product_brand":[],"product_cat":[103,31,443,6760,35,32,21,58],"product_tag":[992,5680,6151,941,942,3068,6776,944,958,5642,5679,947,948],"class_list":{"0":"post-41605","1":"product","2":"type-product","3":"status-publish","4":"has-post-thumbnail","6":"product_cat-chemnitz","7":"product_cat-events","8":"product_cat-messe-chemnitz","9":"product_cat-motorsport","10":"product_cat-orte","11":"product_cat-sport","12":"product_cat-ticket","13":"product_cat-veranstaltung","14":"product_tag-chemnitz","15":"product_tag-das-freestyle-event-in-chemnitz","16":"product_tag-das-freestyle-event-mit-lukas-knopf-friends","17":"product_tag-events","18":"product_tag-konzert","19":"product_tag-messe-chemnitz","20":"product_tag-motorsport","21":"product_tag-orte","22":"product_tag-show","23":"product_tag-sport","24":"product_tag-stunt-it","25":"product_tag-ticket","26":"product_tag-veranstaltung","27":"product_shipping_class-abholung_paketversand","28":"pa_discount-inklusive-begleitperson","29":"pa_discount-kind-bis-14-jahre","30":"pa_discount-normalpreis","31":"pa_discount-vip-sitzplatz","32":"pa_preiskategorie-pk-i","33":"pa_preiskategorie-pk-ii","34":"pa_preiskategorie-pk-iii","35":"pa_preiskategorie-pk-iv","36":"pa_preiskategorie-pk4-stehplatz","37":"pa_preiskategorie-pk-v","38":"pa_preiskategorie-premium","39":"pa_preiskategorie-vip-package","41":"first","42":"instock","43":"taxable","44":"shipping-taxable","45":"purchasable","46":"product-type-variable"},"group_of_quantity":0,"min_quantity":0,"max_quantity":"","exclude_order_quantity_value_rules":"no","exclude_category_quantity_rules":"no","combine_variations":"no","acf":[],"_links":{"self":[{"href":"https:\/\/arena-ticket.com\/en\/wp-json\/wp\/v2\/product\/41605","targetHints":{"allow":["GET"]}}],"collection":[{"href":"https:\/\/arena-ticket.com\/en\/wp-json\/wp\/v2\/product"}],"about":[{"href":"https:\/\/arena-ticket.com\/en\/wp-json\/wp\/v2\/types\/product"}],"wp:featuredmedia":[{"embeddable":true,"href":"https:\/\/arena-ticket.com\/en\/wp-json\/wp\/v2\/media\/63273"}],"wp:attachment":[{"href":"https:\/\/arena-ticket.com\/en\/wp-json\/wp\/v2\/media?parent=41605"}],"wp:term":[{"taxonomy":"product_brand","embeddable":true,"href":"https:\/\/arena-ticket.com\/en\/wp-json\/wp\/v2\/product_brand?post=41605"},{"taxonomy":"product_cat","embeddable":true,"href":"https:\/\/arena-ticket.com\/en\/wp-json\/wp\/v2\/product_cat?post=41605"},{"taxonomy":"product_tag","embeddable":true,"href":"https:\/\/arena-ticket.com\/en\/wp-json\/wp\/v2\/product_tag?post=41605"}],"curies":[{"name":"wp","href":"https:\/\/api.w.org\/{rel}","templated":true}]}}