{"id":41733,"date":"2025-05-26T18:15:23","date_gmt":"2025-05-26T16:15:23","guid":{"rendered":"https:\/\/arena-ticket.com\/?p=41733&#038;post_type=product&#038;preview_id=41733"},"modified":"2026-01-30T10:15:04","modified_gmt":"2026-01-30T09:15:04","slug":"believe-the-tribute-to-the-life-and-music-of-cher-halle-georg-friedrich-haendel-halle-12-04-2026-1930-uhr","status":"publish","type":"product","link":"https:\/\/arena-ticket.com\/en\/product\/believe-the-tribute-to-the-life-and-music-of-cher-halle-georg-friedrich-haendel-halle-12-04-2026-1930-uhr\/","title":{"rendered":"BELIEVE - The Tribute To The Life And Music Of Cher - The Music live in Concert!"},"content":{"rendered":"<div id=\"main\" align=\"center\">\n<div class=\"centerdiv\">\n<div id=\"canvas\">\n<div id=\"content\">\n<div id=\"calMo_6\">\n<div id=\"calEn_39\">\n<div class=\"fullcontent\">\n<div class=\"halfcontentright\">\n<div style=\"text-align: left\" align=\"justify\"><\/div>\n<\/div>\n<\/div>\n<\/div>\n<div id=\"calEn_41\" style=\"text-align: left\">Das Tribute-Showhighlight \u00fcber die Ikone der k\u00fcnstlerischen Selbstverwirklichung \u2013 auf Tournee!<\/div>\n<div style=\"text-align: left\">Geboren als Cherilyn Sarkisian am 20. Mai 1946 in Kalifornien, ist sie eine der bekanntesten, vielseitigsten und einflussreichsten K\u00fcnstlerinnen in der Geschichte der Popmusik: Cher! Ihre Karriere erstreckt sich \u00fcber sechs Jahrzehnte und umfasst Musik, Film, Fernsehen und Mode. Mit ihrer unverwechselbaren Stimme, ihrer charismatischen B\u00fchnenpr\u00e4senz und ihrem st\u00e4ndigen Wandel hat sie sich als eine der best\u00e4ndigsten Pers\u00f6nlichkeiten der Unterhaltungsindustrie etabliert. Die brandneue Live-Show \u201eBELIEVE \u2013 The Tribute To The Life And Music Of Cher\u201d bringt Leben und Werk der Ikone in ihrer eigentlich unnachahmlichen Art als Tribute-Show zur\u00fcck auf die B\u00fchne \u2013 mit jeder Menge Hits, LED-Show und Tanz-Ensemble. Eine Show wie Cher selbst - voller Power, Pr\u00e4senz, Eleganz und Extravaganz sowie einem ganz speziellen, seelendurchdringenden Timbre.<\/div>\n<div style=\"text-align: left\">\u201eBELIEVE \u2013 The Tribute To The Life And Music Of Cher\u201d ist eine Show, die der Ikone nicht nur ein w\u00fcrdiges Denkmal setzt, sondern sie in all ihrer Vielfalt, Extravaganz und Einzigartigkeit f\u00fcr einen Abend zur\u00fcck auf die B\u00fchne holt. Fast f\u00fcnfzig Songs, dargeboten von verschiedenen S\u00e4ngerinnen und auch S\u00e4ngern, f\u00fchren mit kurzen, aber eindringlichen Erl\u00e4uterungen und Anekdoten durch die bewegten Jahrzehnte ihres epochemachenden Schaffens.<\/div>\n<div><\/div>\n<div style=\"text-align: left\">Die Anf\u00e4nge: Sonny &amp; Cher<br \/>\nCher begann ihre Musikkarriere in den fr\u00fchen 1960er Jahren. Sie traf den Musiker und Produzenten Sonny Bono, der ihr Mentor, Partner und sp\u00e4ter ihr Ehemann wurde. Gemeinsam bildeten sie das Duo \u201aSonny &amp; Cher\u2018 und hatten 1965 ihren ersten gro\u00dfen Hit mit \u201eI Got You Babe\u201c. Das Lied wurde zu einem der bekanntesten Songs der \u00c4ra und katapultierte das Paar zu internationalem Ruhm. Es folgten mehrere erfolgreiche Alben. Ihre musikalische Mischung aus Folk, Pop und Rock, gepaart mit einer humorvollen B\u00fchnenpr\u00e4senz, machten sie vor allem live zu Publikumslieblingen. In den 1970er Jahren moderierte das Paar die beliebte Fernsehshow \u201eThe Sonny &amp; Cher Comedy Hour\u201c.<\/div>\n<div style=\"text-align: left\">Solokarriere und musikalische Erfolge<br \/>\nObwohl Cher in den 1960er Jahren bereits Solo-Songs ver\u00f6ffentlichte, beispielsweise \u201eBang Bang (My Baby Shot Me Down)\u201c, begann ihre wahre Solokarriere erst nach der Trennung von Sonny im Jahr 1975. In den sp\u00e4ten 1970ern und fr\u00fchen 1980ern feierte sie Erfolge mit Songs wie \u201eGypsys, Tramps &amp;Thieves\u201c, \u201eHalf-Breed\u201c und \u201eDark Lady\u201c. Diese Lieder erz\u00e4hlten oft Geschichten von Au\u00dfenseitern und zeigten Chers F\u00e4higkeit, emotionale und kraftvolle Songs zu interpretieren.<br \/>\nIn den 1980er Jahren wandte sie sich dem Rock zu und arbeitete mit ber\u00fchmten Musikern wie Bon Jovi und Michael Bolton zusammen. Ihr Album \u201aCher\u2018 (1987) enthielt Hits wie \u201eI Found Someone\u201c und \u201eWe All Sleep Alone\u201c, die ihren neuen, rockigen Stil unterstrichen. Ihr gr\u00f6\u00dfter Triumph kam 1989 mit dem Album \u201aHeart of Stone\u2018, das den Megahit \u201eIf I Could Turn Back Time\u201c enthielt. Das dazugeh\u00f6rige Musikvideo, in dem sie auf einem Schlachtschiff der US-Navy auftrat, sorgte f\u00fcr Aufsehen und festigte ihren Ruf als extravagante K\u00fcnstlerin.<\/div>\n<div><\/div>\n<div style=\"text-align: left\">Die 1990er: Comeback mit \u201eBelieve\u201c<br \/>\nNach einer Phase mit geringerer musikalischer Aktivit\u00e4t feierte Cher 1998 ein fulminantes Comeback mit \u201eBelieve\u201c, einem der ersten gro\u00dfen Auto-Tune-Hits. Der Song wurde weltweit ein Nummer-1-Hit und machte sie zur \u00e4ltesten weiblichen S\u00e4ngerin, die jemals an der Spitze der US-Charts stand. Das gleichnamige Album \u2013 mit weiteren Hits wie \u201eStrong enough\u201c und \u201eAll or Nothing\u201c \u2013 wurde ein gro\u00dfer Erfolg und zeigte Cher als Pionierin elektronischer Popmusik.<\/div>\n<div><\/div>\n<div style=\"text-align: left\">Filmkarriere und weitere Erfolge<br \/>\nNeben der Musik baute sich Cher eine beeindruckende Schauspielkarriere auf. Ihr Deb\u00fct gab sie in den 1960er Jahren, doch ihre wahre Anerkennung als Schauspielerin erlangte sie in den 1980er Jahren. F\u00fcr ihre Rolle in \u201eSilkwood\u201c (1983) erhielt sie eine Oscar-Nominierung, und mit \u201eMonds\u00fcchtig\u201c (1987) gewann sie schlie\u00dflich den Oscar als beste Hauptdarstellerin. Weitere erfolgreiche Filme waren \u201eDie Maske\u201c (1985), \u201eDie Hexen von Eastwick\u201c (1987) und \u201eMeerjungfrauen k\u00fcssen besser\u201c (1990). 2010 brillierte sie im Filmdrama \u201eBurlesque\u201c an der Seite von Christina Aguilera. 2013 ver\u00f6ffentlichte sie das Album \u201eCloser to the Truth\u201c, mit dem Dance-Hit \u201eWoman\u2019s World\u201c. 2018 kehrte sie in \u201eMamma Mia! Here We Go Again\u201c auf die Kinoleinwand zur\u00fcck. Im gleichen Jahr ver\u00f6ffentlichte sie das Album \u201eDancing Queen\u201c, das aus ABBA-Coverversionen bestand.<br \/>\nCher ist nicht nur eine Musik- und Filmikone, sondern auch eine engagierte Aktivistin. Sie setzt sich f\u00fcr LGBTQ+-Rechte, Umweltfragen und humanit\u00e4re Anliegen ein. Ihr Einfluss auf die Popkultur bleibt ungebrochen, und sie wird weltweit als eine der inspirierendsten Pers\u00f6nlichkeiten der Musikgeschichte gefeiert. Sie hat sich immer wieder neu erfunden, Trends gesetzt und bewiesen, dass Alter kein Hindernis f\u00fcr Erfolg ist. Ihre Musik, ihr Stil und ihre Haltung machen sie zu einer einzigartigen Figur in der Welt der Unterhaltung.<br \/>\n\u201eBELIEVE \u2013 The Tribute To The Life And Music Of Cher\u201d - Eine Show nicht nur f\u00fcr Fans, sondern f\u00fcr alle, die die extrovertiert- unerm\u00fcdliche Selbstverwirklichung einer ganz besonderen Frau feiern wollen.<\/div>\n<div class=\"calEn\" style=\"text-align: left\"><\/div>\n<\/div>\n<\/div>\n<\/div>\n<div id=\"socialmedia\" style=\"text-align: left\"><\/div>\n<\/div>\n<\/div>\n<div id=\"ticker\" align=\"center\">\n<div class=\"centerdiv\">\n<div id=\"tickerleft\" style=\"text-align: left\"><\/div>\n<\/div>\n<\/div>","protected":false},"excerpt":{"rendered":"<p>Nicht verpassen! \u201eBELIEVE \u2013 The Tribute To The Life And Music Of Cher\u201d - Eine Show nicht nur f\u00fcr Fans, sondern f\u00fcr alle, die die extrovertiert- unerm\u00fcdliche Selbstverwirklichung einer ganz besonderen Frau feiern wollen.<\/p>","protected":false},"featured_media":63640,"template":"","meta":{"_acf_changed":false,"inline_featured_image":false},"product_brand":[],"product_cat":[31,64,6730,21,58],"product_tag":[5687,941,2712,999,942,951,6773,958,4046,947,948],"class_list":{"0":"post-41733","1":"product","2":"type-product","3":"status-publish","4":"has-post-thumbnail","6":"product_cat-events","7":"product_cat-musical-show","8":"product_cat-show","9":"product_cat-ticket","10":"product_cat-veranstaltung","11":"product_tag-believe-the-tribute-to-the-life-and-music-of-cher","12":"product_tag-events","13":"product_tag-georg-friedrich-haendel-halle","14":"product_tag-halle","15":"product_tag-konzert","16":"product_tag-kultur","17":"product_tag-musical-show","18":"product_tag-show","19":"product_tag-the-music-live-in-concert","20":"product_tag-ticket","21":"product_tag-veranstaltung","22":"product_shipping_class-abholung_paketversand","23":"pa_discount-ermaessigt","24":"pa_discount-kind","25":"pa_discount-normalpreis","26":"pa_preiskategorie-pk-i","27":"pa_preiskategorie-pk-ii","28":"pa_preiskategorie-pk-iii","29":"pa_preiskategorie-pk-iv","30":"pa_preiskategorie-pk-v","32":"first","33":"outofstock","34":"taxable","35":"shipping-taxable","36":"purchasable","37":"product-type-variable"},"group_of_quantity":0,"min_quantity":0,"max_quantity":"","exclude_order_quantity_value_rules":"no","exclude_category_quantity_rules":"no","combine_variations":"no","acf":[],"_links":{"self":[{"href":"https:\/\/arena-ticket.com\/en\/wp-json\/wp\/v2\/product\/41733","targetHints":{"allow":["GET"]}}],"collection":[{"href":"https:\/\/arena-ticket.com\/en\/wp-json\/wp\/v2\/product"}],"about":[{"href":"https:\/\/arena-ticket.com\/en\/wp-json\/wp\/v2\/types\/product"}],"wp:featuredmedia":[{"embeddable":true,"href":"https:\/\/arena-ticket.com\/en\/wp-json\/wp\/v2\/media\/63640"}],"wp:attachment":[{"href":"https:\/\/arena-ticket.com\/en\/wp-json\/wp\/v2\/media?parent=41733"}],"wp:term":[{"taxonomy":"product_brand","embeddable":true,"href":"https:\/\/arena-ticket.com\/en\/wp-json\/wp\/v2\/product_brand?post=41733"},{"taxonomy":"product_cat","embeddable":true,"href":"https:\/\/arena-ticket.com\/en\/wp-json\/wp\/v2\/product_cat?post=41733"},{"taxonomy":"product_tag","embeddable":true,"href":"https:\/\/arena-ticket.com\/en\/wp-json\/wp\/v2\/product_tag?post=41733"}],"curies":[{"name":"wp","href":"https:\/\/api.w.org\/{rel}","templated":true}]}}