{"id":41743,"date":"2025-05-26T18:51:00","date_gmt":"2025-05-26T16:51:00","guid":{"rendered":"https:\/\/arena-ticket.com\/?p=41743&#038;post_type=product&#038;preview_id=41743"},"modified":"2025-05-27T12:47:37","modified_gmt":"2025-05-27T10:47:37","slug":"best-of-swing-andrej-hermlin-the-swing-dance-orchestra-halle-georg-friedrich-haendel-halle-27-12-2025-1930-uhr","status":"publish","type":"product","link":"https:\/\/arena-ticket.com\/en\/product\/best-of-swing-andrej-hermlin-the-swing-dance-orchestra-halle-georg-friedrich-haendel-halle-27-12-2025-1930-uhr\/","title":{"rendered":"Best of Swing - Andrej Hermlin &amp; The Swing Dance Orchestra"},"content":{"rendered":"<p>\u201eWann immer mein Vater eine seiner wenigen Jazzschallplatten spielte, rannte ich die Treppe unseres Hauses hinunter und setzte mich mit leuchtenden Augen und weit ge\u00f6ffneten Ohren neben den Lautsprecher unserer altmodischen Musikanlage. Damals, mit etwa 3 Jahren, habe ich mich in Benny Goodman verliebt. Als Sohn eines deutsch-j\u00fcdischen Schriftstellers und einer russischen Germanistin infizierte ich mich ausgerechnet mit dem amerikanischen Swingvirus. Die Infektion h\u00e4lt \u00fcbrigens bis heute an und ist gl\u00fccklicherweise nicht t\u00f6dlich verlaufen\u2026\u201c<br \/>\nDas Swing Dance Orchestra wurde im Jahre 1987 \u2013 seinerzeit noch unter dem Namen Swing Dance Band \u2013 in Berlin gegr\u00fcndet.<br \/>\n\u201eIch wollte nicht, dass Benny Goodman vergessen wird. Ich wollte seine Musik retten. Ich wollte m\u00f6glichst viele Menschen f\u00fcr den Swing begeistern, ihnen zeigen, wie wunderbar diese Musik ist. Nur deshalb bin ich Musiker geworden!\u201c<br \/>\nUnter der Leitung von Andrej Hermlin entwickelte sich die Band in den folgenden Jahren zu einem au\u00dfergew\u00f6hnlichen Swing-Orchester, dessen wichtigstes Prinzip seine gr\u00f6\u00dftm\u00f6gliche Authentizit\u00e4t ist. Das Swing Dance Orchestra verzichtet grunds\u00e4tzlich auf jede elektrische Verst\u00e4rkung und verwendet \u2013 vorwiegend amerikanische \u2013 Originalarrangements aus den 30er und 40er Jahren. Auch die B\u00fchnengarderobe, die Frisuren, Mikrophone und Notenpulte entsprechen den historischen Vorbildern.<br \/>\n\u201eIch glaube an das Original. Ich glaube an die Bands der 30er Jahre, an ihren Sound, an ihre Eleganz. Musik wird nicht nur geh\u00f6rt, sie wird auch gesehen!\u201c<br \/>\nDas Swing Dance Orchestra spielt die Musik Glenn Millers, Benny Goodmans, Count Basies, Duke Ellingtons , Frank Sinatras und anderer Stars der Swing-\u00c4ra. Zu den Solisten geh\u00f6ren die 16-j\u00e4hrige Tochter des Bandleaders Rachel Hermlin und deren drei Jahre \u00e4lterer Bruder David Hermlin. Hinzu gesellt sich die Gesangsgruppe des Orchesters The Skylarks.<br \/>\n\u201eSeitdem Rachel im Orchester singt, ist das eine neue Band, nun ist all das m\u00f6glich, was ich eigentlich immer schon wollte: eine Band mit viel Entertainment, mit Tanz, Witz und Leidenschaft. Zusammen mit ihrem Bruder David hat Rachel unserer Orchester gewisserma\u00dfen wachgek\u00fcsst und revolutioniert.\u201c<br \/>\nDas Swing Dance Orchestra unternahm in den vergangenen Jahren Tourneen nach London, Hong Kong, Mailand, Wien, Moskau, Tel Aviv und New York, trat in Funk und Fernsehen auf und war wiederholt an Filmproduktionen beteiligt.<br \/>\n\u201eMit unseren Konzerten in New York ist f\u00fcr mich ein Traum in Erf\u00fcllung gegangen, den ich gar nicht zu tr\u00e4umen gewagt hatte. Wir waren im Pennsylvania Hotel und im legend\u00e4ren Rainbow Room. Wir haben dort gespielt, wo Benny Goodman, Artie Shaw und Glenn Miller auftraten. Das kann mir niemand mehr nehmen.\u201c<br \/>\nSeit vielen Jahren z\u00e4hlen Andrej Hermlin and his Swing Dance Orchestra weltweit zu den f\u00fchrenden Orchestern seiner Art.<\/p>","protected":false},"excerpt":{"rendered":"<p>Don&#039;t miss it!<\/p>","protected":false},"featured_media":41795,"template":"","meta":{"_acf_changed":false,"inline_featured_image":false},"product_brand":[],"product_cat":[31,69,922,6749,6772,21,58],"product_tag":[5688,941,2712,999,942,951,947],"class_list":{"0":"post-41743","1":"product","2":"type-product","3":"status-publish","4":"has-post-thumbnail","6":"product_cat-events","7":"product_cat-konzert","8":"product_cat-kultur","9":"product_cat-sonstiges_konzert","10":"product_cat-sonstiges_kultur","11":"product_cat-ticket","12":"product_cat-veranstaltung","13":"product_tag-best-of-swing-andrej-hermlin-the-swing-dance-orchestra","14":"product_tag-events","15":"product_tag-georg-friedrich-haendel-halle","16":"product_tag-halle","17":"product_tag-konzert","18":"product_tag-kultur","19":"product_tag-ticket","20":"product_shipping_class-abholung_paketversand","21":"pa_discount-ermaessigt","22":"pa_discount-kind","23":"pa_discount-normalpreis","24":"pa_preiskategorie-pk-i","25":"pa_preiskategorie-pk-ii","26":"pa_preiskategorie-pk-iii","27":"pa_preiskategorie-pk-iv","28":"pa_preiskategorie-pk-v","30":"first","31":"instock","32":"taxable","33":"shipping-taxable","34":"purchasable","35":"product-type-variable"},"group_of_quantity":0,"min_quantity":0,"max_quantity":"","exclude_order_quantity_value_rules":"no","exclude_category_quantity_rules":"no","combine_variations":"no","acf":[],"_links":{"self":[{"href":"https:\/\/arena-ticket.com\/en\/wp-json\/wp\/v2\/product\/41743","targetHints":{"allow":["GET"]}}],"collection":[{"href":"https:\/\/arena-ticket.com\/en\/wp-json\/wp\/v2\/product"}],"about":[{"href":"https:\/\/arena-ticket.com\/en\/wp-json\/wp\/v2\/types\/product"}],"wp:featuredmedia":[{"embeddable":true,"href":"https:\/\/arena-ticket.com\/en\/wp-json\/wp\/v2\/media\/41795"}],"wp:attachment":[{"href":"https:\/\/arena-ticket.com\/en\/wp-json\/wp\/v2\/media?parent=41743"}],"wp:term":[{"taxonomy":"product_brand","embeddable":true,"href":"https:\/\/arena-ticket.com\/en\/wp-json\/wp\/v2\/product_brand?post=41743"},{"taxonomy":"product_cat","embeddable":true,"href":"https:\/\/arena-ticket.com\/en\/wp-json\/wp\/v2\/product_cat?post=41743"},{"taxonomy":"product_tag","embeddable":true,"href":"https:\/\/arena-ticket.com\/en\/wp-json\/wp\/v2\/product_tag?post=41743"}],"curies":[{"name":"wp","href":"https:\/\/api.w.org\/{rel}","templated":true}]}}