{"id":41777,"date":"2025-05-27T11:58:33","date_gmt":"2025-05-27T09:58:33","guid":{"rendered":"https:\/\/arena-ticket.com\/?p=41777&#038;post_type=product&#038;preview_id=41777"},"modified":"2026-03-10T13:08:39","modified_gmt":"2026-03-10T12:08:39","slug":"bushido-alles-wird-gut-tour-2026-leipzig-quarterback-immobilien-arena-10-03-2026-2000-uhr","status":"publish","type":"product","link":"https:\/\/arena-ticket.com\/en\/product\/bushido-alles-wird-gut-tour-2026-leipzig-quarterback-immobilien-arena-10-03-2026-2000-uhr\/","title":{"rendered":"Bushido - Everything Will Be OK Tour 2026"},"content":{"rendered":"<p>Nach dem sensationellen Run auf seine erste Tour 2024 seit Jahren und komplett ausverkauften Hallen in Rekordzeit k\u00fcndigte Bushido im letzten Sommer die Fortsetzung seiner Abschiedstour mit der \u201eAlles wird gut Tour 2026\u201c an.<\/p>\n<p><strong>Das Comeback geht weiter \u2013 und es wird gr\u00f6sser als je zuvor!<\/strong><\/p>\n<p>Mit einer neuen Show, noch mehr Energie und einem Sound, der zwischen Stra\u00dfenpoesie und Stadionepik alles zerrei\u00dft, k\u00fcndigt Bushido die Fortsetzung seines triumphalen Comebacks an. Bushido 2026 ist nicht nur ein Konzert \u2013 es ist ein Ereignis. Eine Hommage an zwei Jahrzehnte Rapgeschichte, aber auch ein kompromissloser Blick nach vorn. Echt. Unverf\u00e4lscht. Legend\u00e4r. Erlebt Tracks, die Generationen gepr\u00e4gt haben \u2013 von <em>\u201eAlles wird gut\u201c<\/em> bis <em>\u201eRonin\u201c<\/em> \u2013 live, laut und direkt.<\/p>","protected":false},"excerpt":{"rendered":"<p>Secure your tickets!<\/p>","protected":false},"featured_media":49429,"template":"","meta":{"_acf_changed":false,"inline_featured_image":false},"product_brand":[],"product_cat":[31,6737,69,86,35,37,21,22,58],"product_tag":[3643,2310,941,6803,942,943,944,945,947,973,948],"class_list":{"0":"post-41777","1":"product","2":"type-product","3":"status-publish","4":"has-post-thumbnail","6":"product_cat-events","7":"product_cat-hip-hop-rnb","8":"product_cat-konzert","9":"product_cat-leipzig","10":"product_cat-orte","11":"product_cat-quarterback-immobilien-arena","12":"product_cat-ticket","13":"product_cat-ticketupgrades-zusatzleistungen","14":"product_cat-veranstaltung","15":"product_tag-alles-wird-gut-tour-2026","16":"product_tag-bushido","17":"product_tag-events","18":"product_tag-hip-hop-rnb","19":"product_tag-konzert","20":"product_tag-leipzig","21":"product_tag-orte","22":"product_tag-quarterback-immobilien-arena","23":"product_tag-ticket","24":"product_tag-ticketupgrades-zusatzleistungen","25":"product_tag-veranstaltung","26":"product_shipping_class-abholung_paketversand","27":"pa_discount-inklusive-begleitperson","28":"pa_discount-normalpreis","29":"pa_discount-vip-sitzplatz","30":"pa_preiskategorie-ggv-up","31":"pa_preiskategorie-pgv-up","32":"pa_preiskategorie-pk-i","33":"pa_preiskategorie-pk1-stehplatz","34":"pa_preiskategorie-pk2-stehplatz","35":"pa_preiskategorie-pk-iii","36":"pa_preiskategorie-pk-iv","37":"pa_preiskategorie-pk-v","38":"pa_preiskategorie-rollstuhlfahrer","39":"pa_preiskategorie-vip-package-backstage-club","40":"pa_preiskategorie-vipu-up","42":"first","43":"instock","44":"taxable","45":"shipping-taxable","46":"purchasable","47":"product-type-variable","48":"has-default-attributes"},"group_of_quantity":0,"min_quantity":0,"max_quantity":"","exclude_order_quantity_value_rules":"no","exclude_category_quantity_rules":"no","combine_variations":"no","acf":[],"_links":{"self":[{"href":"https:\/\/arena-ticket.com\/en\/wp-json\/wp\/v2\/product\/41777","targetHints":{"allow":["GET"]}}],"collection":[{"href":"https:\/\/arena-ticket.com\/en\/wp-json\/wp\/v2\/product"}],"about":[{"href":"https:\/\/arena-ticket.com\/en\/wp-json\/wp\/v2\/types\/product"}],"wp:featuredmedia":[{"embeddable":true,"href":"https:\/\/arena-ticket.com\/en\/wp-json\/wp\/v2\/media\/49429"}],"wp:attachment":[{"href":"https:\/\/arena-ticket.com\/en\/wp-json\/wp\/v2\/media?parent=41777"}],"wp:term":[{"taxonomy":"product_brand","embeddable":true,"href":"https:\/\/arena-ticket.com\/en\/wp-json\/wp\/v2\/product_brand?post=41777"},{"taxonomy":"product_cat","embeddable":true,"href":"https:\/\/arena-ticket.com\/en\/wp-json\/wp\/v2\/product_cat?post=41777"},{"taxonomy":"product_tag","embeddable":true,"href":"https:\/\/arena-ticket.com\/en\/wp-json\/wp\/v2\/product_tag?post=41777"}],"curies":[{"name":"wp","href":"https:\/\/api.w.org\/{rel}","templated":true}]}}