{"id":41796,"date":"2025-05-27T12:51:21","date_gmt":"2025-05-27T10:51:21","guid":{"rendered":"https:\/\/arena-ticket.com\/?p=41796&#038;post_type=product&#038;preview_id=41796"},"modified":"2026-01-09T10:55:30","modified_gmt":"2026-01-09T09:55:30","slug":"katharina-thalbach-liest-miss-merkel-mord-auf-dem-friedhof-halle-saale-steintor-variete-15-01-2026-1930-uhr","status":"publish","type":"product","link":"https:\/\/arena-ticket.com\/en\/product\/katharina-thalbach-liest-miss-merkel-mord-auf-dem-friedhof-halle-saale-steintor-variete-15-01-2026-1930-uhr\/","title":{"rendered":"Katharina Thalbach liest  -  \u201eMiss Merkel. Mord auf dem Friedhof\u201c"},"content":{"rendered":"<p>Der G\u00e4rtner ist nicht immer der M\u00f6rder, manchmal ist er auch die Leiche. Das wird Rentnerin Angela sp\u00e4testens klar, als ihr Mops die Leiche des G\u00e4rtners auf dem Klein-Freudenst\u00e4dter Friedhof in der beschaulichen Uckermark entdeckt.<br \/>\nKopf\u00fcber steckt der Tote in der Erde, nur die Beine ragen heraus. Die Mordverd\u00e4chtigen sind allesamt in zwei verfeindeten Bestatter-Familien zu finden. Da gibt es einen dubiosen Gesch\u00e4ftsf\u00fchrer, eine spr\u00f6de Buchhalterin, eine sensible Trauerrednerin, einen Satanisten sowie einen kultivierten Steinmetz. Mit Letzterem teilt Angela nicht nur ihre Liebe zu Shakespeare, der \u00e4ltere Herr sieht auch noch aus wie ein ehemaliger franz\u00f6sischer Filmstar. Wird<br \/>\nAngela dem rauen Charme dieses Mannes verfallen? Und was sagt ihr Gatte Achim dazu? Der zweite Fall der Meisterdetektivin Miss Merkel stellt die Ex- Bundeskanzlerin auch privat vor kniffelige Probleme.<br \/>\nIn der Hauptrolle der herrlich schr\u00e4gen Krimis: Katharina Thalbach, die sich der Figur der Ex-Kanzlerin eindringlich und irrsinnig komisch annimmt. Jetzt kehrt sie zum Buch zuru\u0308ck und liest die besten Szenen aus Safiers erstem \u201eMiss Merkel\u201c- Band.<\/p>","protected":false},"excerpt":{"rendered":"<p>Get your tickets here now!<\/p>","protected":false},"featured_media":62786,"template":"","meta":{"_acf_changed":false,"inline_featured_image":false},"product_brand":[],"product_cat":[31,102,922,6764,35,496,21,58],"product_tag":[5692,941,999,5691,951,944,2788,947,948],"class_list":{"0":"post-41796","1":"product","2":"type-product","3":"status-publish","4":"has-post-thumbnail","6":"product_cat-events","7":"product_cat-halle","8":"product_cat-kultur","9":"product_cat-lesung","10":"product_cat-orte","11":"product_cat-steintor-variete","12":"product_cat-ticket","13":"product_cat-veranstaltung","14":"product_tag-miss-merkel-mord-auf-dem-friedhof","15":"product_tag-events","16":"product_tag-halle","17":"product_tag-katharina-thalbach-liest","18":"product_tag-kultur","19":"product_tag-orte","20":"product_tag-steintor-variete","21":"product_tag-ticket","22":"product_tag-veranstaltung","23":"product_shipping_class-nur_paketversand","24":"pa_discount-ermaessigt","25":"pa_discount-normalpreis","26":"pa_preiskategorie-pk-i","27":"pa_preiskategorie-pk-ii","28":"pa_preiskategorie-pk-iii","30":"first","31":"outofstock","32":"taxable","33":"shipping-taxable","34":"purchasable","35":"product-type-variable","36":"has-default-attributes"},"group_of_quantity":0,"min_quantity":0,"max_quantity":"","exclude_order_quantity_value_rules":"no","exclude_category_quantity_rules":"no","combine_variations":"no","acf":[],"_links":{"self":[{"href":"https:\/\/arena-ticket.com\/en\/wp-json\/wp\/v2\/product\/41796","targetHints":{"allow":["GET"]}}],"collection":[{"href":"https:\/\/arena-ticket.com\/en\/wp-json\/wp\/v2\/product"}],"about":[{"href":"https:\/\/arena-ticket.com\/en\/wp-json\/wp\/v2\/types\/product"}],"wp:featuredmedia":[{"embeddable":true,"href":"https:\/\/arena-ticket.com\/en\/wp-json\/wp\/v2\/media\/62786"}],"wp:attachment":[{"href":"https:\/\/arena-ticket.com\/en\/wp-json\/wp\/v2\/media?parent=41796"}],"wp:term":[{"taxonomy":"product_brand","embeddable":true,"href":"https:\/\/arena-ticket.com\/en\/wp-json\/wp\/v2\/product_brand?post=41796"},{"taxonomy":"product_cat","embeddable":true,"href":"https:\/\/arena-ticket.com\/en\/wp-json\/wp\/v2\/product_cat?post=41796"},{"taxonomy":"product_tag","embeddable":true,"href":"https:\/\/arena-ticket.com\/en\/wp-json\/wp\/v2\/product_tag?post=41796"}],"curies":[{"name":"wp","href":"https:\/\/api.w.org\/{rel}","templated":true}]}}