{"id":41817,"date":"2025-05-27T14:17:30","date_gmt":"2025-05-27T12:17:30","guid":{"rendered":"https:\/\/arena-ticket.com\/?p=41817&#038;post_type=product&#038;preview_id=41817"},"modified":"2026-01-09T10:40:47","modified_gmt":"2026-01-09T09:40:47","slug":"the-best-of-ennio-morricone-chemnitz-stadthalle-11-01-2026-1900-uhr","status":"publish","type":"product","link":"https:\/\/arena-ticket.com\/en\/product\/the-best-of-ennio-morricone-chemnitz-stadthalle-11-01-2026-1900-uhr\/","title":{"rendered":"The Best Of Ennio Morricone"},"content":{"rendered":"<section class=\"cc_outer cc_text_media\" data-columns=\"1\" data-container-size=\"md\">\n<div class=\"container\">\n<div class=\"row\">\n<div class=\"column\">\n<div class=\"cc_content_block cc_textmedia cc_media_above\">\n<div class=\"cc_content_wrap\">\n<div class=\"cc_content\" data-text-columns=\"2\">\n<div><\/div>\n<div>The Best Of Ennio Morricone<\/div>\n<div><\/div>\n<div class=\"text-2xl font-semibold mb-4\">mit der Milano Festival Opera<\/div>\n<div class=\"tour-description\">\n<div>\n<p><strong>Mit Original-Filmszenen und Leinwand-Animationen aus<br \/>\nTHE HATEFUL 8 \u2013 SPIEL MIR DAS LIED VOM TOD \u2013 KILL BILL \u2013 ZWEI GLORREICHE HALUNKEN \u2013 ES WAR EINMAL IN AMERIKA \u2013 CINEMA PARADISO<\/strong><\/p>\n<p>Gro\u00dfes Orchester, S\u00e4nger und Musiker der Milano Festival Opera<br \/>\nDirigenten: Marco Seco\/Marcin Wolniewski<\/p>\n<p>Der weltbekannte Oscar-Preistr\u00e4ger\u00a0<strong>Ennio Morricone<\/strong>\u00a0gilt als einer der produktivsten Komponisten der Geschichte der Filmmusik, er hat \u00fcber 500 Filmmusiken f\u00fcr Kino und Fernsehen geschrieben und dabei legend\u00e4re St\u00fccke geschaffen.<\/p>\n<p>Seinen letzten Oscar bekam er im Februar 2016 f\u00fcr Tarantino\u2019s \u201eThe Hateful 8\u201c. Unsterblich machte sich Morricone bereits vor fast 50 Jahren mit seiner Musik zu \u201eSpiel mir das Lied vom Tod\u201c. Besondere Bekanntheit erlangten seine Kompositionen zum Italowestern-Klassiker \u201eZwei glorreiche Halunken\u201c, zu Roland Joff\u00e9s Drama \u201eMission\u201c und f\u00fcr Giuseppe Tornatores Film \u201eCinema Paradiso\u201c.<\/p>\n<p>His fans can experience Morricone&#039;s unforgettable works live in selected cities. The large ensemble of soloists, musicians and choir of the Milano Festival Opera under the direction of the renowned conductor Marco Seco will be on stage and bring Morricone&#039;s rousing music to life.<\/p>\n<p><strong>Press reviews:\u00a0\u00a0\u00a0\u00a0\u00a0\u00a0\u00a0\u00a0\u00a0\u00a0\u00a0\u00a0\u00a0\u00a0\u00a0\u00a0\u00a0\u00a0\u00a0\u00a0\u00a0\u00a0\u00a0\u00a0\u00a0\u00a0\u00a0\u00a0\u00a0\u00a0\u00a0\u00a0\u00a0\u00a0\u00a0\u00a0\u00a0\u00a0\u00a0\u00a0\u00a0\u00a0\u00a0\u00a0\u00a0\u00a0\u00a0\u00a0\u00a0\u00a0\u00a0\u00a0\u00a0\u00a0\u00a0\u00a0\u00a0\u00a0\u00a0\u00a0\u00a0\u00a0\u00a0\u00a0\u00a0\u00a0\u00a0\u00a0\u00a0\u00a0\u00a0\u00a0\u00a0\u00a0\u00a0\u00a0\u00a0\u00a0\u00a0\u00a0\u00a0\u00a0\u00a0\u00a0\u00a0\u00a0\u00a0\u00a0\u00a0\u00a0<\/strong><\/p>\n<p><em>\u201eDas\u00a0Orchester\u00a0l\u00e4uft zur H\u00f6chstform auf \u2013 mit\u00a0Mundharmonika\u00a0und Westerngitarre<\/em>.\u201c (Neue Presse)<\/p>\n<\/div>\n<\/div>\n<\/div>\n<\/div>\n<\/div>\n<\/div>\n<\/div>\n<\/div>\n<\/section>","protected":false},"excerpt":{"rendered":"<p>Secure your tickets!<\/p>","protected":false},"featured_media":51832,"template":"","meta":{"_acf_changed":false,"inline_featured_image":false},"product_brand":[],"product_cat":[103,31,6744,69,35,494,21,58],"product_tag":[992,941,942,944,3031,4708,947,948],"class_list":{"0":"post-41817","1":"product","2":"type-product","3":"status-publish","4":"has-post-thumbnail","6":"product_cat-chemnitz","7":"product_cat-events","8":"product_cat-filmmusik","9":"product_cat-konzert","10":"product_cat-orte","11":"product_cat-stadthalle-chemnitz","12":"product_cat-ticket","13":"product_cat-veranstaltung","14":"product_tag-chemnitz","15":"product_tag-events","16":"product_tag-konzert","17":"product_tag-orte","18":"product_tag-stadthalle-chemnitz","19":"product_tag-the-best-of-ennio-morricone","20":"product_tag-ticket","21":"product_tag-veranstaltung","22":"product_shipping_class-nur_paketversand","23":"pa_discount-normalpreis","24":"pa_preiskategorie-pk-i","25":"pa_preiskategorie-pk-ii","26":"pa_preiskategorie-pk-iii","27":"pa_preiskategorie-pk-iv","29":"first","30":"instock","31":"taxable","32":"shipping-taxable","33":"purchasable","34":"product-type-variable","35":"has-default-attributes"},"group_of_quantity":0,"min_quantity":0,"max_quantity":"","exclude_order_quantity_value_rules":"no","exclude_category_quantity_rules":"no","combine_variations":"no","acf":[],"_links":{"self":[{"href":"https:\/\/arena-ticket.com\/en\/wp-json\/wp\/v2\/product\/41817","targetHints":{"allow":["GET"]}}],"collection":[{"href":"https:\/\/arena-ticket.com\/en\/wp-json\/wp\/v2\/product"}],"about":[{"href":"https:\/\/arena-ticket.com\/en\/wp-json\/wp\/v2\/types\/product"}],"wp:featuredmedia":[{"embeddable":true,"href":"https:\/\/arena-ticket.com\/en\/wp-json\/wp\/v2\/media\/51832"}],"wp:attachment":[{"href":"https:\/\/arena-ticket.com\/en\/wp-json\/wp\/v2\/media?parent=41817"}],"wp:term":[{"taxonomy":"product_brand","embeddable":true,"href":"https:\/\/arena-ticket.com\/en\/wp-json\/wp\/v2\/product_brand?post=41817"},{"taxonomy":"product_cat","embeddable":true,"href":"https:\/\/arena-ticket.com\/en\/wp-json\/wp\/v2\/product_cat?post=41817"},{"taxonomy":"product_tag","embeddable":true,"href":"https:\/\/arena-ticket.com\/en\/wp-json\/wp\/v2\/product_tag?post=41817"}],"curies":[{"name":"wp","href":"https:\/\/api.w.org\/{rel}","templated":true}]}}