{"id":41833,"date":"2025-05-27T15:14:08","date_gmt":"2025-05-27T13:14:08","guid":{"rendered":"https:\/\/arena-ticket.com\/?p=41833&#038;post_type=product&#038;preview_id=41833"},"modified":"2025-08-29T13:29:16","modified_gmt":"2025-08-29T11:29:16","slug":"abi-wallenstein-blues-culture-leipzig-unterrock-geyserhaus-08-11-2025-2000-uhr","status":"publish","type":"product","link":"https:\/\/arena-ticket.com\/en\/product\/abi-wallenstein-blues-culture-leipzig-unterrock-geyserhaus-08-11-2025-2000-uhr\/","title":{"rendered":"Abi Wallenstein  - &amp; Blues Culture"},"content":{"rendered":"<p>Abi Wallenstein &amp; BluesCulture<br \/>\nfeaturing Steve Baker &amp; Martin R\u00f6ttger<br \/>\n\u201eL\u00e4ssig den Blues in Brand setzten\u201c<\/p>\n<p>Seit \u00fcber 45 Jahren erobert Abi Wallenstein mit schelmisch jungenhaften Lachen und warmherziger Ausstrahlung die Herzen der Bluesfans.<br \/>\nAls Vaterfigur der Hamburger Blues-Szene schon zu kulthaft anmutender Ber\u00fchmtheit gelangt, z\u00e4hlt er zu den herausragenden europ\u00e4ischen Bluesgr\u00f6\u00dfen. Sein einmaliger Fingerpickingstil ist eine faszinierende Mischung aus Delta Blues und Rockelementen: Druckvoll, rhythmisch und voller Spielfreude. Aber es ist zuallererst Wallensteins Stimme, die begeistert. Sie klingt heiser und rauchig, zaubert dennoch in ihre schwingenden T\u00f6ne so viel Herz und Seele, dass sie jeden technisch noch so perfekten Gesang vergessen l\u00e4sst.<\/p>\n<p>An Abis Seite steht der britische Mundharmonika-Meister Steve Baker. Die Fans lieben seinen innovativen melodischen Stil, der Elemente aus der Blues- Tradition mit Country, Folk, Funk Soul und Jazz verbindet. Er spielt sowohl lyrisch und ruhig, als auch rockig und bissig und erzeugt dabei eine kreative Spannung, die fasziniert. Auch Rhythmusgeber Martin R\u00f6ttger tr\u00e4gt mit seinen mal explosiv-kraftvollen, dann wieder elastisch-weichen Beats wesentlich zur Musik bei. Wie kein anderer versteht er es, Wallensteins eigenwillige Grooves perfekt aufzufangen und meisterlich zu unterst\u00fctzen.<\/p>","protected":false},"excerpt":{"rendered":"<p>Abi Wallenstein und BluesCulture featuring Steve Baker &amp; Martin R\u00f6ttger \"L\u00e4ssig den Blues in Brand setzten\"<\/p>","protected":false},"featured_media":41839,"template":"","meta":{"_acf_changed":false,"inline_featured_image":false},"product_brand":[],"product_cat":[31,6740,69,86,35,21,504,58],"product_tag":[5699,5698,941,942,943,944,947,5700,953,948],"class_list":{"0":"post-41833","1":"product","2":"type-product","3":"status-publish","4":"has-post-thumbnail","6":"product_cat-events","7":"product_cat-jazz-blues","8":"product_cat-konzert","9":"product_cat-leipzig","10":"product_cat-orte","11":"product_cat-ticket","12":"product_cat-unterrock-im-geyserhaus","13":"product_cat-veranstaltung","14":"product_tag-blues-culture","15":"product_tag-abi-wallenstein","16":"product_tag-events","17":"product_tag-konzert","18":"product_tag-leipzig","19":"product_tag-orte","20":"product_tag-ticket","21":"product_tag-unterrock-geyserhaus","22":"product_tag-unterrock-im-geyserhaus","23":"product_tag-veranstaltung","24":"product_shipping_class-nur_paketversand","25":"pa_discount-inklusive-begleitperson","26":"pa_discount-leipzig-pass-inhaber","27":"pa_discount-normalpreis","28":"pa_preiskategorie-rollstuhlfahrer","29":"pa_preiskategorie-stehplatz","31":"first","32":"outofstock","33":"taxable","34":"shipping-taxable","35":"purchasable","36":"product-type-variable"},"group_of_quantity":0,"min_quantity":0,"max_quantity":"","exclude_order_quantity_value_rules":"no","exclude_category_quantity_rules":"no","combine_variations":"no","acf":[],"_links":{"self":[{"href":"https:\/\/arena-ticket.com\/en\/wp-json\/wp\/v2\/product\/41833","targetHints":{"allow":["GET"]}}],"collection":[{"href":"https:\/\/arena-ticket.com\/en\/wp-json\/wp\/v2\/product"}],"about":[{"href":"https:\/\/arena-ticket.com\/en\/wp-json\/wp\/v2\/types\/product"}],"wp:featuredmedia":[{"embeddable":true,"href":"https:\/\/arena-ticket.com\/en\/wp-json\/wp\/v2\/media\/41839"}],"wp:attachment":[{"href":"https:\/\/arena-ticket.com\/en\/wp-json\/wp\/v2\/media?parent=41833"}],"wp:term":[{"taxonomy":"product_brand","embeddable":true,"href":"https:\/\/arena-ticket.com\/en\/wp-json\/wp\/v2\/product_brand?post=41833"},{"taxonomy":"product_cat","embeddable":true,"href":"https:\/\/arena-ticket.com\/en\/wp-json\/wp\/v2\/product_cat?post=41833"},{"taxonomy":"product_tag","embeddable":true,"href":"https:\/\/arena-ticket.com\/en\/wp-json\/wp\/v2\/product_tag?post=41833"}],"curies":[{"name":"wp","href":"https:\/\/api.w.org\/{rel}","templated":true}]}}