{"id":41842,"date":"2025-05-27T15:24:53","date_gmt":"2025-05-27T13:24:53","guid":{"rendered":"https:\/\/arena-ticket.com\/?p=41842&#038;post_type=product&#038;preview_id=41842"},"modified":"2026-02-26T18:00:53","modified_gmt":"2026-02-26T17:00:53","slug":"steve-baker-the-livewires-leipzig-unterrock-geyserhaus-14-03-2026-2000-uhr","status":"publish","type":"product","link":"https:\/\/arena-ticket.com\/en\/product\/steve-baker-the-livewires-leipzig-unterrock-geyserhaus-14-03-2026-2000-uhr\/","title":{"rendered":"Steve Baker  - &amp; The Livewires"},"content":{"rendered":"<p>The music of London-born harmonica player, singer and composer Steve Baker is accomplished and stylistically diverse. His songs span a wide range from groovy Americana, blues and country to funk and acoustic rock. What they all have in common, however, is Baker&#039;s clearly audible pop sensibility, which gives his compositions a very unique character, less cliched and with catchy choruses.<br \/>\nAls innovativer und stilistisch vielseitiger Pionier an der Mundharmonika genie\u00dft Steve Baker seit langem einen internationalen Ruf. Mit seinem 2018 erschienenen Soloalbum \u201ePerfect Getaway\u201c sowie dessen Nachfolger \u201eThe Great Divide\u201c (2020) legte er erstmals die Rolle des Begleitmusikers ab und zeigte sich als \u00fcberzeugender Frontmann, der seine spannenden Eigenkompositionen mit viel Herzblut und K\u00f6nnen pr\u00e4sentiert. Im Sp\u00e4tsommer 2023 erschien nun sein drittes Album \u201eToo Much Is Never Enough\u201c, eingespielt mit einer neuen akustischen Besetzung.<br \/>\nThe combination of harmonica, guitar, double bass, percussion and three-part vocals is captivating, rhythmically demanding and delicate. Tonal richness alternates with airy openness, and the sparsely arranged band sound is characterized by astonishing dynamics. The songs radiate with attitude and strike a deeply personal note that reflects our turbulent times. Baker&#039;s inimitable harp playing is by no means neglected.<\/p>","protected":false},"excerpt":{"rendered":"<p>Steve Baker mit seiner Band \u201eThe LiveWires\u201c: In den vergangenen Jahren hat er sich auf dieser B\u00fchne als musikalische Begleitung von Abi Wallenstein eine Fangemeinde erspielt. Nun \u00fcbernimmt er die Rolle des Frontmans.<\/p>","protected":false},"featured_media":7095,"template":"","meta":{"_acf_changed":false,"inline_featured_image":false},"product_brand":[],"product_cat":[31,6740,69,86,35,21,504,58],"product_tag":[5702,941,6975,942,943,944,5701,947,5700,953,948],"class_list":{"0":"post-41842","1":"product","2":"type-product","3":"status-publish","4":"has-post-thumbnail","6":"product_cat-events","7":"product_cat-jazz-blues","8":"product_cat-konzert","9":"product_cat-leipzig","10":"product_cat-orte","11":"product_cat-ticket","12":"product_cat-unterrock-im-geyserhaus","13":"product_cat-veranstaltung","14":"product_tag-the-livewires","15":"product_tag-events","16":"product_tag-jazz-blues","17":"product_tag-konzert","18":"product_tag-leipzig","19":"product_tag-orte","20":"product_tag-steve-baker","21":"product_tag-ticket","22":"product_tag-unterrock-geyserhaus","23":"product_tag-unterrock-im-geyserhaus","24":"product_tag-veranstaltung","25":"product_shipping_class-nur_paketversand","26":"pa_discount-inklusive-begleitperson","27":"pa_discount-leipzig-pass-inhaber","28":"pa_discount-normalpreis","29":"pa_preiskategorie-rollstuhlfahrer","30":"pa_preiskategorie-stehplatz","32":"first","33":"instock","34":"taxable","35":"shipping-taxable","36":"purchasable","37":"product-type-variable"},"group_of_quantity":0,"min_quantity":0,"max_quantity":"","exclude_order_quantity_value_rules":"no","exclude_category_quantity_rules":"no","combine_variations":"no","acf":[],"_links":{"self":[{"href":"https:\/\/arena-ticket.com\/en\/wp-json\/wp\/v2\/product\/41842","targetHints":{"allow":["GET"]}}],"collection":[{"href":"https:\/\/arena-ticket.com\/en\/wp-json\/wp\/v2\/product"}],"about":[{"href":"https:\/\/arena-ticket.com\/en\/wp-json\/wp\/v2\/types\/product"}],"wp:featuredmedia":[{"embeddable":true,"href":"https:\/\/arena-ticket.com\/en\/wp-json\/wp\/v2\/media\/7095"}],"wp:attachment":[{"href":"https:\/\/arena-ticket.com\/en\/wp-json\/wp\/v2\/media?parent=41842"}],"wp:term":[{"taxonomy":"product_brand","embeddable":true,"href":"https:\/\/arena-ticket.com\/en\/wp-json\/wp\/v2\/product_brand?post=41842"},{"taxonomy":"product_cat","embeddable":true,"href":"https:\/\/arena-ticket.com\/en\/wp-json\/wp\/v2\/product_cat?post=41842"},{"taxonomy":"product_tag","embeddable":true,"href":"https:\/\/arena-ticket.com\/en\/wp-json\/wp\/v2\/product_tag?post=41842"}],"curies":[{"name":"wp","href":"https:\/\/api.w.org\/{rel}","templated":true}]}}