{"id":41847,"date":"2025-05-27T15:59:02","date_gmt":"2025-05-27T13:59:02","guid":{"rendered":"https:\/\/arena-ticket.com\/?p=41847&#038;post_type=product&#038;preview_id=41847"},"modified":"2025-10-27T12:22:59","modified_gmt":"2025-10-27T11:22:59","slug":"witz-vom-olli-hart-aber-herzlich-leipzig-kupfersaal-29-11-2025-2000-uhr","status":"publish","type":"product","link":"https:\/\/arena-ticket.com\/en\/product\/witz-vom-olli-hart-aber-herzlich-leipzig-kupfersaal-29-11-2025-2000-uhr\/","title":{"rendered":"Witz vom Olli  - Hart aber herzlich"},"content":{"rendered":"<p>Oliver \u201cOlli\u201d Gimber, der witzigste Malermeister Deutschlands, bringt als WITZ VOM OLLI mit seinem neuen Programm Comedyfans im ganzen deutschsprachigen Raum zum Lachen. \u00dcber YouTube und Facebook erreicht Olli ein Millionenpublikum und ist quasi \u00fcber Nacht zu einem heimlichen Star der deutschen Comedyszene geworden. Mit seinem neuen Programm \u201eNach fest kommt ab\u201c verspricht er dass kein Auge trocken bleibt: \u201eDas Publikum erwartet ein Abend voller Witz und verr\u00fcckter Geschichten aus meinem Leben als Chef, Unternehmer und Malermeister und dar\u00fcber hinaus!\u201c Rund 1000 Witze kann der Pforzheimer aus dem Ged\u00e4chtnis abrufen und hat im Netz mittlerweile Kultstatus erreicht.<\/p>\n<p>Zu seinen Fans pflegt Olli eine ganz besondere Verbindung: Schon lange vor Showbeginn ist er vor der Halle zu finden, macht Selfies, sch\u00fcttelt jedem pers\u00f6nlich die Hand. Ein Star auf Augenh\u00f6he, der alles was er erleben darf nicht als selbstverst\u00e4ndlich ansieht und eine Mission hat, wie er selbst sagt: \u201cMenschen zum Lachen bringen, denn nicht alle sind so privilegiert wie ich. Und wenn ich Emails von Fans bekomme, die zum Beispiel an Krebs erkrankt sind und sich bei mir bedanken, dass ich sie trotz all der Schmerzen zum Lachen bringe, dann wei\u00df ich wof\u00fcr ich das ganze mache. Und solange ich solche Emails bekomme, mache ich immer weiter \u2013 mit Vollgas und vollem K\u00f6rpereinsatz versteht sich.\u201d<\/p>","protected":false},"excerpt":{"rendered":"<p>Get your tickets here now!<\/p>","protected":false},"featured_media":52945,"template":"","meta":{"_acf_changed":false,"inline_featured_image":false},"product_brand":[],"product_cat":[6725,31,95,430,86,35,21,58],"product_tag":[954,941,5703,951,968,943,944,947,948,3842],"class_list":{"0":"post-41847","1":"product","2":"type-product","3":"status-publish","4":"has-post-thumbnail","6":"product_cat-comedy","7":"product_cat-events","8":"product_cat-humor","9":"product_cat-kupfersaal","10":"product_cat-leipzig","11":"product_cat-orte","12":"product_cat-ticket","13":"product_cat-veranstaltung","14":"product_tag-comedy","15":"product_tag-events","16":"product_tag-hart-aber-herzlich","17":"product_tag-kultur","18":"product_tag-kupfersaal","19":"product_tag-leipzig","20":"product_tag-orte","21":"product_tag-ticket","22":"product_tag-veranstaltung","23":"product_tag-witz-vom-olli","24":"product_shipping_class-nur_paketversand","25":"pa_discount-ermaessigt","26":"pa_discount-normalpreis","27":"pa_preiskategorie-freie-platzwahl","29":"first","30":"instock","31":"taxable","32":"shipping-taxable","33":"purchasable","34":"product-type-variable"},"group_of_quantity":0,"min_quantity":0,"max_quantity":"","exclude_order_quantity_value_rules":"no","exclude_category_quantity_rules":"no","combine_variations":"no","acf":[],"_links":{"self":[{"href":"https:\/\/arena-ticket.com\/en\/wp-json\/wp\/v2\/product\/41847","targetHints":{"allow":["GET"]}}],"collection":[{"href":"https:\/\/arena-ticket.com\/en\/wp-json\/wp\/v2\/product"}],"about":[{"href":"https:\/\/arena-ticket.com\/en\/wp-json\/wp\/v2\/types\/product"}],"wp:featuredmedia":[{"embeddable":true,"href":"https:\/\/arena-ticket.com\/en\/wp-json\/wp\/v2\/media\/52945"}],"wp:attachment":[{"href":"https:\/\/arena-ticket.com\/en\/wp-json\/wp\/v2\/media?parent=41847"}],"wp:term":[{"taxonomy":"product_brand","embeddable":true,"href":"https:\/\/arena-ticket.com\/en\/wp-json\/wp\/v2\/product_brand?post=41847"},{"taxonomy":"product_cat","embeddable":true,"href":"https:\/\/arena-ticket.com\/en\/wp-json\/wp\/v2\/product_cat?post=41847"},{"taxonomy":"product_tag","embeddable":true,"href":"https:\/\/arena-ticket.com\/en\/wp-json\/wp\/v2\/product_tag?post=41847"}],"curies":[{"name":"wp","href":"https:\/\/api.w.org\/{rel}","templated":true}]}}