{"id":41891,"date":"2025-05-27T18:52:10","date_gmt":"2025-05-27T16:52:10","guid":{"rendered":"https:\/\/arena-ticket.com\/?p=41891&#038;post_type=product&#038;preview_id=41891"},"modified":"2025-09-23T17:34:39","modified_gmt":"2025-09-23T15:34:39","slug":"ingo-appelt-maenner-nerven-stark-chemnitz-carlowitz-congresscenter-17-10-2026-1930-uhr","status":"publish","type":"product","link":"https:\/\/arena-ticket.com\/en\/product\/ingo-appelt-maenner-nerven-stark-chemnitz-carlowitz-congresscenter-17-10-2026-1930-uhr\/","title":{"rendered":"Ingo Appelt - M\u00c4NNER NERVEN STARK"},"content":{"rendered":"<p>&nbsp;<\/p>\n<h5 class=\"elementor-heading-title elementor-size-default\"><\/h5>\n<p>Ingo Appelt geht mit seinem neuen Programm \u201eM\u00c4NNER NERVEN STARK\u201c auf Tour, um seinen Zuschauern mit dem verbalen Vorschlaghammer zweieinhalb Stunden lang den Alltag auszutreiben.<\/p>\n<p>Ingo h\u00e4ngt den Maulkorb an den Haken, er ist nicht milder geworden und tanzt auch aktuell unerbittlich auf dem schmalen Grat der G\u00fcrtellinie. In \u201eM\u00c4NNER NERVEN STARK\u201c zerlegt Ingo unser Miteinander so wunderbar und gleichzeitig pointiert wie kein anderer.<\/p>\n<p>Nichts ist vor ihm sicher \u2013 von der Kommunikation zwischen den Geschlechtern bis hin zu kleinen Macken und Mackern, die uns das Leben schwer machen. Denn wer ist schuld an der Misere? Die M\u00e4nner! In einer Welt voller Fettn\u00e4pfchen reicht Ingo ihnen helfend die Hand. F\u00fcr die Frauen, f\u00fcr den Frieden. Er ist der Safe Space des Lachens, die letzte Bastion gegen das Spie\u00dfertum. Sorgt euch nicht: Was bei Appelt passiert, bleibt bei Appelt. Lacht kaputt, was euch kaputtmacht \u2013 Comedy ab 18!<\/p>","protected":false},"excerpt":{"rendered":"<p>Sichern Sie sich jetzt schon Ihre Tickets!<\/p>","protected":false},"featured_media":41893,"template":"","meta":{"_acf_changed":false,"inline_featured_image":false},"product_brand":[],"product_cat":[377,103,6725,31,95,35,21,58],"product_tag":[3908,992,954,941,3904,951,5709,944,947,948],"class_list":{"0":"post-41891","1":"product","2":"type-product","3":"status-publish","4":"has-post-thumbnail","6":"product_cat-carlowitz-congress-center","7":"product_cat-chemnitz","8":"product_cat-comedy","9":"product_cat-events","10":"product_cat-humor","11":"product_cat-orte","12":"product_cat-ticket","13":"product_cat-veranstaltung","14":"product_tag-carlowitz-congress-center","15":"product_tag-chemnitz","16":"product_tag-comedy","17":"product_tag-events","18":"product_tag-ingo-appelt","19":"product_tag-kultur","20":"product_tag-maenner-nerven-stark","21":"product_tag-orte","22":"product_tag-ticket","23":"product_tag-veranstaltung","24":"product_shipping_class-nur_paketversand","25":"pa_discount-normalpreis","26":"pa_preiskategorie-pk-i","28":"first","29":"instock","30":"taxable","31":"shipping-taxable","32":"purchasable","33":"product-type-variable"},"group_of_quantity":0,"min_quantity":0,"max_quantity":"","exclude_order_quantity_value_rules":"no","exclude_category_quantity_rules":"no","combine_variations":"no","acf":[],"_links":{"self":[{"href":"https:\/\/arena-ticket.com\/en\/wp-json\/wp\/v2\/product\/41891","targetHints":{"allow":["GET"]}}],"collection":[{"href":"https:\/\/arena-ticket.com\/en\/wp-json\/wp\/v2\/product"}],"about":[{"href":"https:\/\/arena-ticket.com\/en\/wp-json\/wp\/v2\/types\/product"}],"wp:featuredmedia":[{"embeddable":true,"href":"https:\/\/arena-ticket.com\/en\/wp-json\/wp\/v2\/media\/41893"}],"wp:attachment":[{"href":"https:\/\/arena-ticket.com\/en\/wp-json\/wp\/v2\/media?parent=41891"}],"wp:term":[{"taxonomy":"product_brand","embeddable":true,"href":"https:\/\/arena-ticket.com\/en\/wp-json\/wp\/v2\/product_brand?post=41891"},{"taxonomy":"product_cat","embeddable":true,"href":"https:\/\/arena-ticket.com\/en\/wp-json\/wp\/v2\/product_cat?post=41891"},{"taxonomy":"product_tag","embeddable":true,"href":"https:\/\/arena-ticket.com\/en\/wp-json\/wp\/v2\/product_tag?post=41891"}],"curies":[{"name":"wp","href":"https:\/\/api.w.org\/{rel}","templated":true}]}}