{"id":41925,"date":"2025-05-28T17:27:23","date_gmt":"2025-05-28T15:27:23","guid":{"rendered":"https:\/\/arena-ticket.com\/?p=41925&#038;post_type=product&#038;preview_id=41925"},"modified":"2025-11-25T10:31:02","modified_gmt":"2025-11-25T09:31:02","slug":"helene-blum-harald-haugaard-band-mit-gaesten-aus-norwegen-schweden-nordic-christmas-gewandhaus-zu-leipzig-mendelssohn-saal-10-12-2025-2000-uhr","status":"publish","type":"product","link":"https:\/\/arena-ticket.com\/en\/product\/helene-blum-harald-haugaard-band-mit-gaesten-aus-norwegen-schweden-nordic-christmas-gewandhaus-zu-leipzig-mendelssohn-saal-10-12-2025-2000-uhr\/","title":{"rendered":"Helene Blum &amp; Harald Haugaard Band mit G\u00e4sten aus Norwegen &amp; Schweden   - Nordic Christmas"},"content":{"rendered":"<div class=\"event-teaser__short-description | js-event-teaser-short-description\">\n<h1 class=\"h-h2 h-margin-top-small\">Nordic Christmas<\/h1>\n<p>Helene Blum (DK)\u00a0<i>Gesang, Geige<\/i>, Harald Haugaard (DK)\u00a0<i>Geige<\/i>, Tiril Eirunn Einarsdotter (NOR)\u00a0<i>Hardanger Fiddle, Gesang, Geige<\/i>, Kristine Elise Pedersen (DK)\u00a0<i>Cello<\/i>, Oskar Reuter (SWE)\u00a0<i>Gitarre<\/i>, Suna Rahbek (DK)\u00a0<i>Perkussion<\/i><\/p>\n<div class=\"h-no-margin-bottom-for-last-child | js-event-teaser-details-level-1\"><\/div>\n<div class=\"event-teaser__price-info | text-highlight text-highlight--alternative | h-no-margin-bottom-for-last-child | js-event-teaser-details-level-1\">\n<p>&nbsp;<\/p>\n<\/div>\n<\/div>\n<div class=\"event-teaser__full-description | js-event-teaser-full-description js-event-teaser-details-level-2\">\n<p>Helene Blum &amp; Harald Haugaard pr\u00e4sentieren die 19. Nordic Christmas Tour 2025<\/p>\n<p>&nbsp;<\/p>\n<p>Weihnachten ist eine Zeit, in der man Ruhe findet und zuh\u00f6rt. Um zu h\u00f6ren, was im Leben wichtig ist. Weihnachten ist voller Traditionen, die Menschen \u00fcber Altersgrenzen hinweg verbinden und die Gegenwart mit der Vergangenheit verkn\u00fcpfen.<\/p>\n<p>&nbsp;<\/p>\n<p>Die S\u00e4ngerin Helene Blum und der Geiger Harald Haugaard holen die besondere Atmosph\u00e4re des nordischen Winters in den Konzertsaal. Ihr Programm \u201eNordic Christmas\u201c feiert mit authentischen und liebevoll ausgew\u00e4hlten St\u00fccken und Geschichten diese verhei\u00dfungsvolle<\/p>\n<p>Zeit - weihnachtliche Stimmung und Klanggenuss auf h\u00f6chstem Niveau.<\/p>\n<p>&nbsp;<\/p>\n<p>Gekonnt erz\u00e4hlen das d\u00e4nische Musikerpaar und seine wechselnden G\u00e4ste von den kleinen Momenten, und zwischen den Noten sieht das Publikum die Spuren im Schnee, h\u00f6rt die Kobolde kichern, Rentiere klappern. Die Zeit scheint still zu stehen - bis der n\u00e4chste Trommelwirbel ert\u00f6nt und ein munterer Tanz beginnt...<\/p>\n<p>&nbsp;<\/p>\n<p>Helene Blum und Harald Haugaard geh\u00f6ren zu den gefragtesten d\u00e4nischen Namen des Modern Nordic Folk. Ihr ausgepr\u00e4gtes Gesp\u00fcr f\u00fcr ber\u00fchrende Melodien, ihre Vielseitigkeit und musikalische Tiefe zeigen sie in eigenen Kompositionen und mit zeitgem\u00e4\u00dfen Arrangements traditioneller St\u00fccke. Schwindlig schnelle Rhythmen oder zart schwebende Kl\u00e4nge, beides findet scheinbar m\u00fchelos zueinander. Haugaards virtuoses Violinspiel und der elegante Sound der Band umh\u00fcllen den hellen, klaren Gesang von Helene Blum dabei wunderbar stimmig \u2013 Musik, die zum Nachdenken, Tanzen und Feiern einl\u00e4dt.<\/p>\n<p>&nbsp;<\/p>\n<p>In diesem Jahr ist das Ensemble internationaler denn je und ein langgehegter Traum geht in Erf\u00fcllung: Zum ersten Mal wird eine norwegische Hardangerfiddlerin Teil des Ensembles sein - Geigen-Virtuosin und S\u00e4ngerin Tiril Eirunn Einarsdotter, eine beeindruckende junge Musikerin mit kraftvoller Ausstrahlung und feinem Gesp\u00fcr f\u00fcr nordische Klangwelten.<\/p>\n<p>Aus Schweden kommt einer der gro\u00dfen Namen der nordischen Folkszene - Oskar Reuter, Gitarrist der Spitzenklasse und bekannt aus zahlreichen Projekten, insbesondere der Powerfolk-Band SVER. Sein Spiel vereint lyrische Feinf\u00fchligkeit mit rhythmischer Tiefe und bringt das musikalische Fundament zum Grooven.<\/p>\n<p>&nbsp;<\/p>\n<p>Komplettiert wird das hochkar\u00e4tige Line-Up, das drei nordische L\u00e4nder vereint, durch die d\u00e4nische Cellistin Kirstine Elise Pedersen und Sune Rahbek am Schlagwerk \u2013 beide langj\u00e4hrige Mitglieder des Blum-Haugaard-Ensembles.<\/p>\n<p>&nbsp;<\/p>\n<p>Nordic Christmas 2025 ist mehr als ein Konzert: Es ist eine musikalische Reise durch skandinavische Weihnachtsgeschichten, alte Lieder, neue Kompositionen und instrumentale Klanglandschaften \u2013 mal still und nachdenklich, mal lebendig und voller Lebensfreude. In einer Zeit, in der der Wunsch nach Frieden und Verbundenheit besonders stark ist, bietet dieses Konzert einen besonderen Ort zum Innehalten und Zusammenkommen.<\/p>\n<p>&nbsp;<\/p>\n<p>Nordic Christmas 2025 \u2013 nordisch. festlich. ber\u00fchrend.<\/p>\n<p>Alle sind eingeladen!<\/p>\n<\/div>","protected":false},"excerpt":{"rendered":"<p class=\"h-color-highlight-primary h-no-margin-bottom\">Nordic Christmas 2025 ist mehr als ein Konzert: Es ist eine musikalische Reise durch skandinavische Weihnachtsgeschichten, alte Lieder, neue Kompositionen und instrumentale Klanglandschaften \u2013 mal still und nachdenklich, mal lebendig und voller Lebensfreude. Jetzt Tickets sichern!<\/p>","protected":false},"featured_media":55820,"template":"","meta":{"_acf_changed":false,"inline_featured_image":false},"product_brand":[],"product_cat":[31,345,69,86,931,35,6749,21,58,6581],"product_tag":[941,956,3020,5712,942,943,3397,5713,944,947,948,2048],"class_list":{"0":"post-41925","1":"product","2":"type-product","3":"status-publish","4":"has-post-thumbnail","6":"product_cat-events","7":"product_cat-gewandhaus","8":"product_cat-konzert","9":"product_cat-leipzig","10":"product_cat-mendelssohn-saal","11":"product_cat-orte","12":"product_cat-sonstiges_konzert","13":"product_cat-ticket","14":"product_cat-veranstaltung","15":"product_cat-weihnachten","16":"product_tag-events","17":"product_tag-gewandhaus","18":"product_tag-gewandhaus-mendelssohn-saal","19":"product_tag-helene-blum-harald-haugaard-band-mit-gaesten-aus-norwegen-schweden","20":"product_tag-konzert","21":"product_tag-leipzig","22":"product_tag-mendelssohn-saal","23":"product_tag-nordic-christmas","24":"product_tag-orte","25":"product_tag-ticket","26":"product_tag-veranstaltung","27":"product_tag-weihnachten","28":"product_shipping_class-nur_paketversand","29":"pa_discount-ermaessigt","30":"pa_discount-normalpreis","31":"pa_preiskategorie-pk-i","32":"pa_preiskategorie-pk-ii","33":"pa_preiskategorie-pk-iii","35":"first","36":"instock","37":"taxable","38":"shipping-taxable","39":"purchasable","40":"product-type-variable"},"group_of_quantity":0,"min_quantity":0,"max_quantity":"","exclude_order_quantity_value_rules":"no","exclude_category_quantity_rules":"no","combine_variations":"no","acf":[],"_links":{"self":[{"href":"https:\/\/arena-ticket.com\/en\/wp-json\/wp\/v2\/product\/41925","targetHints":{"allow":["GET"]}}],"collection":[{"href":"https:\/\/arena-ticket.com\/en\/wp-json\/wp\/v2\/product"}],"about":[{"href":"https:\/\/arena-ticket.com\/en\/wp-json\/wp\/v2\/types\/product"}],"wp:featuredmedia":[{"embeddable":true,"href":"https:\/\/arena-ticket.com\/en\/wp-json\/wp\/v2\/media\/55820"}],"wp:attachment":[{"href":"https:\/\/arena-ticket.com\/en\/wp-json\/wp\/v2\/media?parent=41925"}],"wp:term":[{"taxonomy":"product_brand","embeddable":true,"href":"https:\/\/arena-ticket.com\/en\/wp-json\/wp\/v2\/product_brand?post=41925"},{"taxonomy":"product_cat","embeddable":true,"href":"https:\/\/arena-ticket.com\/en\/wp-json\/wp\/v2\/product_cat?post=41925"},{"taxonomy":"product_tag","embeddable":true,"href":"https:\/\/arena-ticket.com\/en\/wp-json\/wp\/v2\/product_tag?post=41925"}],"curies":[{"name":"wp","href":"https:\/\/api.w.org\/{rel}","templated":true}]}}