{"id":42080,"date":"2025-06-03T10:39:54","date_gmt":"2025-06-03T08:39:54","guid":{"rendered":"https:\/\/arena-ticket.com\/?p=42080&#038;post_type=product&#038;preview_id=42080"},"modified":"2025-08-20T15:20:05","modified_gmt":"2025-08-20T13:20:05","slug":"humorzone-matthias-ludwig-spagat-dresden-filmtheater-schauburg-11-03-2026-2000-uhr","status":"publish","type":"product","link":"https:\/\/arena-ticket.com\/en\/product\/humorzone-matthias-ludwig-spagat-dresden-filmtheater-schauburg-11-03-2026-2000-uhr\/","title":{"rendered":"Matthias Ludwig - Spagat"},"content":{"rendered":"<p>&nbsp;<\/p>\n<p>In seinem ersten Soloprogramm \u201eSpagat\u201c balanciert Matthias Ludwig geschickt zwischen widerspr\u00fcchlichen Perspektiven, allt\u00e4glichen Absurdit\u00e4ten und provokanten Gedanken.<\/p>\n<p>Dabei macht er weder vor Gott noch vor der G\u00fcrtellinie halt. Das kann weh tun, aber f\u00fcr einen Spagat muss man eben an Grenzen gehen. Wer genau hinschaut, erkennt, dass auch hinter den b\u00f6sen Witzen mehr steckt als nur Provokation. Am Ende geht es um die Suche nach Wahrheit. Und wenn es nicht so ein Klischee w\u00e4re, vielleicht sogar\u2026 Liebe?<\/p>\n<p>Matthias' Weg auf die B\u00fchne begann als Akrobat, bevor er sich als Schauspieler und Stand-up-Comedian einen Namen machte. Er war bereits Gast in Felix Lobrechts Downstairs Comedy Club, stand auf den B\u00fchnen des Comedy Clash und \u00fcberzeugte beim Hamburger Comedy Pokal.<\/p>","protected":false},"excerpt":{"rendered":"<p>Jetzt schon Tickets f\u00fcr diesen Abend sichern!<\/p>","protected":false},"featured_media":42082,"template":"","meta":{"_acf_changed":false,"inline_featured_image":false},"product_brand":[],"product_cat":[6725,87,31,401,95,35,21,58],"product_tag":[954,940,941,2783,5718,944,958,5719,947,948],"class_list":{"0":"post-42080","1":"product","2":"type-product","3":"status-publish","4":"has-post-thumbnail","6":"product_cat-comedy","7":"product_cat-dresden","8":"product_cat-events","9":"product_cat-filmtheater-schauburg","10":"product_cat-humor","11":"product_cat-orte","12":"product_cat-ticket","13":"product_cat-veranstaltung","14":"product_tag-comedy","15":"product_tag-dresden","16":"product_tag-events","17":"product_tag-filmtheater-schauburg","18":"product_tag-matthias-ludwig","19":"product_tag-orte","20":"product_tag-show","21":"product_tag-spagat","22":"product_tag-ticket","23":"product_tag-veranstaltung","24":"product_shipping_class-nur_paketversand","25":"pa_discount-normalpreis","26":"pa_preiskategorie-freie-platzwahl","28":"first","29":"instock","30":"taxable","31":"shipping-taxable","32":"purchasable","33":"product-type-variable"},"group_of_quantity":0,"min_quantity":0,"max_quantity":"","exclude_order_quantity_value_rules":"no","exclude_category_quantity_rules":"no","combine_variations":"no","acf":[],"_links":{"self":[{"href":"https:\/\/arena-ticket.com\/en\/wp-json\/wp\/v2\/product\/42080","targetHints":{"allow":["GET"]}}],"collection":[{"href":"https:\/\/arena-ticket.com\/en\/wp-json\/wp\/v2\/product"}],"about":[{"href":"https:\/\/arena-ticket.com\/en\/wp-json\/wp\/v2\/types\/product"}],"wp:featuredmedia":[{"embeddable":true,"href":"https:\/\/arena-ticket.com\/en\/wp-json\/wp\/v2\/media\/42082"}],"wp:attachment":[{"href":"https:\/\/arena-ticket.com\/en\/wp-json\/wp\/v2\/media?parent=42080"}],"wp:term":[{"taxonomy":"product_brand","embeddable":true,"href":"https:\/\/arena-ticket.com\/en\/wp-json\/wp\/v2\/product_brand?post=42080"},{"taxonomy":"product_cat","embeddable":true,"href":"https:\/\/arena-ticket.com\/en\/wp-json\/wp\/v2\/product_cat?post=42080"},{"taxonomy":"product_tag","embeddable":true,"href":"https:\/\/arena-ticket.com\/en\/wp-json\/wp\/v2\/product_tag?post=42080"}],"curies":[{"name":"wp","href":"https:\/\/api.w.org\/{rel}","templated":true}]}}