{"id":42090,"date":"2025-06-03T11:54:55","date_gmt":"2025-06-03T09:54:55","guid":{"rendered":"https:\/\/arena-ticket.com\/?p=42090&#038;post_type=product&#038;preview_id=42090"},"modified":"2025-06-03T13:19:19","modified_gmt":"2025-06-03T11:19:19","slug":"sting-3-0-tour-zwickau-platz-der-voelkerfreundschaft-12-06-2025-2000-uhr","status":"publish","type":"product","link":"https:\/\/arena-ticket.com\/en\/product\/sting-3-0-tour-zwickau-platz-der-voelkerfreundschaft-12-06-2025-2000-uhr\/","title":{"rendered":"Sting  - 3.0 Tour"},"content":{"rendered":"<p><b>\u201eSTING 3.0\u201d-Tour<\/b><\/p>\n<p>Mit den 3 K\u00fcnstlern:<br \/>\nSting \u2013 Gesang, Bass<br \/>\nDominic Miller \u2013 Gitarre<br \/>\nChris Maas \u2013 Schlagzeug<\/p>\n<p>Im Juni live in Hannover, Heilbronn, M\u00f6nchengladbach, Rostock, Zwickau und Kiel<\/p>\n<p>Der 17-fache GRAMMY-Preistr\u00e4ger Sting sorgt mit dem Start seiner \u201eSTING 3.0\u201c-Tour, pr\u00e4sentiert von Cherrytree Music Company und Live Nation, wieder einmal f\u00fcr Furore. Zusammen mit dem virtuosen Gitarristen und langj\u00e4hrigen Mitarbeiter Dominic Miller und dem dynamischen Schlagzeuger Chris Maas (Mumford &amp; Sons, Maggie Rogers) wird Sting die gr\u00f6\u00dften Hits aus seiner zeitlosen Diskografie an mehreren Abenden in einigen der legend\u00e4rsten Konzerthallen in ganz Nordamerika darbieten.<\/p>\n<p>Die \u201eSTING 3.0\u201c-Tour hatte ihren Auftakt am 17. September im Fillmore in Detroit, MI, gefolgt von einer speziellen Reihe von Konzerten in ganz Nordamerika und macht im Juni Halt f\u00fcr sechs Konzerte auch in Deutschland.<\/p>\n<p>Bekannt f\u00fcr seine bahnbrechende Arbeit als Solok\u00fcnstler sowie als Frontmann und Songwriter der Band The Police, hat Sting w\u00e4hrend seiner illustren Karriere immer wieder die Grenzen der musikalischen Innovation \u00fcberschritten. Die \u201eSTING 3.0\u201c-Tour stellt eine neue dynamische \u00c4ra dar, in der er Ausschnitte aus seinem umfangreichen Katalog durch die eindringliche Linse einer engen dreik\u00f6pfigen Combo pr\u00e4sentiert und sich von seinem neuen Song \u201eI Wrote Your Name (Upon My Heart)\u201c inspirieren l\u00e4sst, der vom vierfachen Grammy-Preistr\u00e4ger Robert Orton abgemischt wurde und am 5. September bei Cherrytree Music Company\/Interscope Records ver\u00f6ffentlicht wurde.<\/p>\n<p><b>\u00dcBER STING:<\/b>\u00a0In seiner herausragenden Karriere hat Sting, der in die Rock and Roll Hall of Fame aufgenommen wurde, 17 GRAMMY Awards\u00ae erhalten und weltweit 100 Millionen Alben verkauft, sowohl als einer der profiliertesten Solok\u00fcnstler der Welt als auch als ehemaliger Frontmann von The Police. Als Komponist, Singer-Songwriter, Schauspieler, Autor und Aktivist wurde Sting au\u00dferdem mit einem Golden Globe, vier Oscar-Nominierungen, einer Tony-Nominierung, dem Century Award des Billboard Magazine und den Kennedy Center Honors ausgezeichnet.<\/p>\n<p>Stings Unterst\u00fctzung f\u00fcr Menschenrechtsorganisationen wie den Rainforest Fund, Amnesty International und Live Aid spiegelt seine Kunst in ihrer universellen Reichweite wider. Zusammen mit seiner Frau Trudie Styler gr\u00fcndete Sting 1989 den Rainforest Fund, um die Regenw\u00e4lder der Welt und die dort lebenden indigenen V\u00f6lker zu sch\u00fctzen.<\/p>","protected":false},"excerpt":{"rendered":"<p>Secure your tickets!<\/p>","protected":false},"featured_media":42092,"template":"","meta":{"_acf_changed":false,"inline_featured_image":false},"product_brand":[],"product_cat":[31,69,35,5720,6733,21,58,4432],"product_tag":[5726,941,942,944,5727,1275,947,948,4440],"class_list":{"0":"post-42090","1":"product","2":"type-product","3":"status-publish","4":"has-post-thumbnail","6":"product_cat-events","7":"product_cat-konzert","8":"product_cat-orte","9":"product_cat-platz-der-voelkerfreundschaft","10":"product_cat-pop","11":"product_cat-ticket","12":"product_cat-veranstaltung","13":"product_cat-zwickau","14":"product_tag-3-0-tour","15":"product_tag-events","16":"product_tag-konzert","17":"product_tag-orte","18":"product_tag-platz-der-voelkerfreundschaft","19":"product_tag-sting","20":"product_tag-ticket","21":"product_tag-veranstaltung","22":"product_tag-zwickau","23":"product_shipping_class-nur_paketversand","24":"pa_discount-normalpreis","25":"pa_preiskategorie-stehplatz","27":"first","28":"instock","29":"taxable","30":"shipping-taxable","31":"purchasable","32":"product-type-variable","33":"has-default-attributes"},"group_of_quantity":0,"min_quantity":0,"max_quantity":"","exclude_order_quantity_value_rules":"no","exclude_category_quantity_rules":"no","combine_variations":"no","acf":[],"_links":{"self":[{"href":"https:\/\/arena-ticket.com\/en\/wp-json\/wp\/v2\/product\/42090","targetHints":{"allow":["GET"]}}],"collection":[{"href":"https:\/\/arena-ticket.com\/en\/wp-json\/wp\/v2\/product"}],"about":[{"href":"https:\/\/arena-ticket.com\/en\/wp-json\/wp\/v2\/types\/product"}],"wp:featuredmedia":[{"embeddable":true,"href":"https:\/\/arena-ticket.com\/en\/wp-json\/wp\/v2\/media\/42092"}],"wp:attachment":[{"href":"https:\/\/arena-ticket.com\/en\/wp-json\/wp\/v2\/media?parent=42090"}],"wp:term":[{"taxonomy":"product_brand","embeddable":true,"href":"https:\/\/arena-ticket.com\/en\/wp-json\/wp\/v2\/product_brand?post=42090"},{"taxonomy":"product_cat","embeddable":true,"href":"https:\/\/arena-ticket.com\/en\/wp-json\/wp\/v2\/product_cat?post=42090"},{"taxonomy":"product_tag","embeddable":true,"href":"https:\/\/arena-ticket.com\/en\/wp-json\/wp\/v2\/product_tag?post=42090"}],"curies":[{"name":"wp","href":"https:\/\/api.w.org\/{rel}","templated":true}]}}