{"id":42095,"date":"2025-06-03T12:01:27","date_gmt":"2025-06-03T10:01:27","guid":{"rendered":"https:\/\/arena-ticket.com\/?p=42095&#038;post_type=product&#038;preview_id=42095"},"modified":"2025-08-15T15:20:56","modified_gmt":"2025-08-15T13:20:56","slug":"oliver-polak-comedy-club-tour-2025-blauer-salon-leipziger-central-kabarett-15-10-2025-20-00-uhr","status":"publish","type":"product","link":"https:\/\/arena-ticket.com\/en\/product\/oliver-polak-comedy-club-tour-2025-blauer-salon-leipziger-central-kabarett-15-10-2025-20-00-uhr\/","title":{"rendered":"Oliver Polak  - COMEDY Club Tour 2025"},"content":{"rendered":"<section class=\"c-full c-inner c-narrow\" data-c=\"stageteasertext\" data-qa=\"stageteasertext-component\">\n<div class=\"container\">\n<div class=\"external-content no-margin\">\n<div class=\"u-position-relative js-moretext-wrapper\">\n<div class=\"moretext js-moretext expanded\" data-qa=\"readMoreText\">\n<div class=\"moretext-teaser\"><\/div>\n<\/div>\n<div class=\"link moretext-toggle\">\n<p>Oliver Polak, Der Heizstrahler der deutschen Comedy (DER SPIEGEL) ist zur\u00fcck: Ab dem 15. Oktober l\u00e4dt er in zw\u00f6lf St\u00e4dten zu seinem neuen Live-Programm \u201eCOMEDY\u201c ein, bei dem h\u00f6chstwahrscheinlich, aber nie zuf\u00e4llig Grenzen ausgelotet werden \u2013 wohl auch die des guten Geschmacks. Als Wegbereiter des kompromisslosen amerikanischen Comedy-Stils hat Polak die deutsche Stand-Up-Szene nicht nur nachhaltig gepr\u00e4gt und ver\u00e4ndert, sondern wachger\u00fcttelt \u2013 sich radikal \u00f6ffnend, tiefgr\u00fcndig und mit Haltung. Nach Touren durch Europa und Auftritten in New York &amp; L.A. beweist er mit seiner neuen Show COMEDY, dass Humor nicht nur befreien, sondern vor allem verbinden kann. Kein Witz ist h\u00e4rter als die Realit\u00e4t \u2013 unter diesem Motto bringt er das Publikum zum Lachen, Nachdenken, Schlucken \u2013 und Weiterlachen. Aber was ist eigentlich Comedy? Die Antwort liegt wohl irgendwo zwischen Kant und Katzen-TikToks. Und wer entscheidet denn, was lustig ist? Das Publikum? Die Kritik? Die Katze, die dir eine tote Maus aufs Kopfkissen legt und dabei denkt: \u201eBittesch\u00f6n, dein Fr\u00fchst\u00fcck\u201c? Oder vielleicht Oliver Polak \u2013 der Mann, der sich fragt: Wie beerdigt man seinen Hund... und danach seine Tante? Spoiler: Nicht in derselben Kiste.<\/p>\n<p>Mit seinem neuen Programm \u201eCOMEDY\u201c zerlegt Oliver Polak die Wirklichkeit in ihre Einzelteile \u2013 und setzt sie wieder zusammen wie ein IKEA-Regal, dem ein paar Schrauben fehlen. Und genau deshalb ist es vielleicht stabiler als so manche Seele. Es geht um alles. Und nichts. Um Sinn, Wahnsinn, den Irrsinn des Alltags. Die emotionale\u00a0Verwahrlosung einer Gesellschaft, die glaubt, Iron Dome sei eine YouPorn Kategorie oder ein Marvel Held. Ein Programm wie ein Faustschlag mit Pointe. Provokant. Ber\u00fchrend. Unvergesslich. Oliver Polak ist zur\u00fcck. Und er meint es ernst mit dem Lachen.<\/p>\n<p>\u201eCOMEDY\u201c \u2013 In einer Zeit voller Emp\u00f6rung und Selbstzensur bringt Oliver Polak ein Stand-Up-Programm, das nicht gefallen will, sondern trifft. Vor allem ihn selbst.<\/p>\n<\/div>\n<\/div>\n<\/div>\n<\/div>\n<\/section>\n<section class=\"c container\" data-c=\"eviwidget\" data-qa=\"evi-widget\">\n<div class=\"js-evi-wrapper theme-element-border evi-wrapper\">\n<div class=\"js-evi-box\">\n<div id=\"evi-widget-rule-11e8fcb5-8a5e-aaee-e6eb-996adb054c48\" class=\"evi-widget evi-widget evi-widget-type-ticket-alarm-single\"><\/div>\n<\/div>\n<\/div>\n<\/section>","protected":false},"excerpt":{"rendered":"<div class=\"stage-abstract-text stage-content-text-item hidden-xs\">\n<p class=\"artwork-abstract\">\n<\/div>\n<p>\u201eCOMEDY\u201c \u2013 In einer Zeit voller Emp\u00f6rung und Selbstzensur bringt Oliver Polak ein Stand-Up-Programm, das nicht gefallen will, sondern trifft. Vor allem ihn selbst. Jetzt Tickets hier sichern!<\/p>","protected":false},"featured_media":42099,"template":"","meta":{"_acf_changed":false,"inline_featured_image":false},"product_brand":[],"product_cat":[379,6725,31,95,86,35,21,58],"product_tag":[965,954,5725,941,951,943,5724,958,947,948],"class_list":{"0":"post-42095","1":"product","2":"type-product","3":"status-publish","4":"has-post-thumbnail","6":"product_cat-central-kabarett","7":"product_cat-comedy","8":"product_cat-events","9":"product_cat-humor","10":"product_cat-leipzig","11":"product_cat-orte","12":"product_cat-ticket","13":"product_cat-veranstaltung","14":"product_tag-central-kabarett","15":"product_tag-comedy","16":"product_tag-comedy-club-tour-2025","17":"product_tag-events","18":"product_tag-kultur","19":"product_tag-leipzig","20":"product_tag-oliver-polak","21":"product_tag-show","22":"product_tag-ticket","23":"product_tag-veranstaltung","24":"product_shipping_class-nur_paketversand","25":"pa_discount-normalpreis","26":"pa_preiskategorie-freie-platzwahl","28":"first","29":"instock","30":"taxable","31":"shipping-taxable","32":"purchasable","33":"product-type-variable"},"group_of_quantity":0,"min_quantity":0,"max_quantity":"","exclude_order_quantity_value_rules":"no","exclude_category_quantity_rules":"no","combine_variations":"no","acf":[],"_links":{"self":[{"href":"https:\/\/arena-ticket.com\/en\/wp-json\/wp\/v2\/product\/42095","targetHints":{"allow":["GET"]}}],"collection":[{"href":"https:\/\/arena-ticket.com\/en\/wp-json\/wp\/v2\/product"}],"about":[{"href":"https:\/\/arena-ticket.com\/en\/wp-json\/wp\/v2\/types\/product"}],"wp:featuredmedia":[{"embeddable":true,"href":"https:\/\/arena-ticket.com\/en\/wp-json\/wp\/v2\/media\/42099"}],"wp:attachment":[{"href":"https:\/\/arena-ticket.com\/en\/wp-json\/wp\/v2\/media?parent=42095"}],"wp:term":[{"taxonomy":"product_brand","embeddable":true,"href":"https:\/\/arena-ticket.com\/en\/wp-json\/wp\/v2\/product_brand?post=42095"},{"taxonomy":"product_cat","embeddable":true,"href":"https:\/\/arena-ticket.com\/en\/wp-json\/wp\/v2\/product_cat?post=42095"},{"taxonomy":"product_tag","embeddable":true,"href":"https:\/\/arena-ticket.com\/en\/wp-json\/wp\/v2\/product_tag?post=42095"}],"curies":[{"name":"wp","href":"https:\/\/api.w.org\/{rel}","templated":true}]}}