{"id":42102,"date":"2025-06-03T12:33:46","date_gmt":"2025-06-03T10:33:46","guid":{"rendered":"https:\/\/arena-ticket.com\/?p=42102&#038;post_type=product&#038;preview_id=42102"},"modified":"2026-01-03T10:10:07","modified_gmt":"2026-01-03T09:10:07","slug":"ramon-roselly-live-mit-band-das-grosse-livekonzert-2026-der-zirkus-meines-lebens-zwickau-platz-der-voelkerfreundschaft-09-01-2026-1900-uhr","status":"publish","type":"product","link":"https:\/\/arena-ticket.com\/en\/product\/ramon-roselly-live-mit-band-das-grosse-livekonzert-2026-der-zirkus-meines-lebens-zwickau-platz-der-voelkerfreundschaft-09-01-2026-1900-uhr\/","title":{"rendered":"Ramon Roselly: Live mit Band  - Das gro\u00dfe Livekonzert 2026 - Der Zirkus meines Lebens!"},"content":{"rendered":"<p>Nach dem unglaublichen Erfolg und der tollen Resonanz auf seinem Livekonzert \u201eDER ZIRKUS MEINES LEBENS!\u201c, ist es endlich wieder so weit: Ramon Roselly kehrt zur\u00fcck in die Manege des SACHSENPALAST!<\/p>\n<p>Freut euch auf einen unvergesslichen Abend in famili\u00e4rer Zirkus-Atmosph\u00e4re, mit einer Mischung aus brandneuen Hits und vertrauten, emotionalen Klassikern und spektakul\u00e4rer Artistik! Ihr werdet ihn wieder 2,5 Stunden hautnah erleben und k\u00f6nnt euch auf jede Menge Emotionen und G\u00e4nsehautmomente freuen.<\/p>\n<p>Seid dabei, wenn Ramon Roselly die B\u00fchne erneut erobert und euch mit seiner einzigartigen Stimme und seiner herzlichen Art verzaubert. Dies wird ein Abend, der euch garantiert noch lange im Herzen begleiten wird!<\/p>\n<p>&nbsp;<\/p>","protected":false},"excerpt":{"rendered":"<p>RAMON ROSELLY kehrt zur\u00fcck in die Manege des SACHSENPALAST im Herzen der Stadt Zwickau! Freut euch auf eine Fortsetzung seiner Show \"DER ZIRKUS MEINES LEBENS!\u201c<\/p>","protected":false},"featured_media":62152,"template":"","meta":{"_acf_changed":false,"inline_featured_image":false},"product_brand":[],"product_cat":[31,69,35,5720,6734,21,58,4432],"product_tag":[5731,941,942,944,5727,5730,947,948,4440],"class_list":{"0":"post-42102","1":"product","2":"type-product","3":"status-publish","4":"has-post-thumbnail","6":"product_cat-events","7":"product_cat-konzert","8":"product_cat-orte","9":"product_cat-platz-der-voelkerfreundschaft","10":"product_cat-schlager","11":"product_cat-ticket","12":"product_cat-veranstaltung","13":"product_cat-zwickau","14":"product_tag-das-grosse-livekonzert-2026-der-zirkus-meines-lebens","15":"product_tag-events","16":"product_tag-konzert","17":"product_tag-orte","18":"product_tag-platz-der-voelkerfreundschaft","19":"product_tag-ramon-roselly-live-mit-band","20":"product_tag-ticket","21":"product_tag-veranstaltung","22":"product_tag-zwickau","23":"product_shipping_class-nur_paketversand","24":"pa_discount-normalpreis","25":"pa_preiskategorie-pk-i","26":"pa_preiskategorie-pk-ii","27":"pa_preiskategorie-pk-iii","28":"pa_preiskategorie-pk-iv","29":"pa_preiskategorie-pk-v","31":"first","32":"outofstock","33":"taxable","34":"shipping-taxable","35":"purchasable","36":"product-type-variable","37":"has-default-attributes"},"group_of_quantity":0,"min_quantity":0,"max_quantity":"","exclude_order_quantity_value_rules":"no","exclude_category_quantity_rules":"no","combine_variations":"no","acf":[],"_links":{"self":[{"href":"https:\/\/arena-ticket.com\/en\/wp-json\/wp\/v2\/product\/42102","targetHints":{"allow":["GET"]}}],"collection":[{"href":"https:\/\/arena-ticket.com\/en\/wp-json\/wp\/v2\/product"}],"about":[{"href":"https:\/\/arena-ticket.com\/en\/wp-json\/wp\/v2\/types\/product"}],"wp:featuredmedia":[{"embeddable":true,"href":"https:\/\/arena-ticket.com\/en\/wp-json\/wp\/v2\/media\/62152"}],"wp:attachment":[{"href":"https:\/\/arena-ticket.com\/en\/wp-json\/wp\/v2\/media?parent=42102"}],"wp:term":[{"taxonomy":"product_brand","embeddable":true,"href":"https:\/\/arena-ticket.com\/en\/wp-json\/wp\/v2\/product_brand?post=42102"},{"taxonomy":"product_cat","embeddable":true,"href":"https:\/\/arena-ticket.com\/en\/wp-json\/wp\/v2\/product_cat?post=42102"},{"taxonomy":"product_tag","embeddable":true,"href":"https:\/\/arena-ticket.com\/en\/wp-json\/wp\/v2\/product_tag?post=42102"}],"curies":[{"name":"wp","href":"https:\/\/api.w.org\/{rel}","templated":true}]}}