{"id":42114,"date":"2025-06-03T13:16:49","date_gmt":"2025-06-03T11:16:49","guid":{"rendered":"https:\/\/arena-ticket.com\/?p=42114&#038;post_type=product&#038;preview_id=42114"},"modified":"2025-08-22T17:26:29","modified_gmt":"2025-08-22T15:26:29","slug":"pa69-xxl-sie-werden-so-schnell-gross-tour-taeubchenthal-leipzig-12-11-2025-2000-uhr","status":"publish","type":"product","link":"https:\/\/arena-ticket.com\/en\/product\/pa69-xxl-sie-werden-so-schnell-gross-tour-taeubchenthal-leipzig-12-11-2025-2000-uhr\/","title":{"rendered":"PA69 XXL  - \"SIE WERDEN SO SCHNELL GROSS!\" Tour"},"content":{"rendered":"<p>&nbsp;<\/p>\n<article class=\"vt:bg-black vt:text-white\">\n<section class=\"my-10 md:my-14\">\n<div class=\"relative max-h-full overflow-hidden transition-all duration-500\">\n<div class=\"space-y-8\">\n<div class=\"panel panel-grid\">\n<div class=\"col-span-full md:col-span-10 md:col-start-2 lg:col-span-8 lg:col-start-3\">\n<div class=\"prose xl:text-md text-black vt:text-white\">\n<p>PA69 \u2013 man spricht das \u201cPA\u201d englisch und das \u201c69\u201d deutsch \u2013 sind eine Rap-Formation aus Berlin. \u00dcber die Identit\u00e4t der drei rosa maskierten Rapper DJ DOPE, Rabatto und Turbogianni ist wenig bis \u00fcberhaupt nichts bekannt. Als gesichert gilt das Aufwachsen im Speckg\u00fcrtel Berlins und in der nordostdeutschen Provinz. Weitere Ger\u00fcchte hinsichtlich der Identit\u00e4t der drei Mitglieder (Basketball-Jugendtrainer, Kampftaucher, Guide-Michelin-Koch, Hochzeits-DJ, Doktor der Rechte oder Freestyle-King) und der Bedeutung des K\u00fcrzels PA69 lassen sich nicht zweifelsfrei best\u00e4tigen.<\/p>\n<p>Ihr erstes Tape, das \u201eTape Nr. Zwei\u201c, ver\u00f6ffentlichten PA69 bereits im Jahr 2020. Kurz darauf wird \u201eKingmische\u201c zum ersten veritablen Underground-Hit. Auf die ersten Konzerte auf Goa-Open-Airs und in Berliner Kneipenkellern folgt nach dem Release von \u201cBiertornado\u201d 2023 eine eigene Tour in ausverkauften Clubs. In ihrer Heimatstadt Berlin spielten PA69 Anfang 2024 im ausverkauften SO36, gefolgt von einer ausverkauften Show im Astra Kulturhaus am Ende des Jahres; ein weiteres Konzert in der Columbiahalle ist bereits angek\u00fcndigt. Mittlerweile ziehen PA69 aber auch weit \u00fcber die Berliner Stadtgrenzen hinweg ein \u00e4u\u00dferst diverses Publikum an und spielten mehrere, ausverkaufte Tourneen und auf Festivals wie dem Splash!, der Fusion, dem Spektrum, dem Pangea oder dem Dockville. Sprich: So langsam kommt niemand mehr an dem Ph\u00e4nomen PA69 vorbei.<\/p>\n<p>Dass die Personen hinter PA69 so schwer zu fassen sind, gibt den drei Rappern die ungeheure Freiheit, m\u00fchelos in die verschiedensten Rollen zu schl\u00fcpfen. Textlich wird hier mit Antistyles und abseitigen Referenzwelten gearbeitet, je skurriler desto besser. W\u00e4hrend es also bei anderen Akteuren in der Musikszene um Coolness, H\u00e4rte und Reichtum geht, geben sich die Rapper betont uncool. PA69 kokettieren gerade mit dem, worauf andere absch\u00e4tzig schauen: das Leben in der Provinz, Fingerboards, gef\u00e4lschte Luxus-Uhren oder Supermarkt-Treuepunkte. Kurzum: PA69 sind Meister der \u201eironisch-dadaistische Verdrehung\u201c (Alex Barbian).<\/p>\n<p>PA69 transportieren in ihrem euphorisch-parolenhaften Rap aber auch ein berauscht-hedonistisches Lebensgef\u00fchl und lassen sich damit dem Kosmos des Berliner \u201eAtzen-Raps\u201c zuordnen. Dabei sind die Einfl\u00fcsse bestimmter, insbesondere Berliner, Rap-Gr\u00f6\u00dfen nicht zu \u00fcberh\u00f6ren \u2013 man f\u00fchlt sich immer wieder an das K.I.Z Promo-Album, DJ Reckless, Corus86 oder die Atzen beziehungsweise Frauenarzt und Manny Marc erinnert. Textlich treten PA69 aber nie nach unten. Punchlines richten sich \u2013 anders als noch immer im deutschen Rap \u00fcblich \u2013 weder gegen Frauen noch gegen Minderheiten. PA69 testen zwar das Risiko, missverstanden zu werden, spielerisch aus. W\u00e4hrend des Bundestagswahlkampfes 2025 wurden die drei Rapper jedoch ungewohnt deutlich und brachten \u201cPartywut und subtile politische Botschaft\u201d (ZEIT Online) auf dem Anti-AfD-Song \u201cKomplett Blau\u201d zusammen.<\/p>\n<p>Live liefern PA69 dabei eine besondere, energiegeladene Show. Immer mit von der Partie: ein Animateur in Sonnenkost\u00fcm, Anheizer und Vort\u00e4nzer in einer Person, sorgsam arrangierte Intros aus popkulturellen Versatzst\u00fccken und der mittlerweile nicht mehr wegzudenkende \u201cBiertornado\u201d-Circle-Pit. Mit dieser Show gehen PA69 Ende 2025 auf gro\u00dfe XXL-Tour durch Deutschland.<\/p>\n<\/div>\n<\/div>\n<\/div>\n<\/div>\n<\/div>\n<\/section>\n<section class=\"mod-purple mt-16 lg:mt-24 vt:mod-orange text-black select-none\">\n<div class=\"bg-[color:var(--primary-color)] py-12 overflow-hidden\">\n<div class=\"panel\">\n<div class=\"flex justify-between md:items-end mb-6 md:mb-8\"><\/div>\n<div class=\"swiper-initialized swiper-horizontal swiper-pointer-events swiper-backface-hidden\">\n<div class=\"swiper-wrapper\">\n<div class=\"swiper-slide swiper-slide-active\">\n<div class=\"text-center\">\n<div class=\" cursor-pointer group rounded-full transition duration-75 uppercase whitespace-nowrap inline-flex items-center justify-center leading-tight font-medium text-xs py-3 px-5 xl:text-sm xl:py-3.5 xl:px-6 bg-[color:var(--secondary-color)] text-[color:var(--primary-color)] hover:text-white \"><\/div>\n<\/div>\n<\/div>\n<div class=\"swiper-slide swiper-slide-next\">\n<div class=\"relative aspect-w-4 aspect-h-5 overflow-hidden\"><\/div>\n<\/div>\n<div class=\"swiper-slide\">\n<div class=\"relative aspect-w-4 aspect-h-5 overflow-hidden\">\n<div class=\"absolute z-10 top-0 w-full h-full transition duration-500 bg-[color:var(--primary-color)] opacity-0 md:group-hover:scale-105 md:group-hover:opacity-100\"><\/div>\n<\/div>\n<div class=\"mt-4 mb-4 md:mt-6 text-center text-sm\"><\/div>\n<\/div>\n<div class=\"swiper-slide\">\n<div class=\"relative aspect-w-4 aspect-h-5 overflow-hidden\">\n<div class=\"absolute z-10 top-0 w-full h-full transition duration-500 bg-[color:var(--primary-color)] opacity-0 md:group-hover:scale-105 md:group-hover:opacity-100\"><\/div>\n<\/div>\n<div class=\"mt-4 mb-4 md:mt-6 text-center text-sm\"><\/div>\n<\/div>\n<div class=\"swiper-slide\">\n<div class=\"text-center\">\n<div class=\" cursor-pointer group rounded-full transition duration-75 uppercase whitespace-nowrap inline-flex items-center justify-center leading-tight font-medium text-xs py-3 px-5 xl:text-sm xl:py-3.5 xl:px-6 bg-[color:var(--secondary-color)] text-[color:var(--primary-color)] hover:text-white \"><\/div>\n<\/div>\n<\/div>\n<div class=\"swiper-slide\">\n<div class=\"relative aspect-w-4 aspect-h-5 overflow-hidden\"><\/div>\n<div class=\"text-center\">\n<div class=\" cursor-pointer group rounded-full transition duration-75 uppercase whitespace-nowrap inline-flex items-center justify-center leading-tight font-medium text-xs py-3 px-5 xl:text-sm xl:py-3.5 xl:px-6 bg-[color:var(--secondary-color)] text-[color:var(--primary-color)] hover:text-white \"><\/div>\n<\/div>\n<\/div>\n<div class=\"swiper-slide\">\n<div class=\"relative aspect-w-4 aspect-h-5 overflow-hidden\">\n<figure class=\" h-full w-full flex flex-col justify-center\"><\/figure>\n<div class=\"absolute z-10 top-0 w-full h-full transition duration-500 bg-[color:var(--primary-color)] opacity-0 md:group-hover:scale-105 md:group-hover:opacity-100\"><\/div>\n<\/div>\n<div class=\"mt-4 mb-4 md:mt-6 text-center text-sm\"><\/div>\n<\/div>\n<div class=\"swiper-slide\">\n<div class=\"relative aspect-w-4 aspect-h-5 overflow-hidden\">\n<div class=\"absolute z-10 top-0 w-full h-full transition duration-500 bg-[color:var(--primary-color)] opacity-0 md:group-hover:scale-105 md:group-hover:opacity-100\"><\/div>\n<\/div>\n<div class=\"mt-4 mb-4 md:mt-6 text-center text-sm\"><\/div>\n<div class=\"text-center\">\n<div class=\" cursor-pointer group rounded-full transition duration-75 uppercase whitespace-nowrap inline-flex items-center justify-center leading-tight font-medium text-xs py-3 px-5 xl:text-sm xl:py-3.5 xl:px-6 bg-[color:var(--secondary-color)] text-[color:var(--primary-color)] hover:text-white \"><\/div>\n<\/div>\n<\/div>\n<div class=\"swiper-slide\">\n<div class=\"relative aspect-w-4 aspect-h-5 overflow-hidden\"><\/div>\n<div class=\"text-center\">\n<div class=\" cursor-pointer group rounded-full transition duration-75 uppercase whitespace-nowrap inline-flex items-center justify-center leading-tight font-medium text-xs py-3 px-5 xl:text-sm xl:py-3.5 xl:px-6 bg-[color:var(--secondary-color)] text-[color:var(--primary-color)] hover:text-white \"><\/div>\n<\/div>\n<\/div>\n<\/div>\n<\/div>\n<\/div>\n<\/div>\n<\/section>\n<\/article>\n<p>&nbsp;<\/p>\n<aside>\n<div><\/div>\n<\/aside>\n<footer class=\"bg-black text-white py-12\">\n<div class=\"panel panel-grid\">\n<div class=\"col-span-full 2md:col-span-4 flex flex-col 2md:justify-between h-full\">\n<div class=\"flex space-x-6\"><\/div>\n<\/div>\n<div class=\"mt-12 2md:mt-0 2md:col-start-7 col-span-full 2md:col-span-6\">\n<div><\/div>\n<\/div>\n<\/div>\n<\/footer>\n","protected":false},"excerpt":{"rendered":"<p>Jetzt Tickets f\u00fcr das Konzert im T\u00e4ubchenthal sichern!<\/p>","protected":false},"featured_media":42118,"template":"","meta":{"_acf_changed":false,"inline_featured_image":false},"product_brand":[],"product_cat":[31,6737,69,86,35,499,21,58],"product_tag":[5735,941,942,943,944,5734,967,947,948],"class_list":{"0":"post-42114","1":"product","2":"type-product","3":"status-publish","4":"has-post-thumbnail","6":"product_cat-events","7":"product_cat-hip-hop-rnb","8":"product_cat-konzert","9":"product_cat-leipzig","10":"product_cat-orte","11":"product_cat-taeubchenthal","12":"product_cat-ticket","13":"product_cat-veranstaltung","14":"product_tag-sie-werden-so-schnell-gross-tour","15":"product_tag-events","16":"product_tag-konzert","17":"product_tag-leipzig","18":"product_tag-orte","19":"product_tag-pa69-xxl","20":"product_tag-taeubchenthal","21":"product_tag-ticket","22":"product_tag-veranstaltung","23":"product_shipping_class-nur_paketversand","24":"pa_discount-normalpreis","25":"pa_preiskategorie-stehplatz","27":"first","28":"instock","29":"taxable","30":"shipping-taxable","31":"purchasable","32":"product-type-variable"},"group_of_quantity":0,"min_quantity":0,"max_quantity":"","exclude_order_quantity_value_rules":"no","exclude_category_quantity_rules":"no","combine_variations":"no","acf":[],"_links":{"self":[{"href":"https:\/\/arena-ticket.com\/en\/wp-json\/wp\/v2\/product\/42114","targetHints":{"allow":["GET"]}}],"collection":[{"href":"https:\/\/arena-ticket.com\/en\/wp-json\/wp\/v2\/product"}],"about":[{"href":"https:\/\/arena-ticket.com\/en\/wp-json\/wp\/v2\/types\/product"}],"wp:featuredmedia":[{"embeddable":true,"href":"https:\/\/arena-ticket.com\/en\/wp-json\/wp\/v2\/media\/42118"}],"wp:attachment":[{"href":"https:\/\/arena-ticket.com\/en\/wp-json\/wp\/v2\/media?parent=42114"}],"wp:term":[{"taxonomy":"product_brand","embeddable":true,"href":"https:\/\/arena-ticket.com\/en\/wp-json\/wp\/v2\/product_brand?post=42114"},{"taxonomy":"product_cat","embeddable":true,"href":"https:\/\/arena-ticket.com\/en\/wp-json\/wp\/v2\/product_cat?post=42114"},{"taxonomy":"product_tag","embeddable":true,"href":"https:\/\/arena-ticket.com\/en\/wp-json\/wp\/v2\/product_tag?post=42114"}],"curies":[{"name":"wp","href":"https:\/\/api.w.org\/{rel}","templated":true}]}}