{"id":42116,"date":"2025-06-03T13:16:55","date_gmt":"2025-06-03T11:16:55","guid":{"rendered":"https:\/\/arena-ticket.com\/?p=42116&#038;post_type=product&#038;preview_id=42116"},"modified":"2025-06-03T13:38:24","modified_gmt":"2025-06-03T11:38:24","slug":"die-groesste-oldieparty-sachsens-zwickau-stadthalle-zwickau-28-06-2025-1800-uhr","status":"publish","type":"product","link":"https:\/\/arena-ticket.com\/en\/product\/die-groesste-oldieparty-sachsens-zwickau-stadthalle-zwickau-28-06-2025-1800-uhr\/","title":{"rendered":"Die gr\u00f6\u00dfte Oldieparty Sachsens"},"content":{"rendered":"<p><b>Willkommen zur gr\u00f6\u00dften Oldieparty Sachsens!<\/b><\/p>\n<p>Wer tr\u00e4umt nicht gern von der guten, alten Jugendzeit?! Wir waren jung, verliebt, voller Tatendrang und wollten die Welt kennenlernen... und h\u00f6rten, sahen, liebten unsere Musikhelden, die uns auf diesem Weg begleiteten.<\/p>\n<p>Wir hatten Bravo -Starschnitte von unseren Helden an den W\u00e4nden unserer Zimmer, sahen alle Fernsehshows, in denen Sie auftraten, verpassten keine \u201eDisco\u201c mit Ilja Richter im ZDF, hatten s\u00e4mtliche Schallplatten in den Schr\u00e4nken, um sie auf unseren portablen Mono-Plattenspielern zu legen oder nahmen alle RTL Luxemburg Sendungen \u00fcber unseren portablen Mono-Kassettenrecorder auf und h\u00f6rten auf jeder (Schul) Fete deren gro\u00dfen Hits, wie \u201ePoor Boy\u201c, \u201eHouse of the rising sun\u201d, \u201eMy little Lady\u201c, \u201eNo milk today\u201c, \u201ePretty Belinda\u201c, \u201eYesterday Man\u201c, \u201eHere it comes again\u201c und viele andere, die damals um die Welt gingen.<\/p>\n<p>Diese Helden haben unser Leben begleitet, unser Leben gepr\u00e4gt! Ihre damaligen Welthits sind heute legend\u00e4r und immer noch Bestandteil jedes Radiosenders, vieler TV-(Oldie)Shows, vieler Partys.<\/p>\n<p>Lassen Sie sich verzaubern vom Sound Ihrer Jugend und verpassen Sie nicht das einmalige Konzert mit den ORIGINAL-Stars der 60er und 70er Jahre.<\/p>","protected":false},"excerpt":{"rendered":"<p>Secure your tickets!<\/p>","protected":false},"featured_media":42119,"template":"","meta":{"_acf_changed":false,"inline_featured_image":false},"product_brand":[],"product_cat":[31,69,35,6734,4710,21,58,4432],"product_tag":[5736,941,942,944,5737,947,948,4440],"class_list":{"0":"post-42116","1":"product","2":"type-product","3":"status-publish","4":"has-post-thumbnail","6":"product_cat-events","7":"product_cat-konzert","8":"product_cat-orte","9":"product_cat-schlager","10":"product_cat-sparkassen-arena-zwickau","11":"product_cat-ticket","12":"product_cat-veranstaltung","13":"product_cat-zwickau","14":"product_tag-die-groesste-oldieparty-sachsens","15":"product_tag-events","16":"product_tag-konzert","17":"product_tag-orte","18":"product_tag-stadthalle-zwickau","19":"product_tag-ticket","20":"product_tag-veranstaltung","21":"product_tag-zwickau","22":"product_shipping_class-nur_paketversand","23":"pa_discount-normalpreis","24":"pa_preiskategorie-freie-platzwahl","26":"first","27":"instock","28":"taxable","29":"shipping-taxable","30":"purchasable","31":"product-type-variable","32":"has-default-attributes"},"group_of_quantity":0,"min_quantity":0,"max_quantity":"","exclude_order_quantity_value_rules":"no","exclude_category_quantity_rules":"no","combine_variations":"no","acf":[],"_links":{"self":[{"href":"https:\/\/arena-ticket.com\/en\/wp-json\/wp\/v2\/product\/42116","targetHints":{"allow":["GET"]}}],"collection":[{"href":"https:\/\/arena-ticket.com\/en\/wp-json\/wp\/v2\/product"}],"about":[{"href":"https:\/\/arena-ticket.com\/en\/wp-json\/wp\/v2\/types\/product"}],"wp:featuredmedia":[{"embeddable":true,"href":"https:\/\/arena-ticket.com\/en\/wp-json\/wp\/v2\/media\/42119"}],"wp:attachment":[{"href":"https:\/\/arena-ticket.com\/en\/wp-json\/wp\/v2\/media?parent=42116"}],"wp:term":[{"taxonomy":"product_brand","embeddable":true,"href":"https:\/\/arena-ticket.com\/en\/wp-json\/wp\/v2\/product_brand?post=42116"},{"taxonomy":"product_cat","embeddable":true,"href":"https:\/\/arena-ticket.com\/en\/wp-json\/wp\/v2\/product_cat?post=42116"},{"taxonomy":"product_tag","embeddable":true,"href":"https:\/\/arena-ticket.com\/en\/wp-json\/wp\/v2\/product_tag?post=42116"}],"curies":[{"name":"wp","href":"https:\/\/api.w.org\/{rel}","templated":true}]}}