{"id":42124,"date":"2025-06-03T13:36:05","date_gmt":"2025-06-03T11:36:05","guid":{"rendered":"https:\/\/arena-ticket.com\/?p=42124&#038;post_type=product&#038;preview_id=42124"},"modified":"2025-06-04T13:46:04","modified_gmt":"2025-06-04T11:46:04","slug":"die-fantastischen-vier-long-player-zwickau-stadthalle-zwickau-07-09-2025-1900-uhr","status":"publish","type":"product","link":"https:\/\/arena-ticket.com\/en\/product\/die-fantastischen-vier-long-player-zwickau-stadthalle-zwickau-07-09-2025-1900-uhr\/","title":{"rendered":"Die Fantastischen Vier  - Long Player"},"content":{"rendered":"<p>\u201e25 Jahre Stadthalle Zwickau\u201c und die Geburtsstunde der \"Sparkassen-Arena Zwickau\" - Grund genug, das mit einem Super-Konzert zu feiern! Mit dem neuen Album LONG PLAYER kommen die Ikonen des Hip-Hop f\u00fcr ein au\u00dfergew\u00f6hnliches Konzert nach Zwickau. Am 07. September 2025 feiern wir geb\u00fchrend unsere Lieblingshalle, die ab exakt diesem Zeitpunkt als \u201eSparkassen-Arena Zwickau\u201c weiterhin den perfekten Rahmen f\u00fcr viel Kultur und viel Vergn\u00fcgen bieten wird.<\/p>\n<p>DIE FANTASTISCHEN VIER - LONG PLAYER -<\/p>\n<p>\u00dcber dem Pop Olymp geht morgens die strahlende Sonne auf. Kraftwerk schl\u00fcrfen gerade ihren Electric-Cafe. Die \u00c4rzte sind kurz Gassi mit Claudias Sch\u00e4ferhund. Sp\u00e4ter kommt noch HP von Scooter zum Mittagessen und bringt frischen Fisch mit. Bei den Toten Hosen gibt's heute nur belegte Brote mit Schinken, weil die Opel Gang sich mit Alex trifft. Und abends bringt dann Nina einen Spliff mit, Herbert den Alkohol, und Udo fliegt vorm Schlafengehen nochmal kurz mit einem Kometen vorbei. Und dazwischen tummeln sich die J\u00fcngsten hier oben im Pop Olymp, Die Fantastischen Vier.<\/p>\n<p>F\u00fcr sie ging die Reise hier hoch vor 35 Jahren los. \u201cIt was all a dream\u201d damals, und sie stellen sich heute manchmal die Frage, die ihre ehemaligen Four Music Artists Blumentopf einmal rappten: \u201edenk mal an die Fanta Songs, wer h\u00e4tte damals je gedacht, dass Hip-Hop so weit kommt?\u201d. Seien wir ehrlich, die Fantastischen Vier waren immer mit einem gesunden Selbstbewusstsein gesegnet. Und sie haben es wahrscheinlich damals schon gesp\u00fcrt, dass es f\u00fcr sie einen Weg hierauf gibt. Schaffe, schaffe Olymp bauen war die Devise. Und wenn sie es nicht wussten, dann wissen sie es jetzt, sicher. Deswegen rappt die Band auch auf dem Titeltrack \u201cLong Player\u201d folgende Zeilen: \u201eKommt ran, und dann kommt noch n\u00e4her, Fun kommt nicht von ungef\u00e4hr. Auf langen Wegen sieht man mehr. Von Anfang an Longplayer. Los Leute, kommt'n bisschen n\u00e4her, ein Leben lang legend\u00e4r. Gehen noch ein St\u00fcck, nehmen euch mit, bis zum Ende Long Player\u201c.<\/p>\n<p>Die Fantas sind jetzt an einem Punkt ihrer Karriere angelangt, wo Schluss ist mit der Diskussion, ob man zu alt ist oder was \u00fcberhaupt mit dem Alter ist. \u201eJetzt ist komplett Veteranenstatus angesagt\u201c, sagt Smudo und erg\u00e4nzt: \"Wir sind Pop-Dinosaurier\u201d. Und um die zu t\u00f6ten, brauchte es immerhin einen ausgewachsenen Asteroiden aus dem Weltall\u201c.<\/p>","protected":false},"excerpt":{"rendered":"<p>Secure your tickets!<\/p>","protected":false},"featured_media":42126,"template":"","meta":{"_acf_changed":false,"inline_featured_image":false},"product_brand":[],"product_cat":[31,6737,69,35,4710,21,58,4432],"product_tag":[1310,941,942,5738,944,5737,947,948,4440],"class_list":{"0":"post-42124","1":"product","2":"type-product","3":"status-publish","4":"has-post-thumbnail","6":"product_cat-events","7":"product_cat-hip-hop-rnb","8":"product_cat-konzert","9":"product_cat-orte","10":"product_cat-sparkassen-arena-zwickau","11":"product_cat-ticket","12":"product_cat-veranstaltung","13":"product_cat-zwickau","14":"product_tag-die-fantastischen-vier","15":"product_tag-events","16":"product_tag-konzert","17":"product_tag-long-player","18":"product_tag-orte","19":"product_tag-stadthalle-zwickau","20":"product_tag-ticket","21":"product_tag-veranstaltung","22":"product_tag-zwickau","23":"product_shipping_class-nur_paketversand","24":"pa_discount-normalpreis","25":"pa_preiskategorie-front-of-stage-stehplatz","26":"pa_preiskategorie-innenraum-stehplatz","27":"pa_preiskategorie-pk-iii","28":"pa_preiskategorie-pk-iv","30":"first","31":"instock","32":"taxable","33":"shipping-taxable","34":"purchasable","35":"product-type-variable","36":"has-default-attributes"},"group_of_quantity":0,"min_quantity":0,"max_quantity":"","exclude_order_quantity_value_rules":"no","exclude_category_quantity_rules":"no","combine_variations":"no","acf":[],"_links":{"self":[{"href":"https:\/\/arena-ticket.com\/en\/wp-json\/wp\/v2\/product\/42124","targetHints":{"allow":["GET"]}}],"collection":[{"href":"https:\/\/arena-ticket.com\/en\/wp-json\/wp\/v2\/product"}],"about":[{"href":"https:\/\/arena-ticket.com\/en\/wp-json\/wp\/v2\/types\/product"}],"wp:featuredmedia":[{"embeddable":true,"href":"https:\/\/arena-ticket.com\/en\/wp-json\/wp\/v2\/media\/42126"}],"wp:attachment":[{"href":"https:\/\/arena-ticket.com\/en\/wp-json\/wp\/v2\/media?parent=42124"}],"wp:term":[{"taxonomy":"product_brand","embeddable":true,"href":"https:\/\/arena-ticket.com\/en\/wp-json\/wp\/v2\/product_brand?post=42124"},{"taxonomy":"product_cat","embeddable":true,"href":"https:\/\/arena-ticket.com\/en\/wp-json\/wp\/v2\/product_cat?post=42124"},{"taxonomy":"product_tag","embeddable":true,"href":"https:\/\/arena-ticket.com\/en\/wp-json\/wp\/v2\/product_tag?post=42124"}],"curies":[{"name":"wp","href":"https:\/\/api.w.org\/{rel}","templated":true}]}}