{"id":42167,"date":"2025-06-04T09:37:08","date_gmt":"2025-06-04T07:37:08","guid":{"rendered":"https:\/\/arena-ticket.com\/?p=42167&#038;post_type=product&#038;preview_id=42167"},"modified":"2025-06-06T18:35:57","modified_gmt":"2025-06-06T16:35:57","slug":"filmnaechte-leipzig-lilo-stitch-kinotag-montag-2000-uhr-einlass-leipzig-scheibenholz-sommerkino-14-07-2025-21-30-uhr","status":"publish","type":"product","link":"https:\/\/arena-ticket.com\/en\/product\/filmnaechte-leipzig-lilo-stitch-kinotag-montag-2000-uhr-einlass-leipzig-scheibenholz-sommerkino-14-07-2025-21-30-uhr\/","title":{"rendered":"Lilo &amp; Stitch - Scheibenholz Sommerkino"},"content":{"rendered":"<p>Die sechs Jahre alte Lilo Pelekai (Maia Kealoha) lebt auf Hawaii. Was per se also erst mal nach paradiesischen Zust\u00e4nden klingt, ist f\u00fcr das M\u00e4dchen jedoch gar nicht mal so angenehm. Denn sie w\u00fcnscht sich mehr als alles andere einen besten Freund. Einsamkeit ist sowieso ein gro\u00dfes Thema bei Lilo und ihrer gerade einmal 18 Jahre alten Schwester Nani (Sydney Agudong). Denn ihre Eltern sind bereits gestorben und die beiden m\u00fcssen allein klarkommen. Pl\u00f6tzlich zu dritt im Bunde sind sie, als Lilo in Begleitung aus dem Tierheim zur\u00fcck nach Hause kommt. Sie tauscht das flauschige Wesen Stitch (Stimme im englischen Original: Chris Sanders). Niemand wei\u00df so richtig, was f\u00fcr eine Art Tier Stich eigentlich ist. Klar ist nur: Stitch ist auf Chaos aus und Lilo wird ihm nur schwer Herrin. W\u00e4hrenddessen hat Lilos Schwester ganz andere Sorgen: Ihr Job ist alles andere als sicher und das Jugendamt deshalb besonders aufmerksam, ob sie Lilo ein ordentliches Lebensumfeld schaffen kann. Doch zusammen scheinen die drei stark genug f\u00fcr jede Herausforderung des Lebens zu sein...<\/p>","protected":false},"excerpt":{"rendered":"<p>Lilo &amp; Stitch - FSK 6   | 21:30 Uhr Beginn | 20:00 Uhr Einlass         <\/p>","protected":false},"featured_media":42179,"template":"","meta":{"_acf_changed":false,"inline_featured_image":false},"product_brand":[],"product_cat":[31,400,406,6768,922,86,35,21,58],"product_tag":[941,3236,3347,951,943,5741,944,3235,947,948],"class_list":{"0":"post-42167","1":"product","2":"type-product","3":"status-publish","4":"has-post-thumbnail","6":"product_cat-events","7":"product_cat-filmnaechte-scheibenholz","8":"product_cat-galopprennbahn-scheibenholz","9":"product_cat-kino","10":"product_cat-kultur","11":"product_cat-leipzig","12":"product_cat-orte","13":"product_cat-ticket","14":"product_cat-veranstaltung","15":"product_tag-events","16":"product_tag-filmnaechte-scheibenholz","17":"product_tag-galopprennbahn-scheibenholz","18":"product_tag-kultur","19":"product_tag-leipzig","20":"product_tag-lilo-stitch","21":"product_tag-orte","22":"product_tag-scheibenholz-sommerkino","23":"product_tag-ticket","24":"product_tag-veranstaltung","25":"product_shipping_class-nur_paketversand","26":"pa_discount-kind","27":"pa_discount-normalpreis","28":"pa_preiskategorie-freie-platzwahl","30":"first","31":"instock","32":"taxable","33":"shipping-taxable","34":"purchasable","35":"product-type-variable","36":"has-default-attributes"},"group_of_quantity":0,"min_quantity":0,"max_quantity":"","exclude_order_quantity_value_rules":"no","exclude_category_quantity_rules":"no","combine_variations":"no","acf":[],"_links":{"self":[{"href":"https:\/\/arena-ticket.com\/en\/wp-json\/wp\/v2\/product\/42167","targetHints":{"allow":["GET"]}}],"collection":[{"href":"https:\/\/arena-ticket.com\/en\/wp-json\/wp\/v2\/product"}],"about":[{"href":"https:\/\/arena-ticket.com\/en\/wp-json\/wp\/v2\/types\/product"}],"wp:featuredmedia":[{"embeddable":true,"href":"https:\/\/arena-ticket.com\/en\/wp-json\/wp\/v2\/media\/42179"}],"wp:attachment":[{"href":"https:\/\/arena-ticket.com\/en\/wp-json\/wp\/v2\/media?parent=42167"}],"wp:term":[{"taxonomy":"product_brand","embeddable":true,"href":"https:\/\/arena-ticket.com\/en\/wp-json\/wp\/v2\/product_brand?post=42167"},{"taxonomy":"product_cat","embeddable":true,"href":"https:\/\/arena-ticket.com\/en\/wp-json\/wp\/v2\/product_cat?post=42167"},{"taxonomy":"product_tag","embeddable":true,"href":"https:\/\/arena-ticket.com\/en\/wp-json\/wp\/v2\/product_tag?post=42167"}],"curies":[{"name":"wp","href":"https:\/\/api.w.org\/{rel}","templated":true}]}}